{"id":926,"date":"2021-04-22T12:06:31","date_gmt":"2021-04-22T10:06:31","guid":{"rendered":"https:\/\/dev.millebuis.fr\/?page_id=926"},"modified":"2024-07-18T14:44:40","modified_gmt":"2024-07-18T12:44:40","slug":"aperitifs-flottants","status":"publish","type":"page","link":"https:\/\/dev.millebuis.fr\/en\/oenotourisme\/aperitifs-flottants\/","title":{"rendered":"Floating aperitifs"},"content":{"rendered":"<div class=\"wpb-content-wrapper\"><div class=\"vc_row wpb_row vc_row-fluid\"><div class=\"wpb_column vc_column_container vc_col-sm-12\"><div class=\"vc_column-inner\"><div class=\"wpb_wrapper\">\n\t<div class=\"wpb_text_column wpb_content_element\" >\n\t\t<div class=\"wpb_wrapper\">\n\t\t\t<h1>FLOATING APERITIFS<\/h1>\n\n\t\t<\/div>\n\t<\/div>\n\n\t<div class=\"wpb_text_column wpb_content_element\" >\n\t\t<div class=\"wpb_wrapper\">\n\t\t\t<h3>DE JUIN \u00c0 SEPTEMBRE<\/h3>\n\n\t\t<\/div>\n\t<\/div>\n<div class=\"vc_empty_space\"   style=\"height: 5px\"><span class=\"vc_empty_space_inner\"><\/span><\/div><\/div><\/div><\/div><\/div><div class=\"vc_row wpb_row vc_row-fluid vc_row-o-content-middle vc_row-flex\"><div class=\"wpb_column vc_column_container vc_col-sm-3\"><div class=\"vc_column-inner\"><div class=\"wpb_wrapper\">\n\t<div  class=\"wpb_single_image wpb_content_element vc_align_left wpb_content_element\">\n\t\t\n\t\t<figure class=\"wpb_wrapper vc_figure\">\n\t\t\t<div class=\"vc_single_image-wrapper   vc_box_border_grey\"><img loading=\"lazy\" decoding=\"async\" width=\"1080\" height=\"1080\" src=\"https:\/\/dev.millebuis.fr\/wp-content\/uploads\/2023\/04\/aperitifs-flottants-23.jpg\" class=\"vc_single_image-img attachment-full\" alt=\"\" title=\"aperitifs flottants 23\" srcset=\"https:\/\/dev.millebuis.fr\/wp-content\/uploads\/2023\/04\/aperitifs-flottants-23.jpg 1080w, https:\/\/dev.millebuis.fr\/wp-content\/uploads\/2023\/04\/aperitifs-flottants-23-300x300.jpg 300w, https:\/\/dev.millebuis.fr\/wp-content\/uploads\/2023\/04\/aperitifs-flottants-23-1024x1024.jpg 1024w, https:\/\/dev.millebuis.fr\/wp-content\/uploads\/2023\/04\/aperitifs-flottants-23-150x150.jpg 150w, https:\/\/dev.millebuis.fr\/wp-content\/uploads\/2023\/04\/aperitifs-flottants-23-768x768.jpg 768w, https:\/\/dev.millebuis.fr\/wp-content\/uploads\/2023\/04\/aperitifs-flottants-23-12x12.jpg 12w\" sizes=\"auto, (max-width: 1080px) 100vw, 1080px\" \/><\/div>\n\t\t<\/figure>\n\t<\/div>\n<\/div><\/div><\/div><div class=\"wpb_column vc_column_container vc_col-sm-9\"><div class=\"vc_column-inner\"><div class=\"wpb_wrapper\">\n\t<div class=\"wpb_text_column wpb_content_element\" >\n\t\t<div class=\"wpb_wrapper\">\n\t\t\t<h3>Embarquement pour la C\u00f4te Chalonnaise !<\/h3>\n<p>Depuis maintenant 4 ans, la Cave des Vignerons de Buxy, en partenariat avec Chalon Balade sur Sa\u00f4ne, propose des croisi\u00e8res sur des barges flottantes (pontoon boat) sur la Sa\u00f4ne.<\/p>\n<p>A 1.5-hour tasting tour aboard a pontoon boat on the Sa\u00f4ne river. One of our wine experts will join you on this aromatic journey in the open air. Enjoy the 6 wines we\u2019ve selected from our cellars along with local produce, all specially chosen for the occasion.<\/p>\n<p>D\u00e9part tous les jeudis \u00e0 19h.<\/p>\n<p>45\u20ac\/personne.<\/p>\n<p>18 years and over.<\/p>\n<p>Informations and booking: +33 (0)385 920 430 \/<a href=\"mailto:accueil@vigneronsdebuxy.fr\">accueil@vigneronsdebuxy.fr<\/a><\/p>\n\n\t\t<\/div>\n\t<\/div>\n<\/div><\/div><\/div><\/div><div class=\"vc_row wpb_row vc_row-fluid\"><div class=\"wpb_column vc_column_container vc_col-sm-4\"><div class=\"vc_column-inner\"><div class=\"wpb_wrapper\">\n\t<div  class=\"wpb_single_image wpb_content_element vc_align_center wpb_content_element\">\n\t\t\n\t\t<figure class=\"wpb_wrapper vc_figure\">\n\t\t\t<div class=\"vc_single_image-wrapper   vc_box_border_grey\"><img loading=\"lazy\" decoding=\"async\" width=\"1111\" height=\"1111\" src=\"https:\/\/dev.millebuis.fr\/wp-content\/uploads\/2021\/09\/aperitif_flottant_1.jpg\" class=\"vc_single_image-img attachment-full\" alt=\"\" title=\"aperitif_flottant_1\" srcset=\"https:\/\/dev.millebuis.fr\/wp-content\/uploads\/2021\/09\/aperitif_flottant_1.jpg 1111w, https:\/\/dev.millebuis.fr\/wp-content\/uploads\/2021\/09\/aperitif_flottant_1-300x300.jpg 300w, https:\/\/dev.millebuis.fr\/wp-content\/uploads\/2021\/09\/aperitif_flottant_1-1024x1024.jpg 1024w, https:\/\/dev.millebuis.fr\/wp-content\/uploads\/2021\/09\/aperitif_flottant_1-150x150.jpg 150w, https:\/\/dev.millebuis.fr\/wp-content\/uploads\/2021\/09\/aperitif_flottant_1-768x768.jpg 768w, https:\/\/dev.millebuis.fr\/wp-content\/uploads\/2021\/09\/aperitif_flottant_1-12x12.jpg 12w\" sizes=\"auto, (max-width: 1111px) 100vw, 1111px\" \/><\/div>\n\t\t<\/figure>\n\t<\/div>\n<\/div><\/div><\/div><div class=\"wpb_column vc_column_container vc_col-sm-4\"><div class=\"vc_column-inner\"><div class=\"wpb_wrapper\">\n\t<div  class=\"wpb_single_image wpb_content_element vc_align_center wpb_content_element\">\n\t\t\n\t\t<figure class=\"wpb_wrapper vc_figure\">\n\t\t\t<div class=\"vc_single_image-wrapper   vc_box_border_grey\"><img loading=\"lazy\" decoding=\"async\" width=\"1111\" height=\"1111\" src=\"https:\/\/dev.millebuis.fr\/wp-content\/uploads\/2021\/09\/aperitif_flottant_6.jpg\" class=\"vc_single_image-img attachment-full\" alt=\"\" title=\"aperitif_flottant_6\" srcset=\"https:\/\/dev.millebuis.fr\/wp-content\/uploads\/2021\/09\/aperitif_flottant_6.jpg 1111w, https:\/\/dev.millebuis.fr\/wp-content\/uploads\/2021\/09\/aperitif_flottant_6-300x300.jpg 300w, https:\/\/dev.millebuis.fr\/wp-content\/uploads\/2021\/09\/aperitif_flottant_6-1024x1024.jpg 1024w, https:\/\/dev.millebuis.fr\/wp-content\/uploads\/2021\/09\/aperitif_flottant_6-150x150.jpg 150w, https:\/\/dev.millebuis.fr\/wp-content\/uploads\/2021\/09\/aperitif_flottant_6-768x768.jpg 768w, https:\/\/dev.millebuis.fr\/wp-content\/uploads\/2021\/09\/aperitif_flottant_6-12x12.jpg 12w\" sizes=\"auto, (max-width: 1111px) 100vw, 1111px\" \/><\/div>\n\t\t<\/figure>\n\t<\/div>\n<\/div><\/div><\/div><div class=\"wpb_column vc_column_container vc_col-sm-4\"><div class=\"vc_column-inner\"><div class=\"wpb_wrapper\">\n\t<div  class=\"wpb_single_image wpb_content_element vc_align_left wpb_content_element\">\n\t\t\n\t\t<figure class=\"wpb_wrapper vc_figure\">\n\t\t\t<div class=\"vc_single_image-wrapper   vc_box_border_grey\"><img loading=\"lazy\" decoding=\"async\" width=\"2268\" height=\"2308\" src=\"https:\/\/dev.millebuis.fr\/wp-content\/uploads\/2022\/06\/APERITIFS-FLOTTANTS-1.jpg\" class=\"vc_single_image-img attachment-full\" alt=\"\" title=\"APERITIFS FLOTTANTS (1)\" srcset=\"https:\/\/dev.millebuis.fr\/wp-content\/uploads\/2022\/06\/APERITIFS-FLOTTANTS-1.jpg 2268w, https:\/\/dev.millebuis.fr\/wp-content\/uploads\/2022\/06\/APERITIFS-FLOTTANTS-1-295x300.jpg 295w, https:\/\/dev.millebuis.fr\/wp-content\/uploads\/2022\/06\/APERITIFS-FLOTTANTS-1-1006x1024.jpg 1006w, https:\/\/dev.millebuis.fr\/wp-content\/uploads\/2022\/06\/APERITIFS-FLOTTANTS-1-768x782.jpg 768w, https:\/\/dev.millebuis.fr\/wp-content\/uploads\/2022\/06\/APERITIFS-FLOTTANTS-1-1509x1536.jpg 1509w, https:\/\/dev.millebuis.fr\/wp-content\/uploads\/2022\/06\/APERITIFS-FLOTTANTS-1-2013x2048.jpg 2013w, https:\/\/dev.millebuis.fr\/wp-content\/uploads\/2022\/06\/APERITIFS-FLOTTANTS-1-12x12.jpg 12w\" sizes=\"auto, (max-width: 2268px) 100vw, 2268px\" \/><\/div>\n\t\t<\/figure>\n\t<\/div>\n<\/div><\/div><\/div><\/div><div class=\"vc_row wpb_row vc_row-fluid\"><div class=\"wpb_column vc_column_container vc_col-sm-12\"><div class=\"vc_column-inner\"><div class=\"wpb_wrapper\"><div class=\"vc_empty_space\"   style=\"height: 32px\"><span class=\"vc_empty_space_inner\"><\/span><\/div>\n\t<div class=\"wpb_text_column wpb_content_element\" >\n\t\t<div class=\"wpb_wrapper\">\n\t\t\t<h2 style=\"text-align: center;\"><em>\u00ab\u00a0Associer une d\u00e9gustation de vins de la C\u00f4te Chalonnaise \u00e0 une balade sur la Sa\u00f4ne, quoi de plus naturel ? La rivi\u00e8re donne son identit\u00e9 au terroir. <\/em><em>Y ajouter l&rsquo;envie d&rsquo;air et d&rsquo;espace cons\u00e9cutive au confinement, et vous avez la martingale chalonnaise de l&rsquo;\u00e9t\u00e9. <\/em><em>Les ap\u00e9ritifs flottants Millebuis, initi\u00e9 par la Cave des Vignerons de Buxy, connaissent, depuis leur lancement un succ\u00e8s ph\u00e9nom\u00e9nal\u00a0\u00bb.<\/em><\/h2>\n<p>&nbsp;<\/p>\n<h4><\/h4>\n<h4 style=\"text-align: center;\">Bourgogne Magazine &#8211; Num\u00e9ro sp\u00e9cial \u00c9t\u00e9 2020<\/h4>\n\n\t\t<\/div>\n\t<\/div>\n<\/div><\/div><\/div><\/div><div class=\"vc_row wpb_row vc_row-fluid\"><div class=\"wpb_column vc_column_container vc_col-sm-4\"><div class=\"vc_column-inner\"><div class=\"wpb_wrapper\">\n\t<div  class=\"wpb_single_image wpb_content_element vc_align_center wpb_content_element\">\n\t\t\n\t\t<figure class=\"wpb_wrapper vc_figure\">\n\t\t\t<div class=\"vc_single_image-wrapper   vc_box_border_grey\"><img loading=\"lazy\" decoding=\"async\" width=\"1111\" height=\"1111\" src=\"https:\/\/dev.millebuis.fr\/wp-content\/uploads\/2021\/09\/aperitif_flottant_3.jpg\" class=\"vc_single_image-img attachment-full\" alt=\"\" title=\"aperitif_flottant_3\" srcset=\"https:\/\/dev.millebuis.fr\/wp-content\/uploads\/2021\/09\/aperitif_flottant_3.jpg 1111w, https:\/\/dev.millebuis.fr\/wp-content\/uploads\/2021\/09\/aperitif_flottant_3-300x300.jpg 300w, https:\/\/dev.millebuis.fr\/wp-content\/uploads\/2021\/09\/aperitif_flottant_3-1024x1024.jpg 1024w, https:\/\/dev.millebuis.fr\/wp-content\/uploads\/2021\/09\/aperitif_flottant_3-150x150.jpg 150w, https:\/\/dev.millebuis.fr\/wp-content\/uploads\/2021\/09\/aperitif_flottant_3-768x768.jpg 768w, https:\/\/dev.millebuis.fr\/wp-content\/uploads\/2021\/09\/aperitif_flottant_3-12x12.jpg 12w\" sizes=\"auto, (max-width: 1111px) 100vw, 1111px\" \/><\/div>\n\t\t<\/figure>\n\t<\/div>\n<\/div><\/div><\/div><div class=\"wpb_column vc_column_container vc_col-sm-4\"><div class=\"vc_column-inner\"><div class=\"wpb_wrapper\">\n\t<div  class=\"wpb_single_image wpb_content_element vc_align_center wpb_content_element\">\n\t\t\n\t\t<figure class=\"wpb_wrapper vc_figure\">\n\t\t\t<div class=\"vc_single_image-wrapper   vc_box_border_grey\"><img loading=\"lazy\" decoding=\"async\" width=\"1111\" height=\"1111\" src=\"https:\/\/dev.millebuis.fr\/wp-content\/uploads\/2021\/09\/aperitif_flottant_5.jpg\" class=\"vc_single_image-img attachment-full\" alt=\"\" title=\"aperitif_flottant_5\" srcset=\"https:\/\/dev.millebuis.fr\/wp-content\/uploads\/2021\/09\/aperitif_flottant_5.jpg 1111w, https:\/\/dev.millebuis.fr\/wp-content\/uploads\/2021\/09\/aperitif_flottant_5-300x300.jpg 300w, https:\/\/dev.millebuis.fr\/wp-content\/uploads\/2021\/09\/aperitif_flottant_5-1024x1024.jpg 1024w, https:\/\/dev.millebuis.fr\/wp-content\/uploads\/2021\/09\/aperitif_flottant_5-150x150.jpg 150w, https:\/\/dev.millebuis.fr\/wp-content\/uploads\/2021\/09\/aperitif_flottant_5-768x768.jpg 768w, https:\/\/dev.millebuis.fr\/wp-content\/uploads\/2021\/09\/aperitif_flottant_5-12x12.jpg 12w\" sizes=\"auto, (max-width: 1111px) 100vw, 1111px\" \/><\/div>\n\t\t<\/figure>\n\t<\/div>\n<\/div><\/div><\/div><div class=\"wpb_column vc_column_container vc_col-sm-4\"><div class=\"vc_column-inner\"><div class=\"wpb_wrapper\">\n\t<div  class=\"wpb_single_image wpb_content_element vc_align_center wpb_content_element\">\n\t\t\n\t\t<figure class=\"wpb_wrapper vc_figure\">\n\t\t\t<div class=\"vc_single_image-wrapper   vc_box_border_grey\"><img loading=\"lazy\" decoding=\"async\" width=\"1111\" height=\"1111\" src=\"https:\/\/dev.millebuis.fr\/wp-content\/uploads\/2021\/09\/aperitif_flottant_2.jpg\" class=\"vc_single_image-img attachment-full\" alt=\"\" title=\"aperitif_flottant_2\" srcset=\"https:\/\/dev.millebuis.fr\/wp-content\/uploads\/2021\/09\/aperitif_flottant_2.jpg 1111w, https:\/\/dev.millebuis.fr\/wp-content\/uploads\/2021\/09\/aperitif_flottant_2-300x300.jpg 300w, https:\/\/dev.millebuis.fr\/wp-content\/uploads\/2021\/09\/aperitif_flottant_2-1024x1024.jpg 1024w, https:\/\/dev.millebuis.fr\/wp-content\/uploads\/2021\/09\/aperitif_flottant_2-150x150.jpg 150w, https:\/\/dev.millebuis.fr\/wp-content\/uploads\/2021\/09\/aperitif_flottant_2-768x768.jpg 768w, https:\/\/dev.millebuis.fr\/wp-content\/uploads\/2021\/09\/aperitif_flottant_2-12x12.jpg 12w\" sizes=\"auto, (max-width: 1111px) 100vw, 1111px\" \/><\/div>\n\t\t<\/figure>\n\t<\/div>\n<\/div><\/div><\/div><\/div><div class=\"vc_row wpb_row vc_row-fluid\"><div class=\"wpb_column vc_column_container vc_col-sm-12\"><div class=\"vc_column-inner\"><div class=\"wpb_wrapper\"><div class=\"vc_empty_space\"   style=\"height: 32px\"><span class=\"vc_empty_space_inner\"><\/span><\/div><div class=\"vc_separator wpb_content_element vc_separator_align_center vc_sep_width_100 vc_sep_pos_align_center vc_separator_no_text vc_sep_color_grey wpb_content_element  wpb_content_element\" ><span class=\"vc_sep_holder vc_sep_holder_l\"><span class=\"vc_sep_line\"><\/span><\/span><span class=\"vc_sep_holder vc_sep_holder_r\"><span class=\"vc_sep_line\"><\/span><\/span>\n<\/div><\/div><\/div><\/div><\/div><div class=\"vc_row wpb_row vc_row-fluid\"><div class=\"wpb_column vc_column_container vc_col-sm-12\"><div class=\"vc_column-inner vc_custom_1721288600657\"><div class=\"wpb_wrapper\"><h2 style=\"text-align: center;font-family:Abril Fatface;font-weight:400;font-style:normal\" class=\"vc_custom_heading vc_do_custom_heading\" >Abonnez-vous \u00e0 notre newsletter !<\/h2>\n\t<div class=\"wpb_text_column wpb_content_element\" >\n\t\t<div class=\"wpb_wrapper\">\n\t\t\t<p style=\"text-align: center;\">Une fois par mois, des bons plans, des recettes, des \u00e9v\u00e9nements\u2026<\/p>\n\n\t\t<\/div>\n\t<\/div>\n<div class=\"vc_row wpb_row vc_inner vc_row-fluid vc_custom_1713192213044\"><div class=\"wpb_column vc_column_container vc_col-sm-4\"><div class=\"vc_column-inner\"><div class=\"wpb_wrapper\"><\/div><\/div><\/div><div class=\"wpb_column vc_column_container vc_col-sm-4\"><div class=\"vc_column-inner\"><div class=\"wpb_wrapper\">\n\t<div class=\"wpb_text_column wpb_content_element\" >\n\t\t<div class=\"wpb_wrapper\">\n\t\t\t<p style=\"text-align: center;\">\n\t\t\t<form id=\"sib_signup_form_1\" method=\"post\" class=\"sib_signup_form\" action=\"\">\n\t\t\t\t<div class=\"sib_loader\" style=\"display:none;\"><img\n\t\t\t\t\t\t\tsrc=\"https:\/\/dev.millebuis.fr\/wp-includes\/images\/spinner.gif\" alt=\"loader\"><\/div>\n\t\t\t\t<input type=\"hidden\" name=\"sib_form_action\" value=\"subscribe_form_submit\">\n\t\t\t\t<input type=\"hidden\" name=\"sib_form_id\" value=\"1\">\n                <input type=\"hidden\" name=\"sib_form_alert_notice\" value=\"Remplissez ce champ s\u2019il vous pla\u00eet\">\n                <input type=\"hidden\" name=\"sib_form_invalid_email_notice\" value=\"Cette adresse email n&#039;est pas valide\">\n                <input type=\"hidden\" name=\"sib_security\" value=\"d56c80d914\">\n\t\t\t\t<div class=\"sib_signup_box_inside_1\">\n\t\t\t\t\t<div style=\"\/*display:none*\/\" class=\"sib_msg_disp\">\n\t\t\t\t\t<\/div>\n                    \t\t\t\t\t<div class=\"input-group mt-2 mb-5\">\r\n    <input type=\"email\" class=\"form-control sib-email-area\" placeholder=\"Email\" name=\"email\" required=\"required\"><div class=\"input-group-append\"> <input type=\"submit\" class=\"btn btn-primary sib-default-btn\" value=\"OK\"><\/div><\/div>\t\t\t\t<\/div>\n\t\t\t<input type=\"hidden\" name=\"trp-form-language\" value=\"en\"\/><\/form>\n\t\t\t<style>\n\t\t\t\tform#sib_signup_form_1 p.sib-alert-message {\n    padding: 6px 12px;\n    margin-bottom: 20px;\n    border: 1px solid transparent;\n    border-radius: 4px;\n    -webkit-box-sizing: border-box;\n    -moz-box-sizing: border-box;\n    box-sizing: border-box;\n}\nform#sib_signup_form_1 p.sib-alert-message-error {\n    background-color: #f2dede;\n    border-color: #ebccd1;\n    color: #a94442;\n}\nform#sib_signup_form_1 p.sib-alert-message-success {\n    background-color: #dff0d8;\n    border-color: #d6e9c6;\n    color: #3c763d;\n}\nform#sib_signup_form_1 p.sib-alert-message-warning {\n    background-color: #fcf8e3;\n    border-color: #faebcc;\n    color: #8a6d3b;\n}\n\t\t\t<\/style>\n\t\t\t<\/p>\n\n\t\t<\/div>\n\t<\/div>\n<\/div><\/div><\/div><div class=\"wpb_column vc_column_container vc_col-sm-4\"><div class=\"vc_column-inner\"><div class=\"wpb_wrapper\"><\/div><\/div><\/div><\/div><\/div><\/div><\/div><\/div>\n<\/div>","protected":false},"excerpt":{"rendered":"LES AP\u00c9RITIFS FLOTTANTS DE JUIN \u00c0 SEPTEMBRE Embarquement pour la C\u00f4te Chalonnaise ! Depuis maintenant 4 [...]","protected":false},"author":1,"featured_media":0,"parent":1076,"menu_order":0,"comment_status":"closed","ping_status":"closed","template":"","meta":{"footnotes":""},"class_list":["post-926","page","type-page","status-publish","hentry"],"yoast_head":"<!-- This site is optimized with the Yoast SEO plugin v26.2 - https:\/\/yoast.com\/wordpress\/plugins\/seo\/ -->\n<title>Les Ap\u00e9ritifs flottants - Millebuis<\/title>\n<meta name=\"description\" content=\"Les Ap\u00e9ritifs flottants - Millebuis\" \/>\n<meta name=\"robots\" content=\"index, follow, max-snippet:-1, max-image-preview:large, max-video-preview:-1\" \/>\n<link rel=\"canonical\" href=\"https:\/\/dev.millebuis.fr\/en\/oenotourisme\/aperitifs-flottants\/\" \/>\n<meta property=\"og:locale\" content=\"en_GB\" \/>\n<meta property=\"og:type\" content=\"article\" \/>\n<meta property=\"og:title\" content=\"Les Ap\u00e9ritifs flottants - Millebuis\" \/>\n<meta property=\"og:description\" content=\"Les Ap\u00e9ritifs flottants - Millebuis\" \/>\n<meta property=\"og:url\" content=\"https:\/\/dev.millebuis.fr\/en\/oenotourisme\/aperitifs-flottants\/\" \/>\n<meta property=\"og:site_name\" content=\"Millebuis\" \/>\n<meta property=\"article:modified_time\" content=\"2024-07-18T12:44:40+00:00\" \/>\n<meta name=\"twitter:card\" content=\"summary_large_image\" \/>\n<meta name=\"twitter:label1\" content=\"Estimated reading time\" \/>\n\t<meta name=\"twitter:data1\" content=\"3 minutes\" \/>\n<!-- \/ Yoast SEO plugin. -->","yoast_head_json":{"title":"Les Ap\u00e9ritifs flottants - Millebuis","description":"Les Ap\u00e9ritifs flottants - Millebuis","robots":{"index":"index","follow":"follow","max-snippet":"max-snippet:-1","max-image-preview":"max-image-preview:large","max-video-preview":"max-video-preview:-1"},"canonical":"https:\/\/dev.millebuis.fr\/en\/oenotourisme\/aperitifs-flottants\/","og_locale":"en_GB","og_type":"article","og_title":"Les Ap\u00e9ritifs flottants - Millebuis","og_description":"Les Ap\u00e9ritifs flottants - Millebuis","og_url":"https:\/\/dev.millebuis.fr\/en\/oenotourisme\/aperitifs-flottants\/","og_site_name":"Millebuis","article_modified_time":"2024-07-18T12:44:40+00:00","twitter_card":"summary_large_image","twitter_misc":{"Estimated reading time":"3 minutes"},"schema":{"@context":"https:\/\/schema.org","@graph":[{"@type":"WebPage","@id":"https:\/\/dev.millebuis.fr\/oenotourisme\/aperitifs-flottants\/","url":"https:\/\/dev.millebuis.fr\/oenotourisme\/aperitifs-flottants\/","name":"Les Ap\u00e9ritifs flottants - Millebuis","isPartOf":{"@id":"https:\/\/dev.millebuis.fr\/#website"},"datePublished":"2021-04-22T10:06:31+00:00","dateModified":"2024-07-18T12:44:40+00:00","description":"Les Ap\u00e9ritifs flottants - Millebuis","breadcrumb":{"@id":"https:\/\/dev.millebuis.fr\/oenotourisme\/aperitifs-flottants\/#breadcrumb"},"inLanguage":"en-GB","potentialAction":[{"@type":"ReadAction","target":["https:\/\/dev.millebuis.fr\/oenotourisme\/aperitifs-flottants\/"]}]},{"@type":"BreadcrumbList","@id":"https:\/\/dev.millebuis.fr\/oenotourisme\/aperitifs-flottants\/#breadcrumb","itemListElement":[{"@type":"ListItem","position":1,"name":"Accueil","item":"https:\/\/dev.millebuis.fr\/"},{"@type":"ListItem","position":2,"name":"\u0152notourisme","item":"https:\/\/dev.millebuis.fr\/oenotourisme\/"},{"@type":"ListItem","position":3,"name":"Les Ap\u00e9ritifs flottants"}]},{"@type":"WebSite","@id":"https:\/\/dev.millebuis.fr\/#website","url":"https:\/\/dev.millebuis.fr\/","name":"Millebuis","description":"Vins fins de la C\u00f4te Chalonnaise","inLanguage":"en-GB"}]}},"_links":{"self":[{"href":"https:\/\/dev.millebuis.fr\/en\/wp-json\/wp\/v2\/pages\/926","targetHints":{"allow":["GET"]}}],"collection":[{"href":"https:\/\/dev.millebuis.fr\/en\/wp-json\/wp\/v2\/pages"}],"about":[{"href":"https:\/\/dev.millebuis.fr\/en\/wp-json\/wp\/v2\/types\/page"}],"author":[{"embeddable":true,"href":"https:\/\/dev.millebuis.fr\/en\/wp-json\/wp\/v2\/users\/1"}],"replies":[{"embeddable":true,"href":"https:\/\/dev.millebuis.fr\/en\/wp-json\/wp\/v2\/comments?post=926"}],"version-history":[{"count":40,"href":"https:\/\/dev.millebuis.fr\/en\/wp-json\/wp\/v2\/pages\/926\/revisions"}],"predecessor-version":[{"id":4053,"href":"https:\/\/dev.millebuis.fr\/en\/wp-json\/wp\/v2\/pages\/926\/revisions\/4053"}],"up":[{"embeddable":true,"href":"https:\/\/dev.millebuis.fr\/en\/wp-json\/wp\/v2\/pages\/1076"}],"wp:attachment":[{"href":"https:\/\/dev.millebuis.fr\/en\/wp-json\/wp\/v2\/media?parent=926"}],"curies":[{"name":"wp","href":"https:\/\/api.w.org\/{rel}","templated":true}]}}