{"id":81,"date":"2021-03-11T14:38:42","date_gmt":"2021-03-11T13:38:42","guid":{"rendered":"https:\/\/dev.millebuis.fr\/?page_id=81"},"modified":"2021-06-11T12:03:59","modified_gmt":"2021-06-11T10:03:59","slug":"buxy-le-coeur-de-millebuis","status":"publish","type":"page","link":"https:\/\/dev.millebuis.fr\/en\/cote-chalonnaise\/buxy-le-coeur-de-millebuis\/","title":{"rendered":"Buxy, le coeur de Millebuis"},"content":{"rendered":"<div class=\"wpb-content-wrapper\"><div class=\"vc_row wpb_row vc_row-fluid\"><div class=\"wpb_column vc_column_container vc_col-sm-12\"><div class=\"vc_column-inner\"><div class=\"wpb_wrapper\"><h1 style=\"text-align: left\" class=\"vc_custom_heading vc_do_custom_heading\" >BUXY, THE HEART OF MILLEBUIS<\/h1>\n\t<div class=\"wpb_text_column wpb_content_element\" >\n\t\t<div class=\"wpb_wrapper\">\n\t\t\t<p><strong>Buxy is a welcoming and dynamic village (2,184 inhabitants in 2011) famous for its medieval \u201ccachet\u201d, its Roman style church, its quarry stone and, mostly, its fine wines (Oh\u2026 those white wines of Montagny!).<\/strong><\/p>\n<p>The village is ancient. Around 50,000 years ago Neanderthal people followed the crest of the hills to the west and occupied the cave in the village of Culles-les-Roches. According to specialists, the \"y\" that is attached to names of many surrounding villages indicates that Buxy was already a small trading place in Roman times. Located in the territory of the Aedui people, the name Buxy comes from the Latin Buxetum (planted with boxwood). For at least three centuries Buxy lived under the \"Pax Romana\", the Roman peace, as can be shown by the many Roman roads in the region. Buxy was later Christianized; its first bishop was elected in 313 in Autun. After the invasions of the early Middle Ages and the Arab incursion in 731, Buxy fell under the control of the Counts of Chalon. The Abbey of Cluny, founded in 909, had land in Jully-l\u00e8s-Buxy and the Abbey of La Fert\u00e9, founded in 1113, also had land in Neuilly (in the hamlet of Montagny) and equally in Buxy. In 1166, abuses by a Count of Chalon led Louis VII to sack the Chalonnais region. The fortifications and the hard edifice of the Buxy church date from this period. On March 14th 1471, a battle opposing thousands of Burgundians with thousands of the royal Dauphin\u00e9 troops took place at Buxy.<\/p>\n\n\t\t<\/div>\n\t<\/div>\n\n\t<div  class=\"wpb_single_image wpb_content_element vc_align_left wpb_content_element\">\n\t\t\n\t\t<figure class=\"wpb_wrapper vc_figure\">\n\t\t\t<div class=\"vc_single_image-wrapper   vc_box_border_grey\"><img loading=\"lazy\" decoding=\"async\" width=\"1920\" height=\"1280\" src=\"https:\/\/dev.millebuis.fr\/wp-content\/uploads\/2021\/06\/Millebuis_le_coeur_de_Buxy.jpg\" class=\"vc_single_image-img attachment-full\" alt=\"\" title=\"Millebuis_le_coeur_de_Buxy\" srcset=\"https:\/\/dev.millebuis.fr\/wp-content\/uploads\/2021\/06\/Millebuis_le_coeur_de_Buxy.jpg 1920w, https:\/\/dev.millebuis.fr\/wp-content\/uploads\/2021\/06\/Millebuis_le_coeur_de_Buxy-300x200.jpg 300w, https:\/\/dev.millebuis.fr\/wp-content\/uploads\/2021\/06\/Millebuis_le_coeur_de_Buxy-1024x683.jpg 1024w, https:\/\/dev.millebuis.fr\/wp-content\/uploads\/2021\/06\/Millebuis_le_coeur_de_Buxy-768x512.jpg 768w, https:\/\/dev.millebuis.fr\/wp-content\/uploads\/2021\/06\/Millebuis_le_coeur_de_Buxy-1536x1024.jpg 1536w\" sizes=\"auto, (max-width: 1920px) 100vw, 1920px\" \/><\/div>\n\t\t<\/figure>\n\t<\/div>\n<\/div><\/div><\/div><\/div>\n<\/div>","protected":false},"excerpt":{"rendered":"BUXY, LE C\u0152UR DE MILLEBUIS Buxy est un village (2 184 habitants au recensement de 2011) [...]","protected":false},"author":1,"featured_media":0,"parent":71,"menu_order":0,"comment_status":"closed","ping_status":"closed","template":"","meta":{"footnotes":""},"class_list":["post-81","page","type-page","status-publish","hentry"],"yoast_head":"<!-- This site is optimized with the Yoast SEO plugin v26.2 - https:\/\/yoast.com\/wordpress\/plugins\/seo\/ -->\n<title>Buxy, le c\u0153ur de Millebuis<\/title>\n<meta name=\"description\" content=\"Buxy est un village accueillant et dynamique, c\u00e9l\u00e8bre pour son \u201ccachet\u201d m\u00e9di\u00e9val, son \u00e9glise de style roman, sa pierre et surtout pour ses vins fins (Ah les vins blancs de Montagny !).\" \/>\n<meta name=\"robots\" content=\"index, follow, max-snippet:-1, max-image-preview:large, max-video-preview:-1\" \/>\n<link rel=\"canonical\" href=\"https:\/\/dev.millebuis.fr\/en\/cote-chalonnaise\/buxy-le-coeur-de-millebuis\/\" \/>\n<meta property=\"og:locale\" content=\"en_GB\" \/>\n<meta property=\"og:type\" content=\"article\" \/>\n<meta property=\"og:title\" content=\"Buxy, le c\u0153ur de Millebuis\" \/>\n<meta property=\"og:description\" content=\"Buxy est un village accueillant et dynamique, c\u00e9l\u00e8bre pour son \u201ccachet\u201d m\u00e9di\u00e9val, son \u00e9glise de style roman, sa pierre et surtout pour ses vins fins (Ah les vins blancs de Montagny !).\" \/>\n<meta property=\"og:url\" content=\"https:\/\/dev.millebuis.fr\/en\/cote-chalonnaise\/buxy-le-coeur-de-millebuis\/\" \/>\n<meta property=\"og:site_name\" content=\"Millebuis\" \/>\n<meta property=\"article:modified_time\" content=\"2021-06-11T10:03:59+00:00\" \/>\n<meta name=\"twitter:card\" content=\"summary_large_image\" \/>\n<meta name=\"twitter:label1\" content=\"Estimated reading time\" \/>\n\t<meta name=\"twitter:data1\" content=\"2 minutes\" \/>\n<!-- \/ Yoast SEO plugin. -->","yoast_head_json":{"title":"Buxy, the heart of Millebuis","description":"Buxy est un village accueillant et dynamique, c\u00e9l\u00e8bre pour son \u201ccachet\u201d m\u00e9di\u00e9val, son \u00e9glise de style roman, sa pierre et surtout pour ses vins fins (Ah les vins blancs de Montagny !).","robots":{"index":"index","follow":"follow","max-snippet":"max-snippet:-1","max-image-preview":"max-image-preview:large","max-video-preview":"max-video-preview:-1"},"canonical":"https:\/\/dev.millebuis.fr\/en\/cote-chalonnaise\/buxy-le-coeur-de-millebuis\/","og_locale":"en_GB","og_type":"article","og_title":"Buxy, le c\u0153ur de Millebuis","og_description":"Buxy est un village accueillant et dynamique, c\u00e9l\u00e8bre pour son \u201ccachet\u201d m\u00e9di\u00e9val, son \u00e9glise de style roman, sa pierre et surtout pour ses vins fins (Ah les vins blancs de Montagny !).","og_url":"https:\/\/dev.millebuis.fr\/en\/cote-chalonnaise\/buxy-le-coeur-de-millebuis\/","og_site_name":"Millebuis","article_modified_time":"2021-06-11T10:03:59+00:00","twitter_card":"summary_large_image","twitter_misc":{"Estimated reading time":"2 minutes"},"schema":{"@context":"https:\/\/schema.org","@graph":[{"@type":"WebPage","@id":"https:\/\/dev.millebuis.fr\/cote-chalonnaise\/buxy-le-coeur-de-millebuis\/","url":"https:\/\/dev.millebuis.fr\/cote-chalonnaise\/buxy-le-coeur-de-millebuis\/","name":"Buxy, the heart of Millebuis","isPartOf":{"@id":"https:\/\/dev.millebuis.fr\/#website"},"datePublished":"2021-03-11T13:38:42+00:00","dateModified":"2021-06-11T10:03:59+00:00","description":"Buxy est un village accueillant et dynamique, c\u00e9l\u00e8bre pour son \u201ccachet\u201d m\u00e9di\u00e9val, son \u00e9glise de style roman, sa pierre et surtout pour ses vins fins (Ah les vins blancs de Montagny !).","breadcrumb":{"@id":"https:\/\/dev.millebuis.fr\/cote-chalonnaise\/buxy-le-coeur-de-millebuis\/#breadcrumb"},"inLanguage":"en-GB","potentialAction":[{"@type":"ReadAction","target":["https:\/\/dev.millebuis.fr\/cote-chalonnaise\/buxy-le-coeur-de-millebuis\/"]}]},{"@type":"BreadcrumbList","@id":"https:\/\/dev.millebuis.fr\/cote-chalonnaise\/buxy-le-coeur-de-millebuis\/#breadcrumb","itemListElement":[{"@type":"ListItem","position":1,"name":"Accueil","item":"https:\/\/dev.millebuis.fr\/"},{"@type":"ListItem","position":2,"name":"C\u00f4te Chalonnaise","item":"https:\/\/dev.millebuis.fr\/cote-chalonnaise\/"},{"@type":"ListItem","position":3,"name":"Buxy, le coeur de Millebuis"}]},{"@type":"WebSite","@id":"https:\/\/dev.millebuis.fr\/#website","url":"https:\/\/dev.millebuis.fr\/","name":"Millebuis","description":"Vins fins de la C\u00f4te Chalonnaise","inLanguage":"en-GB"}]}},"_links":{"self":[{"href":"https:\/\/dev.millebuis.fr\/en\/wp-json\/wp\/v2\/pages\/81","targetHints":{"allow":["GET"]}}],"collection":[{"href":"https:\/\/dev.millebuis.fr\/en\/wp-json\/wp\/v2\/pages"}],"about":[{"href":"https:\/\/dev.millebuis.fr\/en\/wp-json\/wp\/v2\/types\/page"}],"author":[{"embeddable":true,"href":"https:\/\/dev.millebuis.fr\/en\/wp-json\/wp\/v2\/users\/1"}],"replies":[{"embeddable":true,"href":"https:\/\/dev.millebuis.fr\/en\/wp-json\/wp\/v2\/comments?post=81"}],"version-history":[{"count":5,"href":"https:\/\/dev.millebuis.fr\/en\/wp-json\/wp\/v2\/pages\/81\/revisions"}],"predecessor-version":[{"id":1372,"href":"https:\/\/dev.millebuis.fr\/en\/wp-json\/wp\/v2\/pages\/81\/revisions\/1372"}],"up":[{"embeddable":true,"href":"https:\/\/dev.millebuis.fr\/en\/wp-json\/wp\/v2\/pages\/71"}],"wp:attachment":[{"href":"https:\/\/dev.millebuis.fr\/en\/wp-json\/wp\/v2\/media?parent=81"}],"curies":[{"name":"wp","href":"https:\/\/api.w.org\/{rel}","templated":true}]}}