{"id":79,"date":"2021-03-11T14:38:18","date_gmt":"2021-03-11T13:38:18","guid":{"rendered":"https:\/\/dev.millebuis.fr\/?page_id=79"},"modified":"2025-08-08T11:42:59","modified_gmt":"2025-08-08T09:42:59","slug":"les-villages","status":"publish","type":"page","link":"https:\/\/dev.millebuis.fr\/en\/cote-chalonnaise\/les-villages\/","title":{"rendered":"The villages"},"content":{"rendered":"<div class=\"wpb-content-wrapper\"><div class=\"vc_row wpb_row vc_row-fluid\"><div class=\"wpb_column vc_column_container vc_col-sm-12\"><div class=\"vc_column-inner\"><div class=\"wpb_wrapper\"><h1 style=\"text-align: left\" class=\"vc_custom_heading vc_do_custom_heading\" >THE VILLAGES<\/h1>\n\t<div class=\"wpb_text_column wpb_content_element\" >\n\t\t<div class=\"wpb_wrapper\">\n\t\t\t<p>The C\u00f4te Chalonnaise can be described as an organisation of small<strong>\u201cvineyard islands\u201d<\/strong>\u00a0which are more or less separated from each other. It spreads north, from Chagny, where it meets the C\u00f4te de Beaune, to Saint-Gengoux-le-National in the south, thus touching the M\u00e2connais region. The total vineyard surface is about 4,000 hectares.<\/p>\n\n\t\t<\/div>\n\t<\/div>\n\n\t<div  class=\"wpb_single_image wpb_content_element vc_align_left wpb_content_element\">\n\t\t\n\t\t<figure class=\"wpb_wrapper vc_figure\">\n\t\t\t<div class=\"vc_single_image-wrapper   vc_box_border_grey\"><img loading=\"lazy\" decoding=\"async\" width=\"1200\" height=\"400\" src=\"https:\/\/dev.millebuis.fr\/wp-content\/uploads\/2021\/03\/Millebuis_le_village_de_Givry.jpeg\" class=\"vc_single_image-img attachment-full\" alt=\"\" title=\"Millebuis_le_village_de_Givry\" srcset=\"https:\/\/dev.millebuis.fr\/wp-content\/uploads\/2021\/03\/Millebuis_le_village_de_Givry.jpeg 1200w, https:\/\/dev.millebuis.fr\/wp-content\/uploads\/2021\/03\/Millebuis_le_village_de_Givry-300x100.jpeg 300w, https:\/\/dev.millebuis.fr\/wp-content\/uploads\/2021\/03\/Millebuis_le_village_de_Givry-1024x341.jpeg 1024w, https:\/\/dev.millebuis.fr\/wp-content\/uploads\/2021\/03\/Millebuis_le_village_de_Givry-768x256.jpeg 768w\" sizes=\"auto, (max-width: 1200px) 100vw, 1200px\" \/><\/div>\n\t\t<\/figure>\n\t<\/div>\n<h4 style=\"text-align: left\" class=\"vc_custom_heading vc_do_custom_heading\" >GIVRY<\/h4>\n\t<div class=\"wpb_text_column wpb_content_element\" >\n\t\t<div class=\"wpb_wrapper\">\n\t\t\t<p><em>Vignoble de 309 hectares : 250 hectares en vins rouges (Pinot noir) et 59 hectares en vins blancs (Chardonnay). 165 hectares en Appellation Village (124 hectares en rouges et 41 hectares en blancs) et 144 hectares en Premier Cru (126 hectares en rouges et 18 hectares en blancs).<\/em><\/p>\n<p>Givry is a place name that has the same origins as Gevrey. The oldest forms, which are Gibriacus (630) and Gebriacus (850), suggest the Gallo-Roman anthroponym \u201cgabrius\u201d from the Celtic \u201cgabros\u201d (goat) the suffix -acum indicates possession.<\/p>\n<p>In the hilly C\u00f4te Chalonnaise landscape, the vines are planted on slopes of chalky-clay soil with limestone subsoil and facing south and southeast.<\/p>\n<p>The vineyards of Givry spread across the communes of Givry, Jambles and Dracy-le-Fort.<\/p>\n<p>Claude Court\u00e9p\u00e9e and the winegrowers of the du village recount that King Henri IV chose this wine as his favourite.<\/p>\n\n\t\t<\/div>\n\t<\/div>\n<\/div><\/div><\/div><\/div><div class=\"vc_row wpb_row vc_row-fluid\"><div class=\"wpb_column vc_column_container vc_col-sm-12\"><div class=\"vc_column-inner\"><div class=\"wpb_wrapper\">\n\t<div  class=\"wpb_single_image wpb_content_element vc_align_left wpb_content_element\">\n\t\t\n\t\t<figure class=\"wpb_wrapper vc_figure\">\n\t\t\t<div class=\"vc_single_image-wrapper   vc_box_border_grey\"><img loading=\"lazy\" decoding=\"async\" width=\"1200\" height=\"400\" src=\"https:\/\/dev.millebuis.fr\/wp-content\/uploads\/2021\/03\/Millebuis_le_village_de_Mercurey.jpeg\" class=\"vc_single_image-img attachment-full\" alt=\"\" title=\"Millebuis_le_village_de_Mercurey\" srcset=\"https:\/\/dev.millebuis.fr\/wp-content\/uploads\/2021\/03\/Millebuis_le_village_de_Mercurey.jpeg 1200w, https:\/\/dev.millebuis.fr\/wp-content\/uploads\/2021\/03\/Millebuis_le_village_de_Mercurey-300x100.jpeg 300w, https:\/\/dev.millebuis.fr\/wp-content\/uploads\/2021\/03\/Millebuis_le_village_de_Mercurey-1024x341.jpeg 1024w, https:\/\/dev.millebuis.fr\/wp-content\/uploads\/2021\/03\/Millebuis_le_village_de_Mercurey-768x256.jpeg 768w\" sizes=\"auto, (max-width: 1200px) 100vw, 1200px\" \/><\/div>\n\t\t<\/figure>\n\t<\/div>\n<h4 style=\"text-align: left\" class=\"vc_custom_heading vc_do_custom_heading\" >MERCUREY<\/h4>\n\t<div class=\"wpb_text_column wpb_content_element\" >\n\t\t<div class=\"wpb_wrapper\">\n\t\t\t<p><em>Vignoble de 646 hectares : 530 hectares en vins rouges (Pinot noir) et 116 hectares en vins blancs (Chardonnay). 480 hectares en Appellation Village (385 hectares en rouges et 95 hectares en blancs) et 165 hectares en Premier Cru (145 hectares en rouges et 20 hectares en blancs).<\/em><\/p>\n<p>Mercurey was named after Mercury, the god of commerce and messenger of the gods in Roman mythology. The village was successively spelled Mercureis in 577, Mercuriacum in 885, then Mercuriacus in 942 and Mercoriacus in the eleventh<sup>th<\/sup>\u00a0century.<\/p>\n<p>Spreading across the communes of Mercurey and Saint-Martin-sous-Montaigu, Mercurey is, without a doubt, the best known of the C\u00f4te Chalonnaise wines.<\/p>\n<p>The village of Mercurey is well exposed to the midday sun, on a steep slope at the foot of a limestone ledge overlooking a transverse cut of the topography.<\/p>\n<p>Le vin offre une teinte rouge rubis et \u00e9voque la framboise, la fraise, la cerise, un fruit croquant. L\u2019\u00e2ge lui donne des accents tirant sur le sous-bois, sur des ar\u00f4mes \u00e9pic\u00e9s de tabac et de f\u00e8ves de cacao. En bouche, un vin entier, riche de corps et de fruits. Les <a href=\"https:\/\/dev.millebuis.fr\/en\/les-mots-du-vin\/#tannique\">tanins<\/a> peuvent apporter quelquefois une fermet\u00e9 min\u00e9rale dans leur prime jeunesse. Jolie <a href=\"https:\/\/dev.millebuis.fr\/en\/les-mots-du-vin\/#rond\">rondeur<\/a> charnue \u00e0 maturit\u00e9.<\/p>\n\n\t\t<\/div>\n\t<\/div>\n<\/div><\/div><\/div><\/div><div class=\"vc_row wpb_row vc_row-fluid\"><div class=\"wpb_column vc_column_container vc_col-sm-12\"><div class=\"vc_column-inner\"><div class=\"wpb_wrapper\">\n\t<div  class=\"wpb_single_image wpb_content_element vc_align_left wpb_content_element\">\n\t\t\n\t\t<figure class=\"wpb_wrapper vc_figure\">\n\t\t\t<div class=\"vc_single_image-wrapper   vc_box_border_grey\"><img loading=\"lazy\" decoding=\"async\" width=\"1200\" height=\"400\" src=\"https:\/\/dev.millebuis.fr\/wp-content\/uploads\/2021\/03\/Millebuis_le_village_de_Montagny.jpeg\" class=\"vc_single_image-img attachment-full\" alt=\"\" title=\"Millebuis_le_village_de_Montagny\" srcset=\"https:\/\/dev.millebuis.fr\/wp-content\/uploads\/2021\/03\/Millebuis_le_village_de_Montagny.jpeg 1200w, https:\/\/dev.millebuis.fr\/wp-content\/uploads\/2021\/03\/Millebuis_le_village_de_Montagny-300x100.jpeg 300w, https:\/\/dev.millebuis.fr\/wp-content\/uploads\/2021\/03\/Millebuis_le_village_de_Montagny-1024x341.jpeg 1024w, https:\/\/dev.millebuis.fr\/wp-content\/uploads\/2021\/03\/Millebuis_le_village_de_Montagny-768x256.jpeg 768w\" sizes=\"auto, (max-width: 1200px) 100vw, 1200px\" \/><\/div>\n\t\t<\/figure>\n\t<\/div>\n<h4 style=\"text-align: left\" class=\"vc_custom_heading vc_do_custom_heading\" >MONTAGNY<\/h4>\n\t<div class=\"wpb_text_column wpb_content_element\" >\n\t\t<div class=\"wpb_wrapper\">\n\t\t\t<p><em>Vignoble de 362 hectares, exclusivement en vins blancs (Chardonnay). 142 hectares en Appellation Village et 220 hectares en Premier Cru.<\/em><\/p>\n<p>The production area spreads across the villages of Montagny-l\u00e8s-Buxy, Buxy, Saint-Vallerin and Jully-l\u00e8s-Buxy.<\/p>\n<p>The \u201cMontagny\u201d appellation includes 49 Premier Cru \u201cclimats\u201d. The best known within this group are: Montcuchot, Les Co\u00e8res and Les Chaniots (or Chagnots). They are generally located in the intermediary zones of Montagny and often rise up to the top of the slopes.<\/p>\n<p>Le Montagny, exclusivement blanc, se pr\u00e9sente \u00e0 l\u2019\u0153il sous les traits classiques du Chardonnay bourguignon : limpide, dor\u00e9, discret \u00e0 reflets verts, puis bouton d\u2019or avec l\u2019\u00e2ge. Ses ar\u00f4mes habituels \u00e9voquent l\u2019acacia, l\u2019aub\u00e9pine, le ch\u00e8vrefeuille, la fleur de ronce, parfois la violette et la foug\u00e8re. Sous un angle plus vif, il s\u2019y ajoute la citronnelle et la pierre \u00e0 fusil. La noisette, le miel n\u2019\u00e9tonnent pas, ni la p\u00eache blanche, ni la poire. En bouche, un vin frais, jeune de caract\u00e8re, fringant et aimable, riche en retours d\u2019ar\u00f4mes \u00e9pic\u00e9s. La finesse du go\u00fbt, la d\u00e9licatesse s\u2019accordent avec une charpente <a href=\"https:\/\/dev.millebuis.fr\/en\/les-mots-du-vin\/#structure\">structur\u00e9e<\/a> et durable.<\/p>\n\n\t\t<\/div>\n\t<\/div>\n<\/div><\/div><\/div><\/div><div class=\"vc_row wpb_row vc_row-fluid\"><div class=\"wpb_column vc_column_container vc_col-sm-12\"><div class=\"vc_column-inner\"><div class=\"wpb_wrapper\">\n\t<div  class=\"wpb_single_image wpb_content_element vc_align_left wpb_content_element\">\n\t\t\n\t\t<figure class=\"wpb_wrapper vc_figure\">\n\t\t\t<div class=\"vc_single_image-wrapper   vc_box_border_grey\"><img loading=\"lazy\" decoding=\"async\" width=\"1200\" height=\"400\" src=\"https:\/\/dev.millebuis.fr\/wp-content\/uploads\/2021\/03\/Millebuis_le_village_de_Rully.jpeg\" class=\"vc_single_image-img attachment-full\" alt=\"\" title=\"Millebuis_le_village_de_Rully\" srcset=\"https:\/\/dev.millebuis.fr\/wp-content\/uploads\/2021\/03\/Millebuis_le_village_de_Rully.jpeg 1200w, https:\/\/dev.millebuis.fr\/wp-content\/uploads\/2021\/03\/Millebuis_le_village_de_Rully-300x100.jpeg 300w, https:\/\/dev.millebuis.fr\/wp-content\/uploads\/2021\/03\/Millebuis_le_village_de_Rully-1024x341.jpeg 1024w, https:\/\/dev.millebuis.fr\/wp-content\/uploads\/2021\/03\/Millebuis_le_village_de_Rully-768x256.jpeg 768w\" sizes=\"auto, (max-width: 1200px) 100vw, 1200px\" \/><\/div>\n\t\t<\/figure>\n\t<\/div>\n<h4 style=\"text-align: left\" class=\"vc_custom_heading vc_do_custom_heading\" >RULLY<\/h4>\n\t<div class=\"wpb_text_column wpb_content_element\" >\n\t\t<div class=\"wpb_wrapper\">\n\t\t\t<p><em>Vignoble de 366 hectares : 248 hectares en vins blancs (Chardonnay) et 118 hectares en vins rouges (Pinot noir). 268 hectares en Appellation Village (178 hectares en blancs et 90 en rouges) et 98 hectares en Premier Cru (70 hectares en blancs et 28 hectares en rouges).<\/em><\/p>\n<p>Un blanc renomm\u00e9. Dor\u00e9 \u00e0 reflets verts, bouton d\u2019or plus soutenu avec l\u2019\u00e2ge, il excelle en ar\u00f4mes de \u201cfleurs de haie\u201d comme l\u2019acacia, l\u2019aub\u00e9pine, le ch\u00e8vrefeuille, un sureau tr\u00e8s fin ou encore la violette, le citron, la p\u00eache blanche ou le silex. Le temps fait na\u00eetre le miel, le coing, les fruits secs. Au palais, il est fruit\u00e9, d\u2019un fruit vif et <a href=\"https:\/\/dev.millebuis.fr\/en\/les-mots-du-vin\/#rond\">rond<\/a>, <a href=\"https:\/\/dev.millebuis.fr\/en\/les-mots-du-vin\/#gras\">gras<\/a> et long : toute la fra\u00eecheur et le poli du marbre.<\/p>\n<p>The Rully Appellation is located in the communes of Rully and Chagny. The vineyards themselves form the outline of a bean.<\/p>\n\n\t\t<\/div>\n\t<\/div>\n<\/div><\/div><\/div><\/div><div class=\"vc_row wpb_row vc_row-fluid\"><div class=\"wpb_column vc_column_container vc_col-sm-12\"><div class=\"vc_column-inner\"><div class=\"wpb_wrapper\"><div class=\"vc_separator wpb_content_element vc_separator_align_center vc_sep_width_100 vc_sep_pos_align_center vc_separator_no_text vc_sep_color_grey wpb_content_element  wpb_content_element\" ><span class=\"vc_sep_holder vc_sep_holder_l\"><span class=\"vc_sep_line\"><\/span><\/span><span class=\"vc_sep_holder vc_sep_holder_r\"><span class=\"vc_sep_line\"><\/span><\/span>\n<\/div>\n\t<div class=\"wpb_text_column wpb_content_element content-seo\" >\n\t\t<div class=\"wpb_wrapper\">\n\t\t\t<p>Parmi les vins de Bourgogne du terroir de la C\u00f4te Chalonnaise, nous vous proposons de d\u00e9guster des vins rouges et des vins blancs \u00e9lev\u00e9s en f\u00fbts de ch\u00eane ou en cuve. La typicit\u00e9 de ces appellations d\u2019origine contr\u00f4l\u00e9e est d\u2019offrir une importante gamme aromatique avec des parfums de fruits noirs, de fleurs blanches, de fruits secs, d\u2019agrumes\u2026 Les raisins ou baies sont issus de plusieurs c\u00e9pages, essentiellement aligot\u00e9, pinot noir et chardonnay. La C\u00f4te Chalonnaise donne naissance \u00e0 de grands vins rouges qui se marient id\u00e9alement avec la viande charolaise (le village de Charolles est \u00e0 deux pas) et de grands vins blancs qui accompagneront les fromages de ch\u00e8vre AOC locaux et la volaille de Bresse, \u00e9lev\u00e9e aussi \u00e0 deux pas, de l\u2019autre c\u00f4t\u00e9 de la Sa\u00f4ne.<\/p>\n\n\t\t<\/div>\n\t<\/div>\n<\/div><\/div><\/div><\/div>\n<\/div>","protected":false},"excerpt":{"rendered":"LES VILLAGES La C\u00f4te Chalonnaise se pr\u00e9sente sous la forme d'\u00eelots de vignobles\u00a0plus ou moins s\u00e9par\u00e9s [...]","protected":false},"author":1,"featured_media":0,"parent":71,"menu_order":0,"comment_status":"closed","ping_status":"closed","template":"","meta":{"footnotes":""},"class_list":["post-79","page","type-page","status-publish","hentry"],"yoast_head":"<!-- This site is optimized with the Yoast SEO plugin v26.2 - https:\/\/yoast.com\/wordpress\/plugins\/seo\/ -->\n<title>Les villages<\/title>\n<meta name=\"description\" content=\"Les villages - Millebuis\" \/>\n<meta name=\"robots\" content=\"index, follow, max-snippet:-1, max-image-preview:large, max-video-preview:-1\" \/>\n<link rel=\"canonical\" href=\"https:\/\/dev.millebuis.fr\/en\/cote-chalonnaise\/les-villages\/\" \/>\n<meta property=\"og:locale\" content=\"en_GB\" \/>\n<meta property=\"og:type\" content=\"article\" \/>\n<meta property=\"og:title\" content=\"Les villages\" \/>\n<meta property=\"og:description\" content=\"Les villages - Millebuis\" \/>\n<meta property=\"og:url\" content=\"https:\/\/dev.millebuis.fr\/en\/cote-chalonnaise\/les-villages\/\" \/>\n<meta property=\"og:site_name\" content=\"Millebuis\" \/>\n<meta property=\"article:modified_time\" content=\"2025-08-08T09:42:59+00:00\" \/>\n<meta name=\"twitter:card\" content=\"summary_large_image\" \/>\n<meta name=\"twitter:label1\" content=\"Estimated reading time\" \/>\n\t<meta name=\"twitter:data1\" content=\"6 minutes\" \/>\n<!-- \/ Yoast SEO plugin. -->","yoast_head_json":{"title":"The villages","description":"Les villages - Millebuis","robots":{"index":"index","follow":"follow","max-snippet":"max-snippet:-1","max-image-preview":"max-image-preview:large","max-video-preview":"max-video-preview:-1"},"canonical":"https:\/\/dev.millebuis.fr\/en\/cote-chalonnaise\/les-villages\/","og_locale":"en_GB","og_type":"article","og_title":"Les villages","og_description":"Les villages - Millebuis","og_url":"https:\/\/dev.millebuis.fr\/en\/cote-chalonnaise\/les-villages\/","og_site_name":"Millebuis","article_modified_time":"2025-08-08T09:42:59+00:00","twitter_card":"summary_large_image","twitter_misc":{"Estimated reading time":"6 minutes"},"schema":{"@context":"https:\/\/schema.org","@graph":[{"@type":"WebPage","@id":"https:\/\/dev.millebuis.fr\/cote-chalonnaise\/les-villages\/","url":"https:\/\/dev.millebuis.fr\/cote-chalonnaise\/les-villages\/","name":"The villages","isPartOf":{"@id":"https:\/\/dev.millebuis.fr\/#website"},"datePublished":"2021-03-11T13:38:18+00:00","dateModified":"2025-08-08T09:42:59+00:00","description":"Les villages - Millebuis","breadcrumb":{"@id":"https:\/\/dev.millebuis.fr\/cote-chalonnaise\/les-villages\/#breadcrumb"},"inLanguage":"en-GB","potentialAction":[{"@type":"ReadAction","target":["https:\/\/dev.millebuis.fr\/cote-chalonnaise\/les-villages\/"]}]},{"@type":"BreadcrumbList","@id":"https:\/\/dev.millebuis.fr\/cote-chalonnaise\/les-villages\/#breadcrumb","itemListElement":[{"@type":"ListItem","position":1,"name":"Accueil","item":"https:\/\/dev.millebuis.fr\/"},{"@type":"ListItem","position":2,"name":"C\u00f4te Chalonnaise","item":"https:\/\/dev.millebuis.fr\/cote-chalonnaise\/"},{"@type":"ListItem","position":3,"name":"Les villages"}]},{"@type":"WebSite","@id":"https:\/\/dev.millebuis.fr\/#website","url":"https:\/\/dev.millebuis.fr\/","name":"Millebuis","description":"Vins fins de la C\u00f4te Chalonnaise","inLanguage":"en-GB"}]}},"_links":{"self":[{"href":"https:\/\/dev.millebuis.fr\/en\/wp-json\/wp\/v2\/pages\/79","targetHints":{"allow":["GET"]}}],"collection":[{"href":"https:\/\/dev.millebuis.fr\/en\/wp-json\/wp\/v2\/pages"}],"about":[{"href":"https:\/\/dev.millebuis.fr\/en\/wp-json\/wp\/v2\/types\/page"}],"author":[{"embeddable":true,"href":"https:\/\/dev.millebuis.fr\/en\/wp-json\/wp\/v2\/users\/1"}],"replies":[{"embeddable":true,"href":"https:\/\/dev.millebuis.fr\/en\/wp-json\/wp\/v2\/comments?post=79"}],"version-history":[{"count":11,"href":"https:\/\/dev.millebuis.fr\/en\/wp-json\/wp\/v2\/pages\/79\/revisions"}],"predecessor-version":[{"id":4314,"href":"https:\/\/dev.millebuis.fr\/en\/wp-json\/wp\/v2\/pages\/79\/revisions\/4314"}],"up":[{"embeddable":true,"href":"https:\/\/dev.millebuis.fr\/en\/wp-json\/wp\/v2\/pages\/71"}],"wp:attachment":[{"href":"https:\/\/dev.millebuis.fr\/en\/wp-json\/wp\/v2\/media?parent=79"}],"curies":[{"name":"wp","href":"https:\/\/api.w.org\/{rel}","templated":true}]}}