{"id":77,"date":"2021-03-11T14:37:57","date_gmt":"2021-03-11T13:37:57","guid":{"rendered":"https:\/\/dev.millebuis.fr\/?page_id=77"},"modified":"2021-05-31T13:13:37","modified_gmt":"2021-05-31T11:13:37","slug":"la-nature","status":"publish","type":"page","link":"https:\/\/dev.millebuis.fr\/en\/cote-chalonnaise\/la-nature\/","title":{"rendered":"Nature"},"content":{"rendered":"<div class=\"wpb-content-wrapper\"><div class=\"vc_row wpb_row vc_row-fluid\"><div class=\"wpb_column vc_column_container vc_col-sm-12\"><div class=\"vc_column-inner\"><div class=\"wpb_wrapper\"><h1 style=\"text-align: left\" class=\"vc_custom_heading vc_do_custom_heading\" >NATURE<\/h1>\n\t<div  class=\"wpb_single_image wpb_content_element vc_align_left wpb_content_element\">\n\t\t\n\t\t<figure class=\"wpb_wrapper vc_figure\">\n\t\t\t<div class=\"vc_single_image-wrapper   vc_box_border_grey\"><img loading=\"lazy\" decoding=\"async\" width=\"1200\" height=\"400\" src=\"https:\/\/dev.millebuis.fr\/wp-content\/uploads\/2021\/03\/millebuis-4.jpeg\" class=\"vc_single_image-img attachment-full\" alt=\"\" title=\"millebuis-4\" srcset=\"https:\/\/dev.millebuis.fr\/wp-content\/uploads\/2021\/03\/millebuis-4.jpeg 1200w, https:\/\/dev.millebuis.fr\/wp-content\/uploads\/2021\/03\/millebuis-4-300x100.jpeg 300w, https:\/\/dev.millebuis.fr\/wp-content\/uploads\/2021\/03\/millebuis-4-1024x341.jpeg 1024w, https:\/\/dev.millebuis.fr\/wp-content\/uploads\/2021\/03\/millebuis-4-768x256.jpeg 768w\" sizes=\"auto, (max-width: 1200px) 100vw, 1200px\" \/><\/div>\n\t\t<\/figure>\n\t<\/div>\n\n\t<div class=\"wpb_text_column wpb_content_element\" >\n\t\t<div class=\"wpb_wrapper\">\n\t\t\t<p><strong>Stretching from north to south along the Sa\u00f4ne valley, south of the river Dheune, from Chagny to Saint-Gengoux-le-National, the vineyards of the C\u00f4te Chalonnaise measure 30 km in length and 7km in breadth. The area curves slightly towards the southwest in its southern part and corresponds to the narrow strip of limestone hills and plateaus which form the extension of the C\u00f4te-d'Or, bordering the Sa\u00f4ne at the drop-off of the crystalline plateaus which, from the Morvan to the Charolais and onto the M\u00e2connais, indicate the continuity of the central plateau.<\/strong><\/p>\n<p>The C\u00f4te Chalonnaise vineyards, with their marked affiliation to Pinot noir and Chardonnay and with their well-identified, small village organisation, align themselves with the suite of the two famous vineyards of the C\u00f4te de Nuits and the C\u00f4te de Beaune. Thus following on and having the same plan.<\/p>\n<p>The 44 communes which constitute the vineyard area produce\u00a0<strong>red wine<\/strong>\u00a0which has the right to the general appellation \u201cBourgogne\u201d if the wine comes from the Pinot Noir variety. The wine must also meet other conditions including: yield, minimum alcohol level and cultivation methods meeting AOC standards law. Four communes have obtained a special autonomous appellation decree allowing them to add the name of a specific Climat \u2013 thus following the established practice found in the C\u00f4tes de Beaune and the C\u00f4tes de Nuits. These communes are (from north to south) Rully, Mercurey, Givry and Montagny.<\/p>\n<p>The same duality exists for the\u00a0<strong>white wines<\/strong>\u00a0: \u201cBourgogne\u201d wines are harvested in the northernmost communes of the region while in both the north and the south, Chardonnay, which is grown throughout Burgundy, gives the great wines such as and those from Meursault and Montrachet. It also produces remarkable wines in the two C\u00f4te Chalonnaise villages of Rully and Montagny. The latter is produced from the communes of Buxy and Montagny-les-Buxy which marks the southern limit of production.<\/p>\n\n\t\t<\/div>\n\t<\/div>\n\n\t<div class=\"wpb_text_column wpb_content_element\" >\n\t\t<div class=\"wpb_wrapper\">\n\t\t\t<p><strong>From Chagny to Buxy, along the road of the Grands Vins of the C\u00f4te Chalonnaise. The route changes between vineyards, heritage and nature\u2026lots of nature.<\/strong><\/p>\n\n\t\t<\/div>\n\t<\/div>\n\n\t<div class=\"wpb_text_column wpb_content_element\" >\n\t\t<div class=\"wpb_wrapper\">\n\t\t\t<p>The small winding road lined with orchards takes you to Bouzeron (\u201ca small village, a grand wine\u201d is announced on the sign as you arrive). A well-known location for lovers of Aligot\u00e9.<\/p>\n<p>After this brief detour, you continue along the main route between Aluze and Mercurey. Along the way you will pass, among others, Chassey-le-Camp, which owes its name to Neolithic culture (the \"Chass\u00e9ens\"). Aluze, a small village perched on a hill between Rully and Mercurey, is also worth visiting for its heritage and view, as the kilometres go by the vines flourish.<\/p>\n<p>Whether white or red, the Bourgogne wines of the C\u00f4te Chalonnaise are representative of their terroir. Those from the North, produced from limestone soils, are fine with supple tannins, while those from the South are firmer.<\/p>\n<p>We must again abandon the main route between Mercurey and Givry to explore the beautiful valley of Vaux. After that head towards Buxy, homeland of Millebuis.<\/p>\n\n\t\t<\/div>\n\t<\/div>\n<div class=\"vc_empty_space\"   style=\"height: 32px\"><span class=\"vc_empty_space_inner\"><\/span><\/div><div class=\"vc_separator wpb_content_element vc_separator_align_center vc_sep_width_100 vc_sep_pos_align_center vc_separator_no_text vc_sep_color_grey wpb_content_element  wpb_content_element\" ><span class=\"vc_sep_holder vc_sep_holder_l\"><span class=\"vc_sep_line\"><\/span><\/span><span class=\"vc_sep_holder vc_sep_holder_r\"><span class=\"vc_sep_line\"><\/span><\/span>\n<\/div>\n\t<div class=\"wpb_text_column wpb_content_element content-seo\" >\n\t\t<div class=\"wpb_wrapper\">\n\t\t\t<p>La C\u00f4te Chalonnaise, un terroir AOC qui appartient \u00e0 la grande Bourgogne viticole, inscrite depuis 2015 par l\u2019UNESCO au patrimoine mondial de l\u2019humanit\u00e9. \u00c0 l\u2019heure actuelle, on d\u00e9nombre 1 247 climats Bourguignons.\u00a0Pour les identifier, l\u2019administration cadastrale les nomme officiellement \u201clieux-dits\u201d. Les Bourguignons lui pr\u00e9f\u00e8rent le nom de \u201cclimat\u201d (parcelle). Dans des Clos ou sur des coteaux, les raisins issus majoritairement de chardonnay et pinot noir deviennent des vins blancs et rouges qui, apr\u00e8s les phases de fermentation lors de leur vinification, affinent leurs tannins dans nos caves \u00e0 Buxy. La Bourgogne offre des vins blancs tout en finesse et des vins rouges d&rsquo;une grande d\u00e9licatesse. Gr\u00e2ce \u00e0 l\u2019oenotourisme, en parcourant la route des vins, d\u00e9couvrez nos vieilles vignes, nos appellations r\u00e9gionales, nos villages, nos prestigieux premiers crus\u2026 Les vins de la C\u00f4te Chalonnaise sont r\u00e9put\u00e9s depuis fort longtemps, notamment gr\u00e2ce \u00e0 la typicit\u00e9 de leurs climats. Pour les amateurs, le vignoble de Bourgogne est un paradis qui donne naissance \u00e0 des ar\u00f4mes de fruits noirs, de fruits rouges pour le vin rouge et de fruits blancs pour les vins blancs. Venez go\u00fbter\u00a0!<\/p>\n\n\t\t<\/div>\n\t<\/div>\n<\/div><\/div><\/div><\/div>\n<\/div>","protected":false},"excerpt":{"rendered":"LA NATURE Le long de la vall\u00e9e de la Sa\u00f4ne, au sud de la Dheune, de [...]","protected":false},"author":1,"featured_media":0,"parent":71,"menu_order":0,"comment_status":"closed","ping_status":"closed","template":"","meta":{"footnotes":""},"class_list":["post-77","page","type-page","status-publish","hentry"],"yoast_head":"<!-- This site is optimized with the Yoast SEO plugin v26.2 - https:\/\/yoast.com\/wordpress\/plugins\/seo\/ -->\n<title>La nature<\/title>\n<meta name=\"description\" content=\"Le long de la vall\u00e9e de la Sa\u00f4ne, au sud de la Dheune, de Chagny \u00e0 Saint-Gengoux-le-National, le vignoble de la C\u00f4te Chalonnaise s&#039;\u00e9tire du nord au sud, sur 30 kilom\u00e8tres de longueur et 7 de largeur environ.\" \/>\n<meta name=\"robots\" content=\"index, follow, max-snippet:-1, max-image-preview:large, max-video-preview:-1\" \/>\n<link rel=\"canonical\" href=\"https:\/\/dev.millebuis.fr\/en\/cote-chalonnaise\/la-nature\/\" \/>\n<meta property=\"og:locale\" content=\"en_GB\" \/>\n<meta property=\"og:type\" content=\"article\" \/>\n<meta property=\"og:title\" content=\"La nature\" \/>\n<meta property=\"og:description\" content=\"Le long de la vall\u00e9e de la Sa\u00f4ne, au sud de la Dheune, de Chagny \u00e0 Saint-Gengoux-le-National, le vignoble de la C\u00f4te Chalonnaise s&#039;\u00e9tire du nord au sud, sur 30 kilom\u00e8tres de longueur et 7 de largeur environ.\" \/>\n<meta property=\"og:url\" content=\"https:\/\/dev.millebuis.fr\/en\/cote-chalonnaise\/la-nature\/\" \/>\n<meta property=\"og:site_name\" content=\"Millebuis\" \/>\n<meta property=\"article:modified_time\" content=\"2021-05-31T11:13:37+00:00\" \/>\n<meta name=\"twitter:card\" content=\"summary_large_image\" \/>\n<meta name=\"twitter:label1\" content=\"Estimated reading time\" \/>\n\t<meta name=\"twitter:data1\" content=\"4 minutes\" \/>\n<!-- \/ Yoast SEO plugin. -->","yoast_head_json":{"title":"Nature","description":"Le long de la vall\u00e9e de la Sa\u00f4ne, au sud de la Dheune, de Chagny \u00e0 Saint-Gengoux-le-National, le vignoble de la C\u00f4te Chalonnaise s'\u00e9tire du nord au sud, sur 30 kilom\u00e8tres de longueur et 7 de largeur environ.","robots":{"index":"index","follow":"follow","max-snippet":"max-snippet:-1","max-image-preview":"max-image-preview:large","max-video-preview":"max-video-preview:-1"},"canonical":"https:\/\/dev.millebuis.fr\/en\/cote-chalonnaise\/la-nature\/","og_locale":"en_GB","og_type":"article","og_title":"La nature","og_description":"Le long de la vall\u00e9e de la Sa\u00f4ne, au sud de la Dheune, de Chagny \u00e0 Saint-Gengoux-le-National, le vignoble de la C\u00f4te Chalonnaise s'\u00e9tire du nord au sud, sur 30 kilom\u00e8tres de longueur et 7 de largeur environ.","og_url":"https:\/\/dev.millebuis.fr\/en\/cote-chalonnaise\/la-nature\/","og_site_name":"Millebuis","article_modified_time":"2021-05-31T11:13:37+00:00","twitter_card":"summary_large_image","twitter_misc":{"Estimated reading time":"4 minutes"},"schema":{"@context":"https:\/\/schema.org","@graph":[{"@type":"WebPage","@id":"https:\/\/dev.millebuis.fr\/cote-chalonnaise\/la-nature\/","url":"https:\/\/dev.millebuis.fr\/cote-chalonnaise\/la-nature\/","name":"Nature","isPartOf":{"@id":"https:\/\/dev.millebuis.fr\/#website"},"datePublished":"2021-03-11T13:37:57+00:00","dateModified":"2021-05-31T11:13:37+00:00","description":"Le long de la vall\u00e9e de la Sa\u00f4ne, au sud de la Dheune, de Chagny \u00e0 Saint-Gengoux-le-National, le vignoble de la C\u00f4te Chalonnaise s'\u00e9tire du nord au sud, sur 30 kilom\u00e8tres de longueur et 7 de largeur environ.","breadcrumb":{"@id":"https:\/\/dev.millebuis.fr\/cote-chalonnaise\/la-nature\/#breadcrumb"},"inLanguage":"en-GB","potentialAction":[{"@type":"ReadAction","target":["https:\/\/dev.millebuis.fr\/cote-chalonnaise\/la-nature\/"]}]},{"@type":"BreadcrumbList","@id":"https:\/\/dev.millebuis.fr\/cote-chalonnaise\/la-nature\/#breadcrumb","itemListElement":[{"@type":"ListItem","position":1,"name":"Accueil","item":"https:\/\/dev.millebuis.fr\/"},{"@type":"ListItem","position":2,"name":"C\u00f4te Chalonnaise","item":"https:\/\/dev.millebuis.fr\/cote-chalonnaise\/"},{"@type":"ListItem","position":3,"name":"La nature"}]},{"@type":"WebSite","@id":"https:\/\/dev.millebuis.fr\/#website","url":"https:\/\/dev.millebuis.fr\/","name":"Millebuis","description":"Vins fins de la C\u00f4te Chalonnaise","inLanguage":"en-GB"}]}},"_links":{"self":[{"href":"https:\/\/dev.millebuis.fr\/en\/wp-json\/wp\/v2\/pages\/77","targetHints":{"allow":["GET"]}}],"collection":[{"href":"https:\/\/dev.millebuis.fr\/en\/wp-json\/wp\/v2\/pages"}],"about":[{"href":"https:\/\/dev.millebuis.fr\/en\/wp-json\/wp\/v2\/types\/page"}],"author":[{"embeddable":true,"href":"https:\/\/dev.millebuis.fr\/en\/wp-json\/wp\/v2\/users\/1"}],"replies":[{"embeddable":true,"href":"https:\/\/dev.millebuis.fr\/en\/wp-json\/wp\/v2\/comments?post=77"}],"version-history":[{"count":6,"href":"https:\/\/dev.millebuis.fr\/en\/wp-json\/wp\/v2\/pages\/77\/revisions"}],"predecessor-version":[{"id":1195,"href":"https:\/\/dev.millebuis.fr\/en\/wp-json\/wp\/v2\/pages\/77\/revisions\/1195"}],"up":[{"embeddable":true,"href":"https:\/\/dev.millebuis.fr\/en\/wp-json\/wp\/v2\/pages\/71"}],"wp:attachment":[{"href":"https:\/\/dev.millebuis.fr\/en\/wp-json\/wp\/v2\/media?parent=77"}],"curies":[{"name":"wp","href":"https:\/\/api.w.org\/{rel}","templated":true}]}}