{"id":63,"date":"2021-03-11T14:35:40","date_gmt":"2021-03-11T13:35:40","guid":{"rendered":"https:\/\/dev.millebuis.fr\/?page_id=63"},"modified":"2025-09-08T11:38:00","modified_gmt":"2025-09-08T09:38:00","slug":"les-valeurs","status":"publish","type":"page","link":"https:\/\/dev.millebuis.fr\/en\/vignerons\/les-valeurs\/","title":{"rendered":"The values"},"content":{"rendered":"<div class=\"wpb-content-wrapper\"><div class=\"vc_row wpb_row vc_row-fluid\"><div class=\"wpb_column vc_column_container vc_col-sm-12\"><div class=\"vc_column-inner\"><div class=\"wpb_wrapper\"><h1 style=\"text-align: left\" class=\"vc_custom_heading vc_do_custom_heading\" >THE VALUES<\/h1>\n\t<div class=\"wpb_text_column wpb_content_element\" >\n\t\t<div class=\"wpb_wrapper\">\n\t\t\t<p><strong>Covering a little more than 1,000 hectares, the vineyards cultivated by our 286 winegrower members are located within the main Communal and Regional Appellations of the C\u00f4te Chalonnaise.<\/strong><\/p>\n<p>Our winegrowers are united in their desire to achieve the following:<br \/>\n\u2022 Helping people learn about the wealth and diversity of their terroirs,<br \/>\n\u2022 maintaining the exceptional natural heritage of the C\u00f4te Chalonnaise,<br \/>\n\u2022 passing on their careful and precise methods of working the vines.<\/p>\n<p>Millebuis is the manifestation of the commitment of our winegrowers to give their best to their land and to their children. For us, the vines and the resulting wine incarnate a way of life that must be sustained with enthusiasm and boldness.<\/p>\n<p><strong>The terroirs of the C\u00f4te Chalonnaise are numerous, varied and inspire passion.<\/strong><\/p>\n\n\t\t<\/div>\n\t<\/div>\n<div class=\"vc_separator wpb_content_element vc_separator_align_center vc_sep_width_100 vc_sep_pos_align_center vc_separator_no_text vc_sep_color_grey wpb_content_element  wpb_content_element\" ><span class=\"vc_sep_holder vc_sep_holder_l\"><span class=\"vc_sep_line\"><\/span><\/span><span class=\"vc_sep_holder vc_sep_holder_r\"><span class=\"vc_sep_line\"><\/span><\/span>\n<\/div>\n\t<div  class=\"wpb_single_image wpb_content_element vc_align_left wpb_content_element\">\n\t\t<h2 class=\"wpb_heading wpb_singleimage_heading\">Consulter notre rapport RSE<\/h2>\n\t\t<figure class=\"wpb_wrapper vc_figure\">\n\t\t\t<a href=\"https:\/\/dev.millebuis.fr\/wp-content\/uploads\/2025\/09\/Rapport-RSE-2025-FR-numerique.pdf\" target=\"_blank\" class=\"vc_single_image-wrapper   vc_box_border_grey\"><img loading=\"lazy\" decoding=\"async\" width=\"587\" height=\"451\" src=\"https:\/\/dev.millebuis.fr\/wp-content\/uploads\/2025\/09\/RSE.png\" class=\"vc_single_image-img attachment-full\" alt=\"\" title=\"RSE\" srcset=\"https:\/\/dev.millebuis.fr\/wp-content\/uploads\/2025\/09\/RSE.png 587w, https:\/\/dev.millebuis.fr\/wp-content\/uploads\/2025\/09\/RSE-300x230.png 300w, https:\/\/dev.millebuis.fr\/wp-content\/uploads\/2025\/09\/RSE-16x12.png 16w\" sizes=\"auto, (max-width: 587px) 100vw, 587px\" \/><\/a>\n\t\t<\/figure>\n\t<\/div>\n<\/div><\/div><\/div><\/div><div class=\"vc_row wpb_row vc_row-fluid vc_row-o-equal-height vc_row-flex\"><div class=\"wpb_column vc_column_container vc_col-sm-2\"><div class=\"vc_column-inner\"><div class=\"wpb_wrapper\">\n\t<div  class=\"wpb_single_image wpb_content_element vc_align_center wpb_content_element\">\n\t\t\n\t\t<figure class=\"wpb_wrapper vc_figure\">\n\t\t\t<a href=\"https:\/\/vignerons-engages.com\/\" target=\"_blank\" class=\"vc_single_image-wrapper   vc_box_border_grey\"><img loading=\"lazy\" decoding=\"async\" width=\"154\" height=\"162\" src=\"https:\/\/dev.millebuis.fr\/wp-content\/uploads\/2021\/05\/label-e1621239957995.png\" class=\"vc_single_image-img attachment-full\" alt=\"\" title=\"label\" \/><\/a>\n\t\t<\/figure>\n\t<\/div>\n<\/div><\/div><\/div><div class=\"wpb_column vc_column_container vc_col-sm-10\"><div class=\"vc_column-inner\"><div class=\"wpb_wrapper\">\n\t<div class=\"wpb_text_column wpb_content_element\" >\n\t\t<div class=\"wpb_wrapper\">\n\t\t\t<p>Depuis sa cr\u00e9ation en 1931, la Cave des Vignerons de Buxy n\u2019a cess\u00e9 de rechercher la qualit\u00e9 pour l\u2019ensemble de ses appellations, gr\u00e2ce \u00e0 l\u2019engagement des hommes et \u00e0 une politique d\u2019investissements (techniques et humains) soutenue. En 1990, alors que l\u2019INAO reconna\u00eet officiellement l\u2019appellation Bourgogne C\u00f4te Chalonnaise comme AOC, la Cave des Vignerons de Buxy voit une reconnaissance \u00e0 sa qu\u00eate permanente de qualit\u00e9. Commencent alors les d\u00e9marches de certification et de labellisation. C\u2019est ainsi qu\u2019elle est certifi\u00e9e ISO 9001 depuis 2001. De m\u00eame, sa pr\u00e9occupation pour la s\u00e9curit\u00e9 alimentaire, la tra\u00e7abilit\u00e9 de ses vins et le respect de son environnement, l\u2019ont conduite \u00e0 compl\u00e9ter son syst\u00e8me qualit\u00e9. Elle est \u00e9galement certifi\u00e9e BRC (British Retail Consortium) et IFS (International Food Standard) version 6. Enfin, en 2011, la Cave s\u2019est engag\u00e9e dans la d\u00e9marche \u201cVignerons engag\u00e9s\u201d, autrefois d\u00e9nomm\u00e9e \u201cVignerons en D\u00e9veloppement Durable\u201d. Cette d\u00e9marche, b\u00e2tie sur 37 engagements, repose sur 4 piliers : l\u2019environnement, la qualit\u00e9 de la vigne au verre, le patrimoine local, le juste prix consommateur\/producteur.<\/p>\n<p><a href=\"https:\/\/vignerons-engages.com\/\" target=\"_blank\" rel=\"noopener\">https:\/\/vignerons-engages.com\/<\/a><\/p>\n\n\t\t<\/div>\n\t<\/div>\n<div class=\"vc_empty_space\"   style=\"height: 32px\"><span class=\"vc_empty_space_inner\"><\/span><\/div><\/div><\/div><\/div><\/div><div class=\"vc_row wpb_row vc_row-fluid\"><div class=\"wpb_column vc_column_container vc_col-sm-12\"><div class=\"vc_column-inner\"><div class=\"wpb_wrapper\"><h2 style=\"text-align: center;font-family:Abril Fatface;font-weight:400;font-style:normal\" class=\"vc_custom_heading vc_do_custom_heading\" >NOS VIGNERONS S'ENGAGENT POUR L'ENVIRONNEMENT...<\/h2><div class=\"vc_empty_space\"   style=\"height: 32px\"><span class=\"vc_empty_space_inner\"><\/span><\/div><\/div><\/div><\/div><\/div><div class=\"vc_row wpb_row vc_row-fluid\"><div class=\"wpb_column vc_column_container vc_col-sm-6\"><div class=\"vc_column-inner\"><div class=\"wpb_wrapper\">\n\t<div  class=\"wpb_single_image wpb_content_element vc_align_center wpb_content_element\">\n\t\t\n\t\t<figure class=\"wpb_wrapper vc_figure\">\n\t\t\t<div class=\"vc_single_image-wrapper   vc_box_border_grey\"><img loading=\"lazy\" decoding=\"async\" width=\"400\" height=\"600\" src=\"https:\/\/dev.millebuis.fr\/wp-content\/uploads\/2022\/03\/stephane-thevenot-portrait.jpg\" class=\"vc_single_image-img attachment-full\" alt=\"\" title=\"stephane thevenot portrait\" srcset=\"https:\/\/dev.millebuis.fr\/wp-content\/uploads\/2022\/03\/stephane-thevenot-portrait.jpg 400w, https:\/\/dev.millebuis.fr\/wp-content\/uploads\/2022\/03\/stephane-thevenot-portrait-200x300.jpg 200w, https:\/\/dev.millebuis.fr\/wp-content\/uploads\/2022\/03\/stephane-thevenot-portrait-8x12.jpg 8w\" sizes=\"auto, (max-width: 400px) 100vw, 400px\" \/><\/div>\n\t\t<\/figure>\n\t<\/div>\n\n\t<div class=\"wpb_text_column wpb_content_element\" >\n\t\t<div class=\"wpb_wrapper\">\n\t\t\t<h3 style=\"text-align: center;\">St\u00e9phane Thevenot<\/h3>\n<p style=\"text-align: center;\"><em>Vigneron de la cave \u00e0 Saules,<br \/>\nstagiaire au conseil d&rsquo;administration depuis 2021<br \/>\n<\/em><\/p>\n\n\t\t<\/div>\n\t<\/div>\n\n\t<div class=\"wpb_text_column wpb_content_element\" >\n\t\t<div class=\"wpb_wrapper\">\n\t\t\t<h3 style=\"text-align: center;\"><span style=\"color: #c33e4b;\">&amp; <\/span><\/h3>\n<h3 style=\"text-align: center;\"><span style=\"color: #c33e4b;\">LES OUTILS D&rsquo;AIDE \u00c0 LA D\u00c9CISION<\/span><\/h3>\n<p>&nbsp;<\/p>\n<p>Le domaine des Demi-Hottes a fait partie du groupe 30\u00a0000 port\u00e9 par la cave du mill\u00e9sime 2018 au mill\u00e9sime 2021. Dans ce cadre, un de ses terroirs a \u00e9t\u00e9 \u00e9quip\u00e9 d\u2019une station m\u00e9t\u00e9o connect\u00e9e \u00e0 des OAD mildiou et o\u00efdium. Fort de son utilisation, il a d\u00e9cid\u00e9 de p\u00e9renniser cette utilisation afin d\u2019avoir un support solide dans la gestion de ses traitements phytosanitaires, en particulier sur les parcelles sensibles.<\/p>\n<p><em>Un groupe 30 000, quesaco ?<br \/>\n<\/em>C\u2019est un collectif d\u2019agriculteurs qui avancent ensemble dans la transition vers l\u2019agro\u00e9cologie \u00e0 bas niveau de produits phytopharmaceutiques afin de passer du stade exp\u00e9rimental \u00e0 une application concr\u00e8te \u00e0 grande \u00e9chelle.<\/p>\n<p><em>Les AOD, quesaco ?<br \/>\n<\/em>Les Outil d\u2019Aide \u00e0 la D\u00e9cision\u00a0visent \u00e0 faciliter l&rsquo;int\u00e9gration et l\u2019analyse de donn\u00e9es multiples pour d\u00e9terminer la strat\u00e9gie la mieux adapt\u00e9e pour la protection des vignes tout au long de l\u2019ann\u00e9e.<\/p>\n\n\t\t<\/div>\n\t<\/div>\n<\/div><\/div><\/div><div class=\"wpb_column vc_column_container vc_col-sm-6\"><div class=\"vc_column-inner\"><div class=\"wpb_wrapper\">\n\t<div  class=\"wpb_single_image wpb_content_element vc_align_center wpb_content_element\">\n\t\t\n\t\t<figure class=\"wpb_wrapper vc_figure\">\n\t\t\t<div class=\"vc_single_image-wrapper   vc_box_border_grey\"><img loading=\"lazy\" decoding=\"async\" width=\"400\" height=\"600\" src=\"https:\/\/dev.millebuis.fr\/wp-content\/uploads\/2022\/03\/famille-caillot-portrait.jpg\" class=\"vc_single_image-img attachment-full\" alt=\"\" title=\"famille caillot portrait\" srcset=\"https:\/\/dev.millebuis.fr\/wp-content\/uploads\/2022\/03\/famille-caillot-portrait.jpg 400w, https:\/\/dev.millebuis.fr\/wp-content\/uploads\/2022\/03\/famille-caillot-portrait-200x300.jpg 200w, https:\/\/dev.millebuis.fr\/wp-content\/uploads\/2022\/03\/famille-caillot-portrait-8x12.jpg 8w\" sizes=\"auto, (max-width: 400px) 100vw, 400px\" \/><\/div>\n\t\t<\/figure>\n\t<\/div>\n\n\t<div class=\"wpb_text_column wpb_content_element\" >\n\t\t<div class=\"wpb_wrapper\">\n\t\t\t<h3 style=\"text-align: center;\">J\u00e9r\u00f4me et Vincent Caillot<\/h3>\n<p style=\"text-align: center;\"><em>Vignerons de la cave \u00e0 Saint-Vallerin,<br \/>\n<\/em><em>Vincent est administrateur de la cave depuis 2016<br \/>\n<\/em><\/p>\n\n\t\t<\/div>\n\t<\/div>\n\n\t<div class=\"wpb_text_column wpb_content_element\" >\n\t\t<div class=\"wpb_wrapper\">\n\t\t\t<h3 style=\"text-align: center;\"><span style=\"color: #c33e4b;\">&amp; <\/span><\/h3>\n<h3 style=\"text-align: center;\"><span style=\"color: #c33e4b;\">LES COUVERTS V\u00c9G\u00c9TAUX<\/span><\/h3>\n<p>&nbsp;<\/p>\n<p>Le domaine Caillot a toujours \u00e9t\u00e9 pr\u00e9curseur et curieux dans la gestion de l\u2019entretien du sol.<\/p>\n<p>En 2019, il se lance dans les engrais verts et commence par semer un m\u00e9lange de Vesce velue, de Tr\u00e8fles et de Seigles fourragers.<\/p>\n<p>Objectifs : enrichissement du sol en azote et forte production de biomasse. Tout \u00e7a pour la diversit\u00e9 et la biodiversit\u00e9 !<\/p>\n<p>Prochaine \u00e9tape d\u00e9sir\u00e9e par le domaine : rejoindre le projet Stratag\u00e8me port\u00e9 par le BIVB et essayer l\u2019hydromulching\u2026<\/p>\n\n\t\t<\/div>\n\t<\/div>\n<\/div><\/div><\/div><\/div><div class=\"vc_row wpb_row vc_row-fluid\"><div class=\"wpb_column vc_column_container vc_col-sm-12\"><div class=\"vc_column-inner\"><div class=\"wpb_wrapper\"><div class=\"vc_empty_space\"   style=\"height: 32px\"><span class=\"vc_empty_space_inner\"><\/span><\/div><\/div><\/div><\/div><\/div><div class=\"vc_row wpb_row vc_row-fluid\"><div class=\"wpb_column vc_column_container vc_col-sm-4\"><div class=\"vc_column-inner\"><div class=\"wpb_wrapper\">\n\t<div  class=\"wpb_single_image wpb_content_element vc_align_left wpb_content_element\">\n\t\t\n\t\t<figure class=\"wpb_wrapper vc_figure\">\n\t\t\t<div class=\"vc_single_image-wrapper   vc_box_border_grey\"><img loading=\"lazy\" decoding=\"async\" width=\"500\" height=\"500\" src=\"https:\/\/dev.millebuis.fr\/wp-content\/uploads\/2021\/03\/millebuis_valeurs_1.jpeg\" class=\"vc_single_image-img attachment-full\" alt=\"\" title=\"millebuis_valeurs_1\" srcset=\"https:\/\/dev.millebuis.fr\/wp-content\/uploads\/2021\/03\/millebuis_valeurs_1.jpeg 500w, https:\/\/dev.millebuis.fr\/wp-content\/uploads\/2021\/03\/millebuis_valeurs_1-300x300.jpeg 300w, https:\/\/dev.millebuis.fr\/wp-content\/uploads\/2021\/03\/millebuis_valeurs_1-150x150.jpeg 150w\" sizes=\"auto, (max-width: 500px) 100vw, 500px\" \/><\/div>\n\t\t<\/figure>\n\t<\/div>\n<\/div><\/div><\/div><div class=\"wpb_column vc_column_container vc_col-sm-4\"><div class=\"vc_column-inner\"><div class=\"wpb_wrapper\">\n\t<div  class=\"wpb_single_image wpb_content_element vc_align_left wpb_content_element\">\n\t\t\n\t\t<figure class=\"wpb_wrapper vc_figure\">\n\t\t\t<div class=\"vc_single_image-wrapper   vc_box_border_grey\"><img loading=\"lazy\" decoding=\"async\" width=\"500\" height=\"500\" src=\"https:\/\/dev.millebuis.fr\/wp-content\/uploads\/2021\/03\/millebuis_valeurs_3.jpeg\" class=\"vc_single_image-img attachment-full\" alt=\"\" title=\"millebuis_valeurs_3\" srcset=\"https:\/\/dev.millebuis.fr\/wp-content\/uploads\/2021\/03\/millebuis_valeurs_3.jpeg 500w, https:\/\/dev.millebuis.fr\/wp-content\/uploads\/2021\/03\/millebuis_valeurs_3-300x300.jpeg 300w, https:\/\/dev.millebuis.fr\/wp-content\/uploads\/2021\/03\/millebuis_valeurs_3-150x150.jpeg 150w\" sizes=\"auto, (max-width: 500px) 100vw, 500px\" \/><\/div>\n\t\t<\/figure>\n\t<\/div>\n<\/div><\/div><\/div><div class=\"wpb_column vc_column_container vc_col-sm-4\"><div class=\"vc_column-inner\"><div class=\"wpb_wrapper\">\n\t<div  class=\"wpb_single_image wpb_content_element vc_align_left wpb_content_element\">\n\t\t\n\t\t<figure class=\"wpb_wrapper vc_figure\">\n\t\t\t<div class=\"vc_single_image-wrapper   vc_box_border_grey\"><img loading=\"lazy\" decoding=\"async\" width=\"500\" height=\"500\" src=\"https:\/\/dev.millebuis.fr\/wp-content\/uploads\/2021\/03\/millebuis_valeurs_6.jpeg\" class=\"vc_single_image-img attachment-full\" alt=\"\" title=\"millebuis_valeurs_6\" srcset=\"https:\/\/dev.millebuis.fr\/wp-content\/uploads\/2021\/03\/millebuis_valeurs_6.jpeg 500w, https:\/\/dev.millebuis.fr\/wp-content\/uploads\/2021\/03\/millebuis_valeurs_6-300x300.jpeg 300w, https:\/\/dev.millebuis.fr\/wp-content\/uploads\/2021\/03\/millebuis_valeurs_6-150x150.jpeg 150w\" sizes=\"auto, (max-width: 500px) 100vw, 500px\" \/><\/div>\n\t\t<\/figure>\n\t<\/div>\n<\/div><\/div><\/div><\/div><div class=\"vc_row wpb_row vc_row-fluid\"><div class=\"wpb_column vc_column_container vc_col-sm-4\"><div class=\"vc_column-inner\"><div class=\"wpb_wrapper\">\n\t<div  class=\"wpb_single_image wpb_content_element vc_align_left wpb_content_element\">\n\t\t\n\t\t<figure class=\"wpb_wrapper vc_figure\">\n\t\t\t<div class=\"vc_single_image-wrapper   vc_box_border_grey\"><img loading=\"lazy\" decoding=\"async\" width=\"500\" height=\"500\" src=\"https:\/\/dev.millebuis.fr\/wp-content\/uploads\/2021\/03\/millebuis_valeurs_5.jpeg\" class=\"vc_single_image-img attachment-full\" alt=\"\" title=\"millebuis_valeurs_5\" srcset=\"https:\/\/dev.millebuis.fr\/wp-content\/uploads\/2021\/03\/millebuis_valeurs_5.jpeg 500w, https:\/\/dev.millebuis.fr\/wp-content\/uploads\/2021\/03\/millebuis_valeurs_5-300x300.jpeg 300w, https:\/\/dev.millebuis.fr\/wp-content\/uploads\/2021\/03\/millebuis_valeurs_5-150x150.jpeg 150w\" sizes=\"auto, (max-width: 500px) 100vw, 500px\" \/><\/div>\n\t\t<\/figure>\n\t<\/div>\n<\/div><\/div><\/div><div class=\"wpb_column vc_column_container vc_col-sm-4\"><div class=\"vc_column-inner\"><div class=\"wpb_wrapper\">\n\t<div  class=\"wpb_single_image wpb_content_element vc_align_left wpb_content_element\">\n\t\t\n\t\t<figure class=\"wpb_wrapper vc_figure\">\n\t\t\t<div class=\"vc_single_image-wrapper   vc_box_border_grey\"><img loading=\"lazy\" decoding=\"async\" width=\"500\" height=\"500\" src=\"https:\/\/dev.millebuis.fr\/wp-content\/uploads\/2021\/03\/millebuis_valeurs_4.jpeg\" class=\"vc_single_image-img attachment-full\" alt=\"\" title=\"millebuis_valeurs_4\" srcset=\"https:\/\/dev.millebuis.fr\/wp-content\/uploads\/2021\/03\/millebuis_valeurs_4.jpeg 500w, https:\/\/dev.millebuis.fr\/wp-content\/uploads\/2021\/03\/millebuis_valeurs_4-300x300.jpeg 300w, https:\/\/dev.millebuis.fr\/wp-content\/uploads\/2021\/03\/millebuis_valeurs_4-150x150.jpeg 150w\" sizes=\"auto, (max-width: 500px) 100vw, 500px\" \/><\/div>\n\t\t<\/figure>\n\t<\/div>\n<\/div><\/div><\/div><div class=\"wpb_column vc_column_container vc_col-sm-4\"><div class=\"vc_column-inner\"><div class=\"wpb_wrapper\">\n\t<div  class=\"wpb_single_image wpb_content_element vc_align_left wpb_content_element\">\n\t\t\n\t\t<figure class=\"wpb_wrapper vc_figure\">\n\t\t\t<div class=\"vc_single_image-wrapper   vc_box_border_grey\"><img loading=\"lazy\" decoding=\"async\" width=\"500\" height=\"500\" src=\"https:\/\/dev.millebuis.fr\/wp-content\/uploads\/2021\/03\/millebuis_valeurs_2.jpeg\" class=\"vc_single_image-img attachment-full\" alt=\"\" title=\"millebuis_valeurs_2\" srcset=\"https:\/\/dev.millebuis.fr\/wp-content\/uploads\/2021\/03\/millebuis_valeurs_2.jpeg 500w, https:\/\/dev.millebuis.fr\/wp-content\/uploads\/2021\/03\/millebuis_valeurs_2-300x300.jpeg 300w, https:\/\/dev.millebuis.fr\/wp-content\/uploads\/2021\/03\/millebuis_valeurs_2-150x150.jpeg 150w\" sizes=\"auto, (max-width: 500px) 100vw, 500px\" \/><\/div>\n\t\t<\/figure>\n\t<\/div>\n<\/div><\/div><\/div><\/div><div class=\"vc_row wpb_row vc_row-fluid\"><div class=\"wpb_column vc_column_container vc_col-sm-12\"><div class=\"vc_column-inner\"><div class=\"wpb_wrapper\">\n\t<div class=\"wpb_text_column wpb_content_element content-seo\" >\n\t\t<div class=\"wpb_wrapper\">\n\t\t\t<p>La C\u00f4te Chalonnaise est un terroir r\u00e9put\u00e9 de la r\u00e9gion bourguignonne, situ\u00e9 au sud de la C\u00f4te de Beaune. Ce petit vignoble de 40 kilom\u00e8tres de long mais seulement de 7 kilom\u00e8tres de large a longtemps \u00e9t\u00e9 \u00e9clips\u00e9, \u00e0 tort, par ses appellations AOC voisines, C\u00f4te de Beaune et C\u00f4te de Nuits. Il donne naissance \u00e0 une large gamme de vins offrant une grande typicit\u00e9. Nos sols calcaires sont particuli\u00e8rement adapt\u00e9s au raisin de c\u00e9page pinot noir qui reste majoritaire dans la culture de la vigne de cette zone bourguignonne. Mais l\u2019enc\u00e9pagement de nos parcelles au relief contrast\u00e9 accorde \u00e9galement une grande place au chardonnay, \u00e0 l\u2019aligot\u00e9 et au gamay. Vous l\u2019aurez compris, c\u2019est une riche r\u00e9gion viticole du vignoble bourguignon. En s\u2019appuyant sur la richesse de ce terroir et sur l\u2019exp\u00e9rience de nos vignerons en mati\u00e8re de viticulture et vinification, Millebuis est une collection de vins de Bourgogne pleine de nuances : Montagny, Givry, Mercurey et Rully. Ces vins vous feront d\u00e9couvrir une large palette d\u2019ar\u00f4mes avec, pour certains, de la finesse et pour d\u2019autres du bouquet ou encore de la rondeur, de la fra\u00eecheur, des notes aromatiques fruit\u00e9es, d\u2019agrumes, de fruits rouges, fruits blancs et fruits secs, ou encore des notes florales. Laissez-vous tenter par nos vins rouges et vins blancs mill\u00e9sim\u00e9s comme le Montagny 1<sup>er<\/sup> Cru pour un ap\u00e9ritif. Ce vin blanc de Bourgogne, \u00e9lev\u00e9 en cuve ou en f\u00fbt de ch\u00eane, tout en min\u00e9ralit\u00e9 et fra\u00eecheur, est id\u00e9al pour mettre vos papilles en \u00e9veil. Pour un accord mets et vins parfait avec des viandes blanches nous vous conseillons un vin blanc avec un peu plus d\u2019\u00e9paisseur et une belle robe jaune\u00a0: l\u2019appellation Montagny 1<sup>er<\/sup> Cru \u201cVigne du Soleil\u201d. Et pour vos desserts, partez sur nos cuv\u00e9es de Cr\u00e9mants de Bourgogne tout en l\u00e9g\u00e8ret\u00e9.<\/p>\n\n\t\t<\/div>\n\t<\/div>\n<\/div><\/div><\/div><\/div><div class=\"vc_row wpb_row vc_row-fluid\"><div class=\"wpb_column vc_column_container vc_col-sm-12\"><div class=\"vc_column-inner\"><div class=\"wpb_wrapper\"><\/div><\/div><\/div><\/div>\n<\/div>","protected":false},"excerpt":{"rendered":"LES VALEURS Couvrant un peu plus de 1 000 hectares, les exploitations viticoles de nos 286 [...]","protected":false},"author":1,"featured_media":0,"parent":59,"menu_order":0,"comment_status":"closed","ping_status":"closed","template":"","meta":{"footnotes":""},"class_list":["post-63","page","type-page","status-publish","hentry"],"yoast_head":"<!-- This site is optimized with the Yoast SEO plugin v26.2 - https:\/\/yoast.com\/wordpress\/plugins\/seo\/ -->\n<title>Les valeurs<\/title>\n<meta name=\"description\" content=\"Nos vignerons sont unis par la volont\u00e9 de faire conna\u00eetre la richesse et la diversit\u00e9 de leurs terroirs, pr\u00e9server l\u2019exceptionnel patrimoine naturel de la C\u00f4te Chalonnaise, transmettre leur fa\u00e7on de travailler la vigne, avec soin et pr\u00e9cision.\" \/>\n<meta name=\"robots\" content=\"index, follow, max-snippet:-1, max-image-preview:large, max-video-preview:-1\" \/>\n<link rel=\"canonical\" href=\"https:\/\/dev.millebuis.fr\/en\/vignerons\/les-valeurs\/\" \/>\n<meta property=\"og:locale\" content=\"en_GB\" \/>\n<meta property=\"og:type\" content=\"article\" \/>\n<meta property=\"og:title\" content=\"Les valeurs\" \/>\n<meta property=\"og:description\" content=\"Nos vignerons sont unis par la volont\u00e9 de faire conna\u00eetre la richesse et la diversit\u00e9 de leurs terroirs, pr\u00e9server l\u2019exceptionnel patrimoine naturel de la C\u00f4te Chalonnaise, transmettre leur fa\u00e7on de travailler la vigne, avec soin et pr\u00e9cision.\" \/>\n<meta property=\"og:url\" content=\"https:\/\/dev.millebuis.fr\/en\/vignerons\/les-valeurs\/\" \/>\n<meta property=\"og:site_name\" content=\"Millebuis\" \/>\n<meta property=\"article:modified_time\" content=\"2025-09-08T09:38:00+00:00\" \/>\n<meta name=\"twitter:card\" content=\"summary_large_image\" \/>\n<meta name=\"twitter:label1\" content=\"Estimated reading time\" \/>\n\t<meta name=\"twitter:data1\" content=\"5 minutes\" \/>\n<!-- \/ Yoast SEO plugin. -->","yoast_head_json":{"title":"The values","description":"Nos vignerons sont unis par la volont\u00e9 de faire conna\u00eetre la richesse et la diversit\u00e9 de leurs terroirs, pr\u00e9server l\u2019exceptionnel patrimoine naturel de la C\u00f4te Chalonnaise, transmettre leur fa\u00e7on de travailler la vigne, avec soin et pr\u00e9cision.","robots":{"index":"index","follow":"follow","max-snippet":"max-snippet:-1","max-image-preview":"max-image-preview:large","max-video-preview":"max-video-preview:-1"},"canonical":"https:\/\/dev.millebuis.fr\/en\/vignerons\/les-valeurs\/","og_locale":"en_GB","og_type":"article","og_title":"Les valeurs","og_description":"Nos vignerons sont unis par la volont\u00e9 de faire conna\u00eetre la richesse et la diversit\u00e9 de leurs terroirs, pr\u00e9server l\u2019exceptionnel patrimoine naturel de la C\u00f4te Chalonnaise, transmettre leur fa\u00e7on de travailler la vigne, avec soin et pr\u00e9cision.","og_url":"https:\/\/dev.millebuis.fr\/en\/vignerons\/les-valeurs\/","og_site_name":"Millebuis","article_modified_time":"2025-09-08T09:38:00+00:00","twitter_card":"summary_large_image","twitter_misc":{"Estimated reading time":"5 minutes"},"schema":{"@context":"https:\/\/schema.org","@graph":[{"@type":"WebPage","@id":"https:\/\/dev.millebuis.fr\/vignerons\/les-valeurs\/","url":"https:\/\/dev.millebuis.fr\/vignerons\/les-valeurs\/","name":"The values","isPartOf":{"@id":"https:\/\/dev.millebuis.fr\/#website"},"datePublished":"2021-03-11T13:35:40+00:00","dateModified":"2025-09-08T09:38:00+00:00","description":"Nos vignerons sont unis par la volont\u00e9 de faire conna\u00eetre la richesse et la diversit\u00e9 de leurs terroirs, pr\u00e9server l\u2019exceptionnel patrimoine naturel de la C\u00f4te Chalonnaise, transmettre leur fa\u00e7on de travailler la vigne, avec soin et pr\u00e9cision.","breadcrumb":{"@id":"https:\/\/dev.millebuis.fr\/vignerons\/les-valeurs\/#breadcrumb"},"inLanguage":"en-GB","potentialAction":[{"@type":"ReadAction","target":["https:\/\/dev.millebuis.fr\/vignerons\/les-valeurs\/"]}]},{"@type":"BreadcrumbList","@id":"https:\/\/dev.millebuis.fr\/vignerons\/les-valeurs\/#breadcrumb","itemListElement":[{"@type":"ListItem","position":1,"name":"Accueil","item":"https:\/\/dev.millebuis.fr\/"},{"@type":"ListItem","position":2,"name":"Vignerons","item":"https:\/\/dev.millebuis.fr\/vignerons\/"},{"@type":"ListItem","position":3,"name":"Les valeurs"}]},{"@type":"WebSite","@id":"https:\/\/dev.millebuis.fr\/#website","url":"https:\/\/dev.millebuis.fr\/","name":"Millebuis","description":"Vins fins de la C\u00f4te Chalonnaise","inLanguage":"en-GB"}]}},"_links":{"self":[{"href":"https:\/\/dev.millebuis.fr\/en\/wp-json\/wp\/v2\/pages\/63","targetHints":{"allow":["GET"]}}],"collection":[{"href":"https:\/\/dev.millebuis.fr\/en\/wp-json\/wp\/v2\/pages"}],"about":[{"href":"https:\/\/dev.millebuis.fr\/en\/wp-json\/wp\/v2\/types\/page"}],"author":[{"embeddable":true,"href":"https:\/\/dev.millebuis.fr\/en\/wp-json\/wp\/v2\/users\/1"}],"replies":[{"embeddable":true,"href":"https:\/\/dev.millebuis.fr\/en\/wp-json\/wp\/v2\/comments?post=63"}],"version-history":[{"count":46,"href":"https:\/\/dev.millebuis.fr\/en\/wp-json\/wp\/v2\/pages\/63\/revisions"}],"predecessor-version":[{"id":4338,"href":"https:\/\/dev.millebuis.fr\/en\/wp-json\/wp\/v2\/pages\/63\/revisions\/4338"}],"up":[{"embeddable":true,"href":"https:\/\/dev.millebuis.fr\/en\/wp-json\/wp\/v2\/pages\/59"}],"wp:attachment":[{"href":"https:\/\/dev.millebuis.fr\/en\/wp-json\/wp\/v2\/media?parent=63"}],"curies":[{"name":"wp","href":"https:\/\/api.w.org\/{rel}","templated":true}]}}