{"id":61,"date":"2021-03-11T14:35:23","date_gmt":"2021-03-11T13:35:23","guid":{"rendered":"https:\/\/dev.millebuis.fr\/?page_id=61"},"modified":"2021-05-31T14:55:57","modified_gmt":"2021-05-31T12:55:57","slug":"lhistoire-de-la-cave-de-buxy","status":"publish","type":"page","link":"https:\/\/dev.millebuis.fr\/en\/vignerons\/lhistoire-de-la-cave-de-buxy\/","title":{"rendered":"L&rsquo;histoire de la cave de Buxy"},"content":{"rendered":"<div class=\"wpb-content-wrapper\"><div class=\"vc_row wpb_row vc_row-fluid vc_row-o-equal-height vc_row-flex\"><div class=\"wpb_column vc_column_container vc_col-sm-12\"><div class=\"vc_column-inner\"><div class=\"wpb_wrapper\"><h1 style=\"text-align: left\" class=\"vc_custom_heading vc_do_custom_heading\" >OUR HISTORY<\/h1>\n\t<div class=\"wpb_text_column wpb_content_element\" >\n\t\t<div class=\"wpb_wrapper\">\n\t\t\t<p>The organization known as The Millebuis name was created by La Cave des\u00a0<a href=\"http:\/\/www.vigneronsdebuxy.fr\/\" target=\"_blank\" rel=\"noopener\">Vignerons de Buxy,<\/a>\u00a0it was born from the resolve of winegrowers of the C\u00f4te Chalonnaise wishing to unify with a common aim: to vinify, mature and commercialise their wines as one. It is a saga that began some 80 years ago and which has gradually transformed into an exceptional human achievement.<\/p>\n<p>Today this name represents 120 winegrowing families who cultivate the vineyards using skills and techniques transmitted from generation to generation. Together these men and women stand up for the values that emphasize quality and respect of the environment. By the fruit of their labour, their passion and their attachment to the land, these winegrowers have shown they can reveal the true potential of their terroirs.<\/p>\n<p>The regrouping of these small family holdings (on average 20 hectares of vines per family) which are driven by the same values of solidarity, sharing and conviviality, has given birth to a highly proficient production tool.<\/p>\n<p>The culture of the vine and the harvest of the grapes require multiple skills. The objective is the creation of wines that reflect the excellence of the terroirs of the C\u00f4te Chalonnaise.<\/p>\n\n\t\t<\/div>\n\t<\/div>\n\n\t<div  class=\"wpb_single_image wpb_content_element vc_align_left wpb_content_element\">\n\t\t\n\t\t<figure class=\"wpb_wrapper vc_figure\">\n\t\t\t<div class=\"vc_single_image-wrapper   vc_box_border_grey\"><img loading=\"lazy\" decoding=\"async\" width=\"1920\" height=\"1205\" src=\"https:\/\/dev.millebuis.fr\/wp-content\/uploads\/2021\/05\/Cave_Coop_de_Buxy.jpg\" class=\"vc_single_image-img attachment-full\" alt=\"\" title=\"Cave_Coop_de_Buxy\" srcset=\"https:\/\/dev.millebuis.fr\/wp-content\/uploads\/2021\/05\/Cave_Coop_de_Buxy.jpg 1920w, https:\/\/dev.millebuis.fr\/wp-content\/uploads\/2021\/05\/Cave_Coop_de_Buxy-300x188.jpg 300w, https:\/\/dev.millebuis.fr\/wp-content\/uploads\/2021\/05\/Cave_Coop_de_Buxy-1024x643.jpg 1024w, https:\/\/dev.millebuis.fr\/wp-content\/uploads\/2021\/05\/Cave_Coop_de_Buxy-768x482.jpg 768w, https:\/\/dev.millebuis.fr\/wp-content\/uploads\/2021\/05\/Cave_Coop_de_Buxy-1536x964.jpg 1536w\" sizes=\"auto, (max-width: 1920px) 100vw, 1920px\" \/><\/div>\n\t\t<\/figure>\n\t<\/div>\n<div class=\"vc_empty_space\"   style=\"height: 32px\"><span class=\"vc_empty_space_inner\"><\/span><\/div><h4 style=\"text-align: left\" class=\"vc_custom_heading vc_do_custom_heading\" >SOME KEY DATES OF OUR HISTORY<\/h4>\n\t<div class=\"wpb_text_column wpb_content_element\" >\n\t\t<div class=\"wpb_wrapper\">\n\t\t\t<p><strong>1931<\/strong><br \/>\nThe organization known as The Millebuis name was created by La Cave des\u00a0<a href=\"http:\/\/www.vigneronsdebuxy.fr\/\" target=\"_blank\" rel=\"noopener\">Vignerons de Buxy<\/a>\u00a0was created on June 30th 1931 under the lead of 98 pioneering winegrowers from Buxy and the neighbouring communes. They had decided to unite in order to find a collective solution to their problems of vinification, storage and sales. Building of a winery with a capacity of 800,000 litres was started although it was not finished for the first harvest - and the crop had to come in.<br \/>\nIt was only the courage and tenacity of these pioneers that made it possible for the cooperative to function. Thus, for the first, time sales of their wine in bottles could begin.<\/p>\n<p><strong>1936<\/strong><br \/>\nRecognition of the Appellation d\u2019Origine Contr\u00f4l\u00e9e \u201cMontagny\u201d by the decree of Sept.11th 1936. It was one of the first Appellations to be officially recognized.<\/p>\n<p><strong>1945<\/strong><br \/>\nThe winery often had problems finding the room to store all of the wine harvested. Even if the yields were very irregular (1,600,000 litres in 1935 compared to 513,000 litres in 1938!)<\/p>\n<p><strong>1950<\/strong><br \/>\nMechanisation began to appear in the C\u00f4te Chalonnaise with the first vineyard tractors replacing horses on the hillsides. It was also the disappearance of clogs and hob-nail boots as footwear!<\/p>\n<p><strong>1968<\/strong><br \/>\nRoger Rageot was named managing director of La Cave des\u00a0<a href=\"http:\/\/www.vigneronsdebuxy.fr\/\" target=\"_blank\" rel=\"noopener\">Vignerons de Buxy<\/a>.The board of directors thus employed the first MD giving him the task of running the winery and developing wine sales in bottles in order to highlight the co-op members\u2019 production. It was a particularly difficult market.<\/p>\n<p><strong>1977<\/strong><br \/>\nOn January 24th 1977, another winery; la Cave de Saint-Gengoux-le-National merged with La Cave des\u00a0<a href=\"http:\/\/www.vigneronsdebuxy.fr\/\" target=\"_blank\" rel=\"noopener\">Vignerons de Buxy<\/a>. From this date on, their production zone covered the C\u00f4te Chalonnaise and spread into the M\u00e2connais.\u00a0<a href=\"http:\/\/www.vigneronsdebuxy.fr\/\" target=\"_blank\" rel=\"noopener\">Vignerons de Buxy<\/a>\u00a0se situe en C\u00f4te Chalonnaise et se prolonge en M\u00e2connais.<\/p>\n<p><strong>1985<\/strong><br \/>\nThe management and the board of directors were facing the problem of improving quality upstream. From 1985, they decided to set up technical commissions and a pre-harvest selection system for vine quality. This system allowed a payment differentiation according to the potential quality, as noted in the vineyards just before harvest. Over the years this system has been expanded and reinforced.<\/p>\n<p><strong>Today<\/strong><br \/>\nThe winery is heading towards its centenary celebration. What evolution! What progress in wine quality and in all aspects of vineyard conservation!<\/p>\n\n\t\t<\/div>\n\t<\/div>\n<div class=\"vc_row wpb_row vc_inner vc_row-fluid\"><div class=\"wpb_column vc_column_container vc_col-sm-6\"><div class=\"vc_column-inner\"><div class=\"wpb_wrapper\">\n\t<div  class=\"wpb_single_image wpb_content_element vc_align_left wpb_content_element vc_custom_1622465744909\">\n\t\t\n\t\t<figure class=\"wpb_wrapper vc_figure\">\n\t\t\t<div class=\"vc_single_image-wrapper   vc_box_border_grey\"><img loading=\"lazy\" decoding=\"async\" width=\"1920\" height=\"1080\" src=\"https:\/\/dev.millebuis.fr\/wp-content\/uploads\/2021\/05\/1931-vignerons_de_buxy.jpg\" class=\"vc_single_image-img attachment-full\" alt=\"\" title=\"1931-vignerons_de_buxy\" srcset=\"https:\/\/dev.millebuis.fr\/wp-content\/uploads\/2021\/05\/1931-vignerons_de_buxy.jpg 1920w, https:\/\/dev.millebuis.fr\/wp-content\/uploads\/2021\/05\/1931-vignerons_de_buxy-300x169.jpg 300w, https:\/\/dev.millebuis.fr\/wp-content\/uploads\/2021\/05\/1931-vignerons_de_buxy-1024x576.jpg 1024w, https:\/\/dev.millebuis.fr\/wp-content\/uploads\/2021\/05\/1931-vignerons_de_buxy-768x432.jpg 768w, https:\/\/dev.millebuis.fr\/wp-content\/uploads\/2021\/05\/1931-vignerons_de_buxy-1536x864.jpg 1536w\" sizes=\"auto, (max-width: 1920px) 100vw, 1920px\" \/><\/div>\n\t\t<\/figure>\n\t<\/div>\n\n\t<div class=\"wpb_text_column wpb_content_element\" >\n\t\t<div class=\"wpb_wrapper\">\n\t\t\t<p style=\"text-align: center;\">In 1931<\/p>\n\n\t\t<\/div>\n\t<\/div>\n<\/div><\/div><\/div><div class=\"wpb_column vc_column_container vc_col-sm-6\"><div class=\"vc_column-inner\"><div class=\"wpb_wrapper\">\n\t<div  class=\"wpb_single_image wpb_content_element vc_align_left wpb_content_element vc_custom_1622465754552\">\n\t\t\n\t\t<figure class=\"wpb_wrapper vc_figure\">\n\t\t\t<div class=\"vc_single_image-wrapper   vc_box_border_grey\"><img loading=\"lazy\" decoding=\"async\" width=\"1920\" height=\"1080\" src=\"https:\/\/dev.millebuis.fr\/wp-content\/uploads\/2021\/05\/2001-vignerons_de_buxy.jpg\" class=\"vc_single_image-img attachment-full\" alt=\"\" title=\"2001-vignerons_de_buxy\" srcset=\"https:\/\/dev.millebuis.fr\/wp-content\/uploads\/2021\/05\/2001-vignerons_de_buxy.jpg 1920w, https:\/\/dev.millebuis.fr\/wp-content\/uploads\/2021\/05\/2001-vignerons_de_buxy-300x169.jpg 300w, https:\/\/dev.millebuis.fr\/wp-content\/uploads\/2021\/05\/2001-vignerons_de_buxy-1024x576.jpg 1024w, https:\/\/dev.millebuis.fr\/wp-content\/uploads\/2021\/05\/2001-vignerons_de_buxy-768x432.jpg 768w, https:\/\/dev.millebuis.fr\/wp-content\/uploads\/2021\/05\/2001-vignerons_de_buxy-1536x864.jpg 1536w\" sizes=\"auto, (max-width: 1920px) 100vw, 1920px\" \/><\/div>\n\t\t<\/figure>\n\t<\/div>\n\n\t<div class=\"wpb_text_column wpb_content_element\" >\n\t\t<div class=\"wpb_wrapper\">\n\t\t\t<p style=\"text-align: center;\">In 2001<\/p>\n\n\t\t<\/div>\n\t<\/div>\n<\/div><\/div><\/div><\/div><div class=\"vc_empty_space\"   style=\"height: 32px\"><span class=\"vc_empty_space_inner\"><\/span><\/div><div class=\"vc_separator wpb_content_element vc_separator_align_center vc_sep_width_100 vc_sep_pos_align_center vc_separator_no_text vc_sep_color_grey wpb_content_element  wpb_content_element\" ><span class=\"vc_sep_holder vc_sep_holder_l\"><span class=\"vc_sep_line\"><\/span><\/span><span class=\"vc_sep_holder vc_sep_holder_r\"><span class=\"vc_sep_line\"><\/span><\/span>\n<\/div>\n\t<div class=\"wpb_text_column wpb_content_element content-seo\" >\n\t\t<div class=\"wpb_wrapper\">\n\t\t\t<p>Nos vignerons cultivent avec passion le vignoble de la C\u00f4te Chalonnaise. Ils vous feront d\u00e9couvrir nos chais, nos caves et nos caveaux, au milieu des vignes. Une visite comment\u00e9e du vignoble est bien s\u00fbr possible gr\u00e2ce \u00e0 l\u2019\u0153notourisme. En empruntant la route des vins, d\u00e9couvrez la culture de la vigne (raisonn\u00e9e bien s\u00fbr), o\u00f9 les c\u00e9pages typiques de la C\u00f4te Chalonnaise garantissent une grande qualit\u00e9 aromatique des vins blancs et vins rouges. Du pinot noir essentiellement (vin rouge) et du chardonnay (vin blanc). Notre r\u00e9gion viticole faisant partie du grand terroir bourguignon, elle produit des vins fins d&rsquo;une grande fra\u00eecheur offrant \u00e9galement beaucoup d\u2019\u00e9l\u00e9gance. Nos cavistes vous proposeront une s\u00e9lection de vins, en vente \u00e0 la Maison Millebuis de la Cave des vignerons de Buxy. Venez d\u00e9guster nos meilleures cuv\u00e9es tout au long de l\u2019ann\u00e9e, y compris pendant la foire aux vins. Des vins blancs aux ar\u00f4mes de fruits secs, des vins rouges aux notes de fruits rouges et noirs. D\u00e9couvrez les premiers crus de la C\u00f4te Chalonnaise qui n&rsquo;ont rien \u00e0 envier aux autres terroirs de la Bourgogne, \u00e0 l\u2019instar de ceux de la C\u00f4te de Beaune et de la C\u00f4te de Nuits. D\u00e9couvrez aussi l&rsquo;\u00e9l\u00e9gance de nos cr\u00e9mants de Bourgogne qui sont d&rsquo;une grande fra\u00eecheur, avec de multiples ar\u00f4mes et des bulles fines. La C\u00f4te Chalonnaise, une r\u00e9gion viticole \u00e9tonnamment riche en d\u00e9couvertes.<\/p>\n\n\t\t<\/div>\n\t<\/div>\n<\/div><\/div><\/div><\/div>\n<\/div>","protected":false},"excerpt":{"rendered":"L'HISTOIRE La Cave des\u00a0Vignerons de Buxy,\u00a0qui porte Millebuis, est n\u00e9e de la volont\u00e9 de vignerons de [...]","protected":false},"author":1,"featured_media":0,"parent":59,"menu_order":0,"comment_status":"closed","ping_status":"closed","template":"","meta":{"footnotes":""},"class_list":["post-61","page","type-page","status-publish","hentry"],"yoast_head":"<!-- This site is optimized with the Yoast SEO plugin v26.2 - https:\/\/yoast.com\/wordpress\/plugins\/seo\/ -->\n<title>L&#039;histoire<\/title>\n<meta name=\"description\" content=\"La Cave des Vignerons de Buxy, qui porte Millebuis, est n\u00e9e de la volont\u00e9 de vignerons de la C\u00f4te Chalonnaise de s\u2019unir autour d\u2019un projet commun : vinifier, \u00e9lever et commercialiser leurs vins ensemble.\" \/>\n<meta name=\"robots\" content=\"index, follow, max-snippet:-1, max-image-preview:large, max-video-preview:-1\" \/>\n<link rel=\"canonical\" href=\"https:\/\/dev.millebuis.fr\/en\/vignerons\/lhistoire-de-la-cave-de-buxy\/\" \/>\n<meta property=\"og:locale\" content=\"en_GB\" \/>\n<meta property=\"og:type\" content=\"article\" \/>\n<meta property=\"og:title\" content=\"L&#039;histoire\" \/>\n<meta property=\"og:description\" content=\"La Cave des Vignerons de Buxy, qui porte Millebuis, est n\u00e9e de la volont\u00e9 de vignerons de la C\u00f4te Chalonnaise de s\u2019unir autour d\u2019un projet commun : vinifier, \u00e9lever et commercialiser leurs vins ensemble.\" \/>\n<meta property=\"og:url\" content=\"https:\/\/dev.millebuis.fr\/en\/vignerons\/lhistoire-de-la-cave-de-buxy\/\" \/>\n<meta property=\"og:site_name\" content=\"Millebuis\" \/>\n<meta property=\"article:modified_time\" content=\"2021-05-31T12:55:57+00:00\" \/>\n<meta name=\"twitter:card\" content=\"summary_large_image\" \/>\n<meta name=\"twitter:label1\" content=\"Estimated reading time\" \/>\n\t<meta name=\"twitter:data1\" content=\"5 minutes\" \/>\n<!-- \/ Yoast SEO plugin. -->","yoast_head_json":{"title":"L'histoire","description":"La Cave des Vignerons de Buxy, qui porte Millebuis, est n\u00e9e de la volont\u00e9 de vignerons de la C\u00f4te Chalonnaise de s\u2019unir autour d\u2019un projet commun : vinifier, \u00e9lever et commercialiser leurs vins ensemble.","robots":{"index":"index","follow":"follow","max-snippet":"max-snippet:-1","max-image-preview":"max-image-preview:large","max-video-preview":"max-video-preview:-1"},"canonical":"https:\/\/dev.millebuis.fr\/en\/vignerons\/lhistoire-de-la-cave-de-buxy\/","og_locale":"en_GB","og_type":"article","og_title":"L'histoire","og_description":"La Cave des Vignerons de Buxy, qui porte Millebuis, est n\u00e9e de la volont\u00e9 de vignerons de la C\u00f4te Chalonnaise de s\u2019unir autour d\u2019un projet commun : vinifier, \u00e9lever et commercialiser leurs vins ensemble.","og_url":"https:\/\/dev.millebuis.fr\/en\/vignerons\/lhistoire-de-la-cave-de-buxy\/","og_site_name":"Millebuis","article_modified_time":"2021-05-31T12:55:57+00:00","twitter_card":"summary_large_image","twitter_misc":{"Estimated reading time":"5 minutes"},"schema":{"@context":"https:\/\/schema.org","@graph":[{"@type":"WebPage","@id":"https:\/\/dev.millebuis.fr\/vignerons\/lhistoire-de-la-cave-de-buxy\/","url":"https:\/\/dev.millebuis.fr\/vignerons\/lhistoire-de-la-cave-de-buxy\/","name":"L'histoire","isPartOf":{"@id":"https:\/\/dev.millebuis.fr\/#website"},"datePublished":"2021-03-11T13:35:23+00:00","dateModified":"2021-05-31T12:55:57+00:00","description":"La Cave des Vignerons de Buxy, qui porte Millebuis, est n\u00e9e de la volont\u00e9 de vignerons de la C\u00f4te Chalonnaise de s\u2019unir autour d\u2019un projet commun : vinifier, \u00e9lever et commercialiser leurs vins ensemble.","breadcrumb":{"@id":"https:\/\/dev.millebuis.fr\/vignerons\/lhistoire-de-la-cave-de-buxy\/#breadcrumb"},"inLanguage":"en-GB","potentialAction":[{"@type":"ReadAction","target":["https:\/\/dev.millebuis.fr\/vignerons\/lhistoire-de-la-cave-de-buxy\/"]}]},{"@type":"BreadcrumbList","@id":"https:\/\/dev.millebuis.fr\/vignerons\/lhistoire-de-la-cave-de-buxy\/#breadcrumb","itemListElement":[{"@type":"ListItem","position":1,"name":"Accueil","item":"https:\/\/dev.millebuis.fr\/"},{"@type":"ListItem","position":2,"name":"Vignerons","item":"https:\/\/dev.millebuis.fr\/vignerons\/"},{"@type":"ListItem","position":3,"name":"L&#8217;histoire de la cave de Buxy"}]},{"@type":"WebSite","@id":"https:\/\/dev.millebuis.fr\/#website","url":"https:\/\/dev.millebuis.fr\/","name":"Millebuis","description":"Vins fins de la C\u00f4te Chalonnaise","inLanguage":"en-GB"}]}},"_links":{"self":[{"href":"https:\/\/dev.millebuis.fr\/en\/wp-json\/wp\/v2\/pages\/61","targetHints":{"allow":["GET"]}}],"collection":[{"href":"https:\/\/dev.millebuis.fr\/en\/wp-json\/wp\/v2\/pages"}],"about":[{"href":"https:\/\/dev.millebuis.fr\/en\/wp-json\/wp\/v2\/types\/page"}],"author":[{"embeddable":true,"href":"https:\/\/dev.millebuis.fr\/en\/wp-json\/wp\/v2\/users\/1"}],"replies":[{"embeddable":true,"href":"https:\/\/dev.millebuis.fr\/en\/wp-json\/wp\/v2\/comments?post=61"}],"version-history":[{"count":12,"href":"https:\/\/dev.millebuis.fr\/en\/wp-json\/wp\/v2\/pages\/61\/revisions"}],"predecessor-version":[{"id":1248,"href":"https:\/\/dev.millebuis.fr\/en\/wp-json\/wp\/v2\/pages\/61\/revisions\/1248"}],"up":[{"embeddable":true,"href":"https:\/\/dev.millebuis.fr\/en\/wp-json\/wp\/v2\/pages\/59"}],"wp:attachment":[{"href":"https:\/\/dev.millebuis.fr\/en\/wp-json\/wp\/v2\/media?parent=61"}],"curies":[{"name":"wp","href":"https:\/\/api.w.org\/{rel}","templated":true}]}}