{"id":4403,"date":"2025-10-01T12:54:07","date_gmt":"2025-10-01T10:54:07","guid":{"rendered":"https:\/\/dev.millebuis.fr\/?page_id=4403"},"modified":"2025-10-09T18:48:33","modified_gmt":"2025-10-09T16:48:33","slug":"avoscan","status":"publish","type":"page","link":"https:\/\/dev.millebuis.fr\/en\/avoscan\/","title":{"rendered":"Avoscan"},"content":{"rendered":"<div class=\"wpb-content-wrapper\"><div class=\"vc_row wpb_row vc_row-fluid\"><div class=\"wpb_column vc_column_container vc_col-sm-12\"><div class=\"vc_column-inner\"><div class=\"wpb_wrapper\">\n\t<div class=\"wpb_text_column wpb_content_element\" >\n\t\t<div class=\"wpb_wrapper\">\n\t\t\t<p style=\"text-align: center;\">\u2014 page en cours de r\u00e9alisation \u2014<\/p>\n\n\t\t<\/div>\n\t<\/div>\n<h1 style=\"text-align: left\" class=\"vc_custom_heading vc_do_custom_heading\" >IVAN AVOSCAN, UNE VIE DE TAILLE<\/h1>\n\t<div  class=\"wpb_single_image wpb_content_element vc_align_center wpb_content_element\">\n\t\t\n\t\t<figure class=\"wpb_wrapper vc_figure\">\n\t\t\t<div class=\"vc_single_image-wrapper   vc_box_border_grey\"><img loading=\"lazy\" decoding=\"async\" width=\"1920\" height=\"1080\" src=\"https:\/\/dev.millebuis.fr\/wp-content\/uploads\/2025\/10\/visuel_une_vie_de_taille_ivan_avoscan_expo_permanente.jpg\" class=\"vc_single_image-img attachment-full\" alt=\"\" title=\"visuel_une_vie_de_taille_ivan_avoscan_expo_permanente\" srcset=\"https:\/\/dev.millebuis.fr\/wp-content\/uploads\/2025\/10\/visuel_une_vie_de_taille_ivan_avoscan_expo_permanente.jpg 1920w, https:\/\/dev.millebuis.fr\/wp-content\/uploads\/2025\/10\/visuel_une_vie_de_taille_ivan_avoscan_expo_permanente-300x169.jpg 300w, https:\/\/dev.millebuis.fr\/wp-content\/uploads\/2025\/10\/visuel_une_vie_de_taille_ivan_avoscan_expo_permanente-1024x576.jpg 1024w, https:\/\/dev.millebuis.fr\/wp-content\/uploads\/2025\/10\/visuel_une_vie_de_taille_ivan_avoscan_expo_permanente-768x432.jpg 768w, https:\/\/dev.millebuis.fr\/wp-content\/uploads\/2025\/10\/visuel_une_vie_de_taille_ivan_avoscan_expo_permanente-1536x864.jpg 1536w, https:\/\/dev.millebuis.fr\/wp-content\/uploads\/2025\/10\/visuel_une_vie_de_taille_ivan_avoscan_expo_permanente-18x10.jpg 18w\" sizes=\"auto, (max-width: 1920px) 100vw, 1920px\" \/><\/div>\n\t\t<\/figure>\n\t<\/div>\n<h2 style=\"text-align: center\" class=\"vc_custom_heading vc_do_custom_heading\" >Parcours mus\u00e9ographique<\/h2>\n\t<div class=\"wpb_text_column wpb_content_element\" >\n\t\t<div class=\"wpb_wrapper\">\n\t\t\t<h4>\u00c0 Buxy, au c\u0153ur de la Bourgogne viticole, la Maison Millebuis rend hommage au sculpteur Ivan Avoscan (1928\u20132012) en inaugurant un parcours artistique permanent intitul\u00e9 \u201cUne Vie de Taille\u201d. Plus de 50 sculptures jalonnent les espaces de la Maison Millebuis et les lieux embl\u00e9matiques du village. Ce projet fait dialoguer l\u2019\u0153uvre d\u2019Avoscan avec la pierre, la vigne, la lumi\u00e8re, et le patrimoine local.<\/h4>\n\n\t\t<\/div>\n\t<\/div>\n<div class=\"vc_separator wpb_content_element vc_separator_align_center vc_sep_width_100 vc_sep_pos_align_center vc_separator_no_text vc_sep_color_grey wpb_content_element  wpb_content_element\" ><span class=\"vc_sep_holder vc_sep_holder_l\"><span class=\"vc_sep_line\"><\/span><\/span><span class=\"vc_sep_holder vc_sep_holder_r\"><span class=\"vc_sep_line\"><\/span><\/span>\n<\/div><h2 style=\"text-align: center;font-family:Abril Fatface;font-weight:400;font-style:normal\" class=\"vc_custom_heading vc_do_custom_heading\" >Visite libre toute l'ann\u00e9e, gratuit<\/h2><style>.vc_btn3-style-gradient-custom.vc_btn-gradient-btn-69e75f5b71906:hover{color: #ffffff;background-color: #c33e4b;border: none;background-position: 100% 0;}<\/style><style>.vc_btn3-style-gradient-custom.vc_btn-gradient-btn-69e75f5b71906{color: #ffffff;border: none;background-color: #c33e4b;background-image: -webkit-linear-gradient(left, #c33e4b 0%, #c33e4b 50%,#c33e4b 100%);background-image: linear-gradient(to right, #c33e4b 0%, #c33e4b 50%,#c33e4b 100%);-webkit-transition: all .2s ease-in-out;transition: all .2s ease-in-out;background-size: 200% 100%;}<\/style><div class=\"vc_btn3-container vc_btn3-center vc_do_btn\" ><a data-vc-gradient-1=\"#c33e4b\" data-vc-gradient-2=\"#c33e4b\" class=\"vc_general vc_btn3 vc_btn3-size-md vc_btn3-shape-square vc_btn3-style-gradient-custom vc_btn-gradient-btn-69e75f5b71906\" href=\"https:\/\/dev.millebuis.fr\/wp-content\/uploads\/2025\/10\/depliant_ivan_avoscan_une_vie_de_taille.pdf\" title=\"T\u00e9l\u00e9charger le d\u00e9pliant\" target=\"_blank\">T\u00e9l\u00e9charger le d\u00e9pliant de visite<\/a><\/div>\n\t<div class=\"wpb_text_column wpb_content_element\" >\n\t\t<div class=\"wpb_wrapper\">\n\t\t\t<p style=\"text-align: center;\">Visites comment\u00e9es : sur r\u00e9servation \u00e0 <a href=\"mailto:accueil@vigneronsdebuxy.fr\">accueil@vigneronsdebuxy.fr<\/a><\/p>\n\n\t\t<\/div>\n\t<\/div>\n<div class=\"vc_separator wpb_content_element vc_separator_align_center vc_sep_width_100 vc_sep_pos_align_center vc_separator_no_text vc_sep_color_grey wpb_content_element  wpb_content_element\" ><span class=\"vc_sep_holder vc_sep_holder_l\"><span class=\"vc_sep_line\"><\/span><\/span><span class=\"vc_sep_holder vc_sep_holder_r\"><span class=\"vc_sep_line\"><\/span><\/span>\n<\/div><\/div><\/div><\/div><\/div><div class=\"vc_row wpb_row vc_row-fluid\"><div class=\"wpb_column vc_column_container vc_col-sm-12\"><div class=\"vc_column-inner\"><div class=\"wpb_wrapper\"><h2 style=\"text-align: center\" class=\"vc_custom_heading vc_do_custom_heading\" >Ivan Avoscan, sculpteur du silence<\/h2>\n\t<div class=\"wpb_text_column wpb_content_element\" >\n\t\t<div class=\"wpb_wrapper\">\n\t\t\t<p>Ivan Avoscan est n\u00e9 \u00e0 Buxy en 1928. Tailleur de pierre de formation, il devient ornemaniste avant d\u2019int\u00e9grer les Beaux-Arts de Lyon, o\u00f9 il obtient le Prix de Paris en 1950. Il travaille au P\u00e8re Lachaise, fr\u00e9quente l\u2019\u00c9cole Boulle, et enseigne \u00e0 Lyon. Refusant les compromis du march\u00e9 de l\u2019art, il s\u2019installe en Bourgogne dans les ann\u00e9es 1960, dans les d\u00e9pendances d\u2019un ch\u00e2teau \u00e0 Balleure. L\u00e0, dans un isolement f\u00e9cond, il sculpte avec rigueur et passion la pierre de Buxy, cr\u00e9ant des \u0153uvres puissantes, abstraites et m\u00e9ditatives.<\/p>\n<p>Inspir\u00e9 par Constantin Brancusi, Germaine Richier, Antoine Bourdelle, ou Alberto Giacometti, il s\u2019inscrit dans une filiation libre, spirituelle, min\u00e9rale.<\/p>\n\n\t\t<\/div>\n\t<\/div>\n<\/div><\/div><\/div><\/div><div class=\"vc_row wpb_row vc_row-fluid\"><div class=\"wpb_column vc_column_container vc_col-sm-12\"><div class=\"vc_column-inner\"><div class=\"wpb_wrapper\"><h2 style=\"text-align: center\" class=\"vc_custom_heading vc_do_custom_heading\" >Le parcours \u201cUne Vie de Taille\u201d<\/h2>\n\t<div class=\"wpb_text_column wpb_content_element\" >\n\t\t<div class=\"wpb_wrapper\">\n\t\t\t<p>Le parcours se d\u00e9ploie entre les b\u00e2timents de la Maison Millebuis (cour, terrasse, cuverie, vinoth\u00e8que), l\u2019ancien caveau, le quai de la vieille cave et certains lieux embl\u00e9matiques du village de Buxy comme l\u2019office de tourisme, la mairie, l\u2019\u00e9glise Saint-Germain, le restaurant \u00e9toil\u00e9 L\u2019Empreinte\u2026<\/p>\n<p>Chaque \u0153uvre est accompagn\u00e9e d\u2019un cartel p\u00e9dagogique. Le visiteur est invit\u00e9 \u00e0 une d\u00e9ambulation contemplative, dans une forme de mus\u00e9e \u00e0 ciel ouvert o\u00f9 l\u2019art et le paysage se r\u00e9pondent.<\/p>\n\n\t\t<\/div>\n\t<\/div>\n<\/div><\/div><\/div><\/div><div class=\"vc_row wpb_row vc_row-fluid\"><div class=\"wpb_column vc_column_container vc_col-sm-12\"><div class=\"vc_column-inner\"><div class=\"wpb_wrapper\"><h2 style=\"text-align: center\" class=\"vc_custom_heading vc_do_custom_heading\" >L'\u0153uvre : de la forme au souffle<\/h2>\n\t<div class=\"wpb_text_column wpb_content_element\" >\n\t\t<div class=\"wpb_wrapper\">\n\t\t\t<p>L\u2019\u0153uvre d\u2019Avoscan se divise en deux grandes p\u00e9riodes :<\/p>\n<ul>\n<li>Une premi\u00e8re p\u00e9riode (ann\u00e9es 50-70) o\u00f9 il explore une abstraction organique, avec des formes libres, primitives, proches de la m\u00e9tamorphose \u201ccaptant les courants myst\u00e9rieux du sol de Bourgogne\u201d.<\/li>\n<li>Une seconde p\u00e9riode (ann\u00e9es 80-2000) o\u00f9 l\u2019abstraction se structure : g\u00e9om\u00e9trie, verticalit\u00e9, monumentalit\u00e9, Ivan Avoscan devient sculpteur\/b\u00e2tisseur.<\/li>\n<\/ul>\n<p><strong>Th\u00e8mes r\u00e9currents :<\/strong> la Porte, la Source, les Escaliers, les Astres, le Totem, la Sph\u00e8re. La pierre est \u00e0 la fois mati\u00e8re, m\u00e9moire et souffle. Les formes sont pleines, vibrantes, aust\u00e8res, silencieuses.<\/p>\n<p>Il travaille exclusivement en taille directe, avec une rigueur spirituelle. L\u2019espace, la lumi\u00e8re, le vide sont aussi importants que la masse.<\/p>\n\n\t\t<\/div>\n\t<\/div>\n<\/div><\/div><\/div><\/div><div class=\"vc_row wpb_row vc_row-fluid\"><div class=\"wpb_column vc_column_container vc_col-sm-12\"><div class=\"vc_column-inner\"><div class=\"wpb_wrapper\">\n\t<div class=\"wpb_text_column wpb_content_element\" >\n\t\t<div class=\"wpb_wrapper\">\n\t\t\t<h3 style=\"text-align: center;\">\u201cJe transporte mentalement mes sculptures \u00e0 Cluny. Si elles r\u00e9sistent aux ruines, elles sont pr\u00eates.\u201d<\/h3>\n<p style=\"text-align: center;\">Ivan Avoscan<\/p>\n\n\t\t<\/div>\n\t<\/div>\n<\/div><\/div><\/div><\/div><div class=\"vc_row wpb_row vc_row-fluid\"><div class=\"wpb_column vc_column_container vc_col-sm-12\"><div class=\"vc_column-inner\"><div class=\"wpb_wrapper\"><div class=\"vc_separator wpb_content_element vc_separator_align_center vc_sep_width_100 vc_sep_pos_align_center vc_separator_no_text vc_sep_color_grey wpb_content_element  wpb_content_element\" ><span class=\"vc_sep_holder vc_sep_holder_l\"><span class=\"vc_sep_line\"><\/span><\/span><span class=\"vc_sep_holder vc_sep_holder_r\"><span class=\"vc_sep_line\"><\/span><\/span>\n<\/div><div class=\"vc_row wpb_row vc_inner vc_row-fluid\"><div class=\"wpb_column vc_column_container vc_col-sm-6\"><div class=\"vc_column-inner\"><div class=\"wpb_wrapper\"><h2 style=\"text-align: center\" class=\"vc_custom_heading vc_do_custom_heading\" >\u0152uvres embl\u00e9matiques expos\u00e9es \u00e0 Buxy<\/h2>\n\t<div class=\"wpb_text_column wpb_content_element\" >\n\t\t<div class=\"wpb_wrapper\">\n\t\t\t<ul>\n<li>Silence (1964)<\/li>\n<li>Sph\u00e8re de la connaissance<\/li>\n<li>Eppur si move<\/li>\n<li>Architecture humaine<\/li>\n<li>La Porte du Soleil (\u00e9tude de l&rsquo;\u0153uvre monumentale de Mont\u00e9limar)<\/li>\n<li>Le Soleil<\/li>\n<li>Drakkar<\/li>\n<\/ul>\n\n\t\t<\/div>\n\t<\/div>\n<\/div><\/div><\/div><div class=\"wpb_column vc_column_container vc_col-sm-6\"><div class=\"vc_column-inner\"><div class=\"wpb_wrapper\"><h2 style=\"text-align: center\" class=\"vc_custom_heading vc_do_custom_heading\" >\u0152uvres dans l'espace public<\/h2>\n\t<div class=\"wpb_text_column wpb_content_element\" >\n\t\t<div class=\"wpb_wrapper\">\n\t\t\t<ul>\n<li>Mont\u00e9limar \u2013 La Porte du Soleil \/ Aire de Savasse, autoroute A7<\/li>\n<li>Antibes \u2013 Porte Secr\u00e8te \/ Centre culturel<\/li>\n<li>Grenoble \u2013 Naissance d\u2019une chose int\u00e9rieure \/Village Olympique<\/li>\n<li>Chalon-sur-Sa\u00f4ne \u2013 Chemin de Vie \/ Place de la Cath\u00e9drale Saint Vincent<\/li>\n<li>Bourg-en-Bresse \u2013 Fontaine des 4 chemins \/ Place des Cordeliers<\/li>\n<li>Copenhague (Danemark) \u2013 Drakkar (1990)<\/li>\n<li>S\u00e9oul (Cor\u00e9e du Sud) \u2013 Soleil 1<\/li>\n<li>St Wendel (Allemagne) \u2013 Empreinte \/ Route des sculptures<\/li>\n<\/ul>\n\n\t\t<\/div>\n\t<\/div>\n<\/div><\/div><\/div><\/div><div class=\"vc_separator wpb_content_element vc_separator_align_center vc_sep_width_100 vc_sep_pos_align_center vc_separator_no_text vc_sep_color_grey wpb_content_element  wpb_content_element\" ><span class=\"vc_sep_holder vc_sep_holder_l\"><span class=\"vc_sep_line\"><\/span><\/span><span class=\"vc_sep_holder vc_sep_holder_r\"><span class=\"vc_sep_line\"><\/span><\/span>\n<\/div><\/div><\/div><\/div><\/div><div class=\"vc_row wpb_row vc_row-fluid\"><div class=\"wpb_column vc_column_container vc_col-sm-12\"><div class=\"vc_column-inner\"><div class=\"wpb_wrapper\">\n\t<div  class=\"wpb_single_image wpb_content_element vc_align_left wpb_content_element\">\n\t\t\n\t\t<figure class=\"wpb_wrapper vc_figure\">\n\t\t\t<div class=\"vc_single_image-wrapper   vc_box_border_grey\"><img loading=\"lazy\" decoding=\"async\" width=\"1920\" height=\"1080\" src=\"https:\/\/dev.millebuis.fr\/wp-content\/uploads\/2025\/10\/plan_buxy_oeuvres_ivan_avoscan.jpg\" class=\"vc_single_image-img attachment-full\" alt=\"\" title=\"plan_buxy_oeuvres_ivan_avoscan\" srcset=\"https:\/\/dev.millebuis.fr\/wp-content\/uploads\/2025\/10\/plan_buxy_oeuvres_ivan_avoscan.jpg 1920w, https:\/\/dev.millebuis.fr\/wp-content\/uploads\/2025\/10\/plan_buxy_oeuvres_ivan_avoscan-300x169.jpg 300w, https:\/\/dev.millebuis.fr\/wp-content\/uploads\/2025\/10\/plan_buxy_oeuvres_ivan_avoscan-1024x576.jpg 1024w, https:\/\/dev.millebuis.fr\/wp-content\/uploads\/2025\/10\/plan_buxy_oeuvres_ivan_avoscan-768x432.jpg 768w, https:\/\/dev.millebuis.fr\/wp-content\/uploads\/2025\/10\/plan_buxy_oeuvres_ivan_avoscan-1536x864.jpg 1536w, https:\/\/dev.millebuis.fr\/wp-content\/uploads\/2025\/10\/plan_buxy_oeuvres_ivan_avoscan-18x10.jpg 18w\" sizes=\"auto, (max-width: 1920px) 100vw, 1920px\" \/><\/div>\n\t\t<\/figure>\n\t<\/div>\n\n\t<div  class=\"wpb_single_image wpb_content_element vc_align_left wpb_content_element\">\n\t\t\n\t\t<figure class=\"wpb_wrapper vc_figure\">\n\t\t\t<div class=\"vc_single_image-wrapper   vc_box_border_grey\"><img loading=\"lazy\" decoding=\"async\" width=\"1920\" height=\"1080\" src=\"https:\/\/dev.millebuis.fr\/wp-content\/uploads\/2025\/10\/plan_maison_millebuis_oeuvres_ivan_avoscan.jpg\" class=\"vc_single_image-img attachment-full\" alt=\"\" title=\"plan_maison_millebuis_oeuvres_ivan_avoscan\" srcset=\"https:\/\/dev.millebuis.fr\/wp-content\/uploads\/2025\/10\/plan_maison_millebuis_oeuvres_ivan_avoscan.jpg 1920w, https:\/\/dev.millebuis.fr\/wp-content\/uploads\/2025\/10\/plan_maison_millebuis_oeuvres_ivan_avoscan-300x169.jpg 300w, https:\/\/dev.millebuis.fr\/wp-content\/uploads\/2025\/10\/plan_maison_millebuis_oeuvres_ivan_avoscan-1024x576.jpg 1024w, https:\/\/dev.millebuis.fr\/wp-content\/uploads\/2025\/10\/plan_maison_millebuis_oeuvres_ivan_avoscan-768x432.jpg 768w, https:\/\/dev.millebuis.fr\/wp-content\/uploads\/2025\/10\/plan_maison_millebuis_oeuvres_ivan_avoscan-1536x864.jpg 1536w, https:\/\/dev.millebuis.fr\/wp-content\/uploads\/2025\/10\/plan_maison_millebuis_oeuvres_ivan_avoscan-18x10.jpg 18w\" sizes=\"auto, (max-width: 1920px) 100vw, 1920px\" \/><\/div>\n\t\t<\/figure>\n\t<\/div>\n<\/div><\/div><\/div><\/div><div class=\"vc_row wpb_row vc_row-fluid\"><div class=\"wpb_column vc_column_container vc_col-sm-12\"><div class=\"vc_column-inner\"><div class=\"wpb_wrapper\"><div class=\"vc_separator wpb_content_element vc_separator_align_center vc_sep_width_100 vc_sep_pos_align_center vc_separator_no_text vc_sep_color_grey wpb_content_element  wpb_content_element\" ><span class=\"vc_sep_holder vc_sep_holder_l\"><span class=\"vc_sep_line\"><\/span><\/span><span class=\"vc_sep_holder vc_sep_holder_r\"><span class=\"vc_sep_line\"><\/span><\/span>\n<\/div><h2 style=\"text-align: center\" class=\"vc_custom_heading vc_do_custom_heading\" >Bibliographie et citations<\/h2>\n\t<div class=\"wpb_text_column wpb_content_element\" >\n\t\t<div class=\"wpb_wrapper\">\n\t\t\t<p>&#8211; Ionel Jianou : \u201cDresser vers le ciel son propre chant du monde\u201d<br \/>\n&#8211; Ren\u00e9 Deroudille : \u201cL\u2019enchantement s\u2019est accompli\u2026 la pierre a livr\u00e9 ses secrets\u201d<br \/>\n&#8211; Entretien France Culture (1989)<br \/>\n&#8211; Archives personnelles de l\u2019artiste \u2013 disponibles via l\u2019association \u201cIvan Avoscan Buxy Terre de Sculpteurs\u201d<\/p>\n\n\t\t<\/div>\n\t<\/div>\n<div class=\"vc_separator wpb_content_element vc_separator_align_center vc_sep_width_100 vc_sep_pos_align_center vc_separator_no_text vc_sep_color_grey wpb_content_element  wpb_content_element\" ><span class=\"vc_sep_holder vc_sep_holder_l\"><span class=\"vc_sep_line\"><\/span><\/span><span class=\"vc_sep_holder vc_sep_holder_r\"><span class=\"vc_sep_line\"><\/span><\/span>\n<\/div><\/div><\/div><\/div><\/div><div class=\"vc_row wpb_row vc_row-fluid\"><div class=\"wpb_column vc_column_container vc_col-sm-12\"><div class=\"vc_column-inner\"><div class=\"wpb_wrapper\"><div class=\"vc_empty_space\"   style=\"height: 32px\"><span class=\"vc_empty_space_inner\"><\/span><\/div><\/div><\/div><\/div><\/div>\n<\/div>","protected":false},"excerpt":{"rendered":"\u2014 page en cours de r\u00e9alisation \u2014 IVAN AVOSCAN, UNE VIE DE TAILLE Parcours mus\u00e9ographique \u00c0 [...]","protected":false},"author":1,"featured_media":0,"parent":0,"menu_order":0,"comment_status":"closed","ping_status":"closed","template":"","meta":{"footnotes":""},"class_list":["post-4403","page","type-page","status-publish","hentry"],"yoast_head":"<!-- This site is optimized with the Yoast SEO plugin v26.2 - https:\/\/yoast.com\/wordpress\/plugins\/seo\/ -->\n<title>Avoscan - Millebuis<\/title>\n<meta name=\"description\" content=\"Avoscan - Millebuis\" \/>\n<meta name=\"robots\" content=\"index, follow, max-snippet:-1, max-image-preview:large, max-video-preview:-1\" \/>\n<link rel=\"canonical\" href=\"https:\/\/dev.millebuis.fr\/en\/avoscan\/\" \/>\n<meta property=\"og:locale\" content=\"en_GB\" \/>\n<meta property=\"og:type\" content=\"article\" \/>\n<meta property=\"og:title\" content=\"Avoscan - Millebuis\" \/>\n<meta property=\"og:description\" content=\"Avoscan - Millebuis\" \/>\n<meta property=\"og:url\" content=\"https:\/\/dev.millebuis.fr\/en\/avoscan\/\" \/>\n<meta property=\"og:site_name\" content=\"Millebuis\" \/>\n<meta property=\"article:modified_time\" content=\"2025-10-09T16:48:33+00:00\" \/>\n<meta name=\"twitter:card\" content=\"summary_large_image\" \/>\n<meta name=\"twitter:label1\" content=\"Estimated reading time\" \/>\n\t<meta name=\"twitter:data1\" content=\"4 minutes\" \/>\n<!-- \/ Yoast SEO plugin. -->","yoast_head_json":{"title":"Avoscan - Millebuis","description":"Avoscan - Millebuis","robots":{"index":"index","follow":"follow","max-snippet":"max-snippet:-1","max-image-preview":"max-image-preview:large","max-video-preview":"max-video-preview:-1"},"canonical":"https:\/\/dev.millebuis.fr\/en\/avoscan\/","og_locale":"en_GB","og_type":"article","og_title":"Avoscan - Millebuis","og_description":"Avoscan - Millebuis","og_url":"https:\/\/dev.millebuis.fr\/en\/avoscan\/","og_site_name":"Millebuis","article_modified_time":"2025-10-09T16:48:33+00:00","twitter_card":"summary_large_image","twitter_misc":{"Estimated reading time":"4 minutes"},"schema":{"@context":"https:\/\/schema.org","@graph":[{"@type":"WebPage","@id":"https:\/\/dev.millebuis.fr\/avoscan\/","url":"https:\/\/dev.millebuis.fr\/avoscan\/","name":"Avoscan - Millebuis","isPartOf":{"@id":"https:\/\/dev.millebuis.fr\/#website"},"datePublished":"2025-10-01T10:54:07+00:00","dateModified":"2025-10-09T16:48:33+00:00","description":"Avoscan - Millebuis","breadcrumb":{"@id":"https:\/\/dev.millebuis.fr\/avoscan\/#breadcrumb"},"inLanguage":"en-GB","potentialAction":[{"@type":"ReadAction","target":["https:\/\/dev.millebuis.fr\/avoscan\/"]}]},{"@type":"BreadcrumbList","@id":"https:\/\/dev.millebuis.fr\/avoscan\/#breadcrumb","itemListElement":[{"@type":"ListItem","position":1,"name":"Accueil","item":"https:\/\/dev.millebuis.fr\/"},{"@type":"ListItem","position":2,"name":"Avoscan"}]},{"@type":"WebSite","@id":"https:\/\/dev.millebuis.fr\/#website","url":"https:\/\/dev.millebuis.fr\/","name":"Millebuis","description":"Vins fins de la C\u00f4te Chalonnaise","inLanguage":"en-GB"}]}},"_links":{"self":[{"href":"https:\/\/dev.millebuis.fr\/en\/wp-json\/wp\/v2\/pages\/4403","targetHints":{"allow":["GET"]}}],"collection":[{"href":"https:\/\/dev.millebuis.fr\/en\/wp-json\/wp\/v2\/pages"}],"about":[{"href":"https:\/\/dev.millebuis.fr\/en\/wp-json\/wp\/v2\/types\/page"}],"author":[{"embeddable":true,"href":"https:\/\/dev.millebuis.fr\/en\/wp-json\/wp\/v2\/users\/1"}],"replies":[{"embeddable":true,"href":"https:\/\/dev.millebuis.fr\/en\/wp-json\/wp\/v2\/comments?post=4403"}],"version-history":[{"count":45,"href":"https:\/\/dev.millebuis.fr\/en\/wp-json\/wp\/v2\/pages\/4403\/revisions"}],"predecessor-version":[{"id":4477,"href":"https:\/\/dev.millebuis.fr\/en\/wp-json\/wp\/v2\/pages\/4403\/revisions\/4477"}],"wp:attachment":[{"href":"https:\/\/dev.millebuis.fr\/en\/wp-json\/wp\/v2\/media?parent=4403"}],"curies":[{"name":"wp","href":"https:\/\/api.w.org\/{rel}","templated":true}]}}