{"id":39,"date":"2021-03-11T14:31:11","date_gmt":"2021-03-11T13:31:11","guid":{"rendered":"https:\/\/dev.millebuis.fr\/?page_id=39"},"modified":"2021-04-26T14:05:41","modified_gmt":"2021-04-26T12:05:41","slug":"les-cremants","status":"publish","type":"page","link":"https:\/\/dev.millebuis.fr\/en\/les-cremants\/","title":{"rendered":"Les cr\u00e9mants"},"content":{"rendered":"<div class=\"wpb-content-wrapper\"><div class=\"vc_row wpb_row vc_row-fluid\"><div class=\"wpb_column vc_column_container vc_col-sm-12\"><div class=\"vc_column-inner\"><div class=\"wpb_wrapper\"><h1 style=\"text-align: left\" class=\"vc_custom_heading vc_do_custom_heading\" >THE CR\u00c9MANTS<\/h1>\n\t<div class=\"wpb_text_column wpb_content_element\" >\n\t\t<div class=\"wpb_wrapper\">\n\t\t\t<p>La C\u00f4te Chalonnaise is therefore the probable birthplace of\u00a0<strong>Cr\u00e9mant de Bourgogne<\/strong>. In 1822, some wine merchants from Chalon-sur-Sa\u00f4ne with vineyards in Rully and Mercurey invited a young winemaker from Champagne to their estates. This initiative resulted in the creation of sparkling white wine in Burgundy, and a thriving tradition\u2026 Today our winegrowers cultivate vines specifically for Cr\u00e9mant production (mostly Pinot Noir), the harvest being vinified in our wineries and then transformed into sparkling wine at Caves Bailly Lapierre since 1998.<\/p>\n\n\t\t<\/div>\n\t<\/div>\n<style>.vc_btn3-style-gradient-custom.vc_btn-gradient-btn-69de3d251ffe3:hover{color: #ffffff;background-color: #c33e4b;border: none;background-position: 100% 0;}<\/style><style>.vc_btn3-style-gradient-custom.vc_btn-gradient-btn-69de3d251ffe3{color: #ffffff;border: none;background-color: #c33e4b;background-image: -webkit-linear-gradient(left, #c33e4b 0%, #c33e4b 50%,#c33e4b 100%);background-image: linear-gradient(to right, #c33e4b 0%, #c33e4b 50%,#c33e4b 100%);-webkit-transition: all .2s ease-in-out;transition: all .2s ease-in-out;background-size: 200% 100%;}<\/style><div class=\"vc_btn3-container vc_btn3-center vc_do_btn\" ><a data-vc-gradient-1=\"#c33e4b\" data-vc-gradient-2=\"#c33e4b\" class=\"vc_general vc_btn3 vc_btn3-size-md vc_btn3-shape-square vc_btn3-style-gradient-custom vc_btn-gradient-btn-69de3d251ffe3\" href=\"https:\/\/boutidev.millebuis.fr\/les-cremants\/\" title=\"\" target=\"_blank\">BUY THE CR\u00c9MANTS<\/a><\/div><div class=\"vc_empty_space\"   style=\"height: 50px\"><span class=\"vc_empty_space_inner\"><\/span><\/div><\/div><\/div><\/div><\/div><div class=\"vc_row wpb_row vc_row-fluid\"><div class=\"wpb_column vc_column_container vc_col-sm-3\"><div class=\"vc_column-inner\"><div class=\"wpb_wrapper\">\n\t<div  class=\"wpb_single_image wpb_content_element vc_align_center wpb_content_element\">\n\t\t\n\t\t<figure class=\"wpb_wrapper vc_figure\">\n\t\t\t<div class=\"vc_single_image-wrapper   vc_box_border_grey\"><img loading=\"lazy\" decoding=\"async\" width=\"96\" height=\"300\" src=\"https:\/\/dev.millebuis.fr\/wp-content\/uploads\/2021\/03\/Millebuis_Cremant_de_Bourgogne-96x300.jpeg\" class=\"vc_single_image-img attachment-medium\" alt=\"\" title=\"Millebuis_Cremant_de_Bourgogne\" srcset=\"https:\/\/dev.millebuis.fr\/wp-content\/uploads\/2021\/03\/Millebuis_Cremant_de_Bourgogne-96x300.jpeg 96w, https:\/\/dev.millebuis.fr\/wp-content\/uploads\/2021\/03\/Millebuis_Cremant_de_Bourgogne-328x1024.jpeg 328w, https:\/\/dev.millebuis.fr\/wp-content\/uploads\/2021\/03\/Millebuis_Cremant_de_Bourgogne.jpeg 330w\" sizes=\"auto, (max-width: 96px) 100vw, 96px\" \/><\/div>\n\t\t<\/figure>\n\t<\/div>\n<h4 style=\"text-align: center\" class=\"vc_custom_heading vc_do_custom_heading\" >CR\u00c9MANT<br \/>\nDE BOURGOGNE<\/h4><div class=\"vc_empty_space\"   style=\"height: 18px\"><span class=\"vc_empty_space_inner\"><\/span><\/div><style>.vc_btn3-style-gradient-custom.vc_btn-gradient-btn-69de3d252110b:hover{color: #ffffff;background-color: #c33e4b;border: none;background-position: 100% 0;}<\/style><style>.vc_btn3-style-gradient-custom.vc_btn-gradient-btn-69de3d252110b{color: #ffffff;border: none;background-color: #c33e4b;background-image: -webkit-linear-gradient(left, #c33e4b 0%, #c33e4b 50%,#c33e4b 100%);background-image: linear-gradient(to right, #c33e4b 0%, #c33e4b 50%,#c33e4b 100%);-webkit-transition: all .2s ease-in-out;transition: all .2s ease-in-out;background-size: 200% 100%;}<\/style><div class=\"vc_btn3-container vc_btn3-center vc_do_btn\" ><a data-vc-gradient-1=\"#c33e4b\" data-vc-gradient-2=\"#c33e4b\" class=\"vc_general vc_btn3 vc_btn3-size-sm vc_btn3-shape-square vc_btn3-style-gradient-custom vc_btn-gradient-btn-69de3d252110b\" href=\"https:\/\/dev.millebuis.fr\/wp-content\/uploads\/2021\/03\/millebuis_fiche_cremant_de_bourgogne.pdf\" title=\"\" target=\"_blank\">DOWNLOAD DATASHEET<\/a><\/div>\n\t<div class=\"wpb_text_column wpb_content_element\" >\n\t\t<div class=\"wpb_wrapper\">\n\t\t\t<p>This Cr\u00e9mant combines the characters of Pinot Noir and Chardonnay, the two giants of Bourgogne viticulture.\nTogether they give a wine that, paradoxically, offers a very polished harmony and precise balance. There is also a fruity character with intense freshness and finesse.<\/p>\n\n\t\t<\/div>\n\t<\/div>\n<\/div><\/div><\/div><div class=\"wpb_column vc_column_container vc_col-sm-3\"><div class=\"vc_column-inner\"><div class=\"wpb_wrapper\">\n\t<div  class=\"wpb_single_image wpb_content_element vc_align_center wpb_content_element\">\n\t\t\n\t\t<figure class=\"wpb_wrapper vc_figure\">\n\t\t\t<div class=\"vc_single_image-wrapper   vc_box_border_grey\"><img loading=\"lazy\" decoding=\"async\" width=\"96\" height=\"300\" src=\"https:\/\/dev.millebuis.fr\/wp-content\/uploads\/2021\/03\/Millebuis_Cremant_de_Bourgogne_Blanche-96x300.jpeg\" class=\"vc_single_image-img attachment-medium\" alt=\"\" title=\"Millebuis_Cremant_de_Bourgogne_Blanche\" srcset=\"https:\/\/dev.millebuis.fr\/wp-content\/uploads\/2021\/03\/Millebuis_Cremant_de_Bourgogne_Blanche-96x300.jpeg 96w, https:\/\/dev.millebuis.fr\/wp-content\/uploads\/2021\/03\/Millebuis_Cremant_de_Bourgogne_Blanche-328x1024.jpeg 328w, https:\/\/dev.millebuis.fr\/wp-content\/uploads\/2021\/03\/Millebuis_Cremant_de_Bourgogne_Blanche.jpeg 330w\" sizes=\"auto, (max-width: 96px) 100vw, 96px\" \/><\/div>\n\t\t<\/figure>\n\t<\/div>\n<h4 style=\"text-align: center\" class=\"vc_custom_heading vc_do_custom_heading\" >CR\u00c9MANT<br \/>\nDE BOURGOGNE<br \/>\n\"BLANCHE\"<\/h4><style>.vc_btn3-style-gradient-custom.vc_btn-gradient-btn-69de3d2521ad7:hover{color: #ffffff;background-color: #c33e4b;border: none;background-position: 100% 0;}<\/style><style>.vc_btn3-style-gradient-custom.vc_btn-gradient-btn-69de3d2521ad7{color: #ffffff;border: none;background-color: #c33e4b;background-image: -webkit-linear-gradient(left, #c33e4b 0%, #c33e4b 50%,#c33e4b 100%);background-image: linear-gradient(to right, #c33e4b 0%, #c33e4b 50%,#c33e4b 100%);-webkit-transition: all .2s ease-in-out;transition: all .2s ease-in-out;background-size: 200% 100%;}<\/style><div class=\"vc_btn3-container vc_btn3-center vc_do_btn\" ><a data-vc-gradient-1=\"#c33e4b\" data-vc-gradient-2=\"#c33e4b\" class=\"vc_general vc_btn3 vc_btn3-size-sm vc_btn3-shape-square vc_btn3-style-gradient-custom vc_btn-gradient-btn-69de3d2521ad7\" href=\"https:\/\/dev.millebuis.fr\/wp-content\/uploads\/2021\/09\/millebuis_cremant_blanche_ang.pdf\" title=\"\" target=\"_blank\">DOWNLOAD DATASHEET<\/a><\/div>\n\t<div class=\"wpb_text_column wpb_content_element\" >\n\t\t<div class=\"wpb_wrapper\">\n\t\t\t<p>\u2022 Visual: Brilliant, pale golden colour.<br \/>\n\u2022 Nose: Notes of biscuit and ripe stone-fruit with a touch of white flowers and sweet almonds.<br \/>\n\u2022 Palate: Pronounced purity, depth and subtle minerality with remarkable length that slowly unfolds.<br \/>\nThis is a celebration wine as it has both balance and substance. It will also pair well with refined cuisine.<\/p>\n\n\t\t<\/div>\n\t<\/div>\n<\/div><\/div><\/div><div class=\"wpb_column vc_column_container vc_col-sm-3\"><div class=\"vc_column-inner\"><div class=\"wpb_wrapper\">\n\t<div  class=\"wpb_single_image wpb_content_element vc_align_center wpb_content_element\">\n\t\t\n\t\t<figure class=\"wpb_wrapper vc_figure\">\n\t\t\t<div class=\"vc_single_image-wrapper   vc_box_border_grey\"><img loading=\"lazy\" decoding=\"async\" width=\"96\" height=\"300\" src=\"https:\/\/dev.millebuis.fr\/wp-content\/uploads\/2021\/03\/Millebuis_Cremant_de_Bourgogne_Rose-96x300.jpeg\" class=\"vc_single_image-img attachment-medium\" alt=\"\" title=\"Millebuis_Cremant_de_Bourgogne_Rose\" srcset=\"https:\/\/dev.millebuis.fr\/wp-content\/uploads\/2021\/03\/Millebuis_Cremant_de_Bourgogne_Rose-96x300.jpeg 96w, https:\/\/dev.millebuis.fr\/wp-content\/uploads\/2021\/03\/Millebuis_Cremant_de_Bourgogne_Rose-328x1024.jpeg 328w, https:\/\/dev.millebuis.fr\/wp-content\/uploads\/2021\/03\/Millebuis_Cremant_de_Bourgogne_Rose.jpeg 330w\" sizes=\"auto, (max-width: 96px) 100vw, 96px\" \/><\/div>\n\t\t<\/figure>\n\t<\/div>\n<h4 style=\"text-align: center\" class=\"vc_custom_heading vc_do_custom_heading\" >CR\u00c9MANT<br \/>\nDE BOURGOGNE<br \/>\n\"ROSE\"<\/h4><style>.vc_btn3-style-gradient-custom.vc_btn-gradient-btn-69de3d252237d:hover{color: #ffffff;background-color: #c33e4b;border: none;background-position: 100% 0;}<\/style><style>.vc_btn3-style-gradient-custom.vc_btn-gradient-btn-69de3d252237d{color: #ffffff;border: none;background-color: #c33e4b;background-image: -webkit-linear-gradient(left, #c33e4b 0%, #c33e4b 50%,#c33e4b 100%);background-image: linear-gradient(to right, #c33e4b 0%, #c33e4b 50%,#c33e4b 100%);-webkit-transition: all .2s ease-in-out;transition: all .2s ease-in-out;background-size: 200% 100%;}<\/style><div class=\"vc_btn3-container vc_btn3-center vc_do_btn\" ><a data-vc-gradient-1=\"#c33e4b\" data-vc-gradient-2=\"#c33e4b\" class=\"vc_general vc_btn3 vc_btn3-size-sm vc_btn3-shape-square vc_btn3-style-gradient-custom vc_btn-gradient-btn-69de3d252237d\" href=\"https:\/\/dev.millebuis.fr\/wp-content\/uploads\/2021\/09\/millebuis_cremant_rose_ang.pdf\" title=\"\" target=\"_blank\">DOWNLOAD DATASHEET<\/a><\/div>\n\t<div class=\"wpb_text_column wpb_content_element\" >\n\t\t<div class=\"wpb_wrapper\">\n\t\t\t<p>Visual: Golden-pink colouring with light orange glints.<br \/>\n\u2022 Nose: Notes of rose petals, biscuits, sweet almonds and cherry pips.<br \/>\n\u2022 Palate: Tender, subtle, aerial and deliciously refreshing, the red fruit flavours linger almost infinitely.<br \/>\nThis is a celebration wine as it has both balance and substance. It will also pair well with refined cuisine.<\/p>\n\n\t\t<\/div>\n\t<\/div>\n<\/div><\/div><\/div><div class=\"wpb_column vc_column_container vc_col-sm-3\"><div class=\"vc_column-inner\"><div class=\"wpb_wrapper\"><\/div><\/div><\/div><\/div><div class=\"vc_row wpb_row vc_row-fluid\"><div class=\"wpb_column vc_column_container vc_col-sm-12\"><div class=\"vc_column-inner\"><div class=\"wpb_wrapper\"><div class=\"vc_separator wpb_content_element vc_separator_align_center vc_sep_width_100 vc_sep_pos_align_center vc_separator_no_text vc_sep_color_grey wpb_content_element  wpb_content_element\" ><span class=\"vc_sep_holder vc_sep_holder_l\"><span class=\"vc_sep_line\"><\/span><\/span><span class=\"vc_sep_holder vc_sep_holder_r\"><span class=\"vc_sep_line\"><\/span><\/span>\n<\/div><\/div><\/div><\/div><\/div>\n<\/div>","protected":false},"excerpt":{"rendered":"LES CR\u00c9MANTS La C\u00f4te Chalonnaise est tr\u00e8s vraisemblablement le berceau g\u00e9ographique du\u00a0Cr\u00e9mant de Bourgogne. En 1822, [...]","protected":false},"author":1,"featured_media":0,"parent":0,"menu_order":0,"comment_status":"closed","ping_status":"closed","template":"","meta":{"footnotes":""},"class_list":["post-39","page","type-page","status-publish","hentry"],"yoast_head":"<!-- This site is optimized with the Yoast SEO plugin v26.2 - https:\/\/yoast.com\/wordpress\/plugins\/seo\/ -->\n<title>Les Cr\u00e9mants<\/title>\n<meta name=\"description\" content=\"La C\u00f4te Chalonnaise est tr\u00e8s vraisemblablement le berceau g\u00e9ographique du Cr\u00e9mant de Bourgogne. Nos vignerons cultivent des vignes d\u00e9di\u00e9es au cr\u00e9mant.\" \/>\n<meta name=\"robots\" content=\"index, follow, max-snippet:-1, max-image-preview:large, max-video-preview:-1\" \/>\n<link rel=\"canonical\" href=\"https:\/\/dev.millebuis.fr\/en\/les-cremants\/\" \/>\n<meta property=\"og:locale\" content=\"en_GB\" \/>\n<meta property=\"og:type\" content=\"article\" \/>\n<meta property=\"og:title\" content=\"Les Cr\u00e9mants\" \/>\n<meta property=\"og:description\" content=\"La C\u00f4te Chalonnaise est tr\u00e8s vraisemblablement le berceau g\u00e9ographique du Cr\u00e9mant de Bourgogne. Nos vignerons cultivent des vignes d\u00e9di\u00e9es au cr\u00e9mant.\" \/>\n<meta property=\"og:url\" content=\"https:\/\/dev.millebuis.fr\/en\/les-cremants\/\" \/>\n<meta property=\"og:site_name\" content=\"Millebuis\" \/>\n<meta property=\"article:modified_time\" content=\"2021-04-26T12:05:41+00:00\" \/>\n<meta name=\"twitter:card\" content=\"summary_large_image\" \/>\n<meta name=\"twitter:label1\" content=\"Estimated reading time\" \/>\n\t<meta name=\"twitter:data1\" content=\"3 minutes\" \/>\n<!-- \/ Yoast SEO plugin. -->","yoast_head_json":{"title":"Les Cr\u00e9mants","description":"La C\u00f4te Chalonnaise est tr\u00e8s vraisemblablement le berceau g\u00e9ographique du Cr\u00e9mant de Bourgogne. Nos vignerons cultivent des vignes d\u00e9di\u00e9es au cr\u00e9mant.","robots":{"index":"index","follow":"follow","max-snippet":"max-snippet:-1","max-image-preview":"max-image-preview:large","max-video-preview":"max-video-preview:-1"},"canonical":"https:\/\/dev.millebuis.fr\/en\/les-cremants\/","og_locale":"en_GB","og_type":"article","og_title":"Les Cr\u00e9mants","og_description":"La C\u00f4te Chalonnaise est tr\u00e8s vraisemblablement le berceau g\u00e9ographique du Cr\u00e9mant de Bourgogne. Nos vignerons cultivent des vignes d\u00e9di\u00e9es au cr\u00e9mant.","og_url":"https:\/\/dev.millebuis.fr\/en\/les-cremants\/","og_site_name":"Millebuis","article_modified_time":"2021-04-26T12:05:41+00:00","twitter_card":"summary_large_image","twitter_misc":{"Estimated reading time":"3 minutes"},"schema":{"@context":"https:\/\/schema.org","@graph":[{"@type":"WebPage","@id":"https:\/\/dev.millebuis.fr\/les-cremants\/","url":"https:\/\/dev.millebuis.fr\/les-cremants\/","name":"Les Cr\u00e9mants","isPartOf":{"@id":"https:\/\/dev.millebuis.fr\/#website"},"datePublished":"2021-03-11T13:31:11+00:00","dateModified":"2021-04-26T12:05:41+00:00","description":"La C\u00f4te Chalonnaise est tr\u00e8s vraisemblablement le berceau g\u00e9ographique du Cr\u00e9mant de Bourgogne. Nos vignerons cultivent des vignes d\u00e9di\u00e9es au cr\u00e9mant.","breadcrumb":{"@id":"https:\/\/dev.millebuis.fr\/les-cremants\/#breadcrumb"},"inLanguage":"en-GB","potentialAction":[{"@type":"ReadAction","target":["https:\/\/dev.millebuis.fr\/les-cremants\/"]}]},{"@type":"BreadcrumbList","@id":"https:\/\/dev.millebuis.fr\/les-cremants\/#breadcrumb","itemListElement":[{"@type":"ListItem","position":1,"name":"Accueil","item":"https:\/\/dev.millebuis.fr\/"},{"@type":"ListItem","position":2,"name":"Les cr\u00e9mants"}]},{"@type":"WebSite","@id":"https:\/\/dev.millebuis.fr\/#website","url":"https:\/\/dev.millebuis.fr\/","name":"Millebuis","description":"Vins fins de la C\u00f4te Chalonnaise","inLanguage":"en-GB"}]}},"_links":{"self":[{"href":"https:\/\/dev.millebuis.fr\/en\/wp-json\/wp\/v2\/pages\/39","targetHints":{"allow":["GET"]}}],"collection":[{"href":"https:\/\/dev.millebuis.fr\/en\/wp-json\/wp\/v2\/pages"}],"about":[{"href":"https:\/\/dev.millebuis.fr\/en\/wp-json\/wp\/v2\/types\/page"}],"author":[{"embeddable":true,"href":"https:\/\/dev.millebuis.fr\/en\/wp-json\/wp\/v2\/users\/1"}],"replies":[{"embeddable":true,"href":"https:\/\/dev.millebuis.fr\/en\/wp-json\/wp\/v2\/comments?post=39"}],"version-history":[{"count":5,"href":"https:\/\/dev.millebuis.fr\/en\/wp-json\/wp\/v2\/pages\/39\/revisions"}],"predecessor-version":[{"id":921,"href":"https:\/\/dev.millebuis.fr\/en\/wp-json\/wp\/v2\/pages\/39\/revisions\/921"}],"wp:attachment":[{"href":"https:\/\/dev.millebuis.fr\/en\/wp-json\/wp\/v2\/media?parent=39"}],"curies":[{"name":"wp","href":"https:\/\/api.w.org\/{rel}","templated":true}]}}