{"id":37,"date":"2021-03-11T14:30:51","date_gmt":"2021-03-11T13:30:51","guid":{"rendered":"https:\/\/dev.millebuis.fr\/?page_id=37"},"modified":"2022-03-16T09:16:43","modified_gmt":"2022-03-16T08:16:43","slug":"les-pepites","status":"publish","type":"page","link":"https:\/\/dev.millebuis.fr\/en\/les-pepites\/","title":{"rendered":"Les P\u00e9pites"},"content":{"rendered":"<div class=\"wpb-content-wrapper\"><div class=\"vc_row wpb_row vc_row-fluid\"><div class=\"wpb_column vc_column_container vc_col-sm-12\"><div class=\"vc_column-inner\"><div class=\"wpb_wrapper\"><h1 style=\"text-align: left\" class=\"vc_custom_heading vc_do_custom_heading\" >THE GEMS<\/h1>\n\t<div class=\"wpb_text_column wpb_content_element\" >\n\t\t<div class=\"wpb_wrapper\">\n\t\t\t<p>Millebuis, c\u2019est une large gamme de vins qui illustrent les nuances de la C\u00f4te Chalonnaise.<br \/>\nParmi les plus \u201cpetites\u201d origines, 3 climats renomm\u00e9s sont propos\u00e9s \u00e0 la d\u00e9gustation.<\/p>\n\n\t\t<\/div>\n\t<\/div>\n<style>.vc_btn3-style-gradient-custom.vc_btn-gradient-btn-69e1415625247:hover{color: #ffffff;background-color: #c33e4b;border: none;background-position: 100% 0;}<\/style><style>.vc_btn3-style-gradient-custom.vc_btn-gradient-btn-69e1415625247{color: #ffffff;border: none;background-color: #c33e4b;background-image: -webkit-linear-gradient(left, #c33e4b 0%, #c33e4b 50%,#c33e4b 100%);background-image: linear-gradient(to right, #c33e4b 0%, #c33e4b 50%,#c33e4b 100%);-webkit-transition: all .2s ease-in-out;transition: all .2s ease-in-out;background-size: 200% 100%;}<\/style><div class=\"vc_btn3-container vc_btn3-center vc_do_btn\" ><a data-vc-gradient-1=\"#c33e4b\" data-vc-gradient-2=\"#c33e4b\" class=\"vc_general vc_btn3 vc_btn3-size-md vc_btn3-shape-square vc_btn3-style-gradient-custom vc_btn-gradient-btn-69e1415625247\" href=\"https:\/\/boutidev.millebuis.fr\/les-pepites\/\" title=\"\" target=\"_blank\">BUY THE GEMS<\/a><\/div><div class=\"vc_empty_space\"   style=\"height: 50px\"><span class=\"vc_empty_space_inner\"><\/span><\/div><\/div><\/div><\/div><\/div><div class=\"vc_row wpb_row vc_row-fluid\"><div class=\"wpb_column vc_column_container vc_col-sm-3\"><div class=\"vc_column-inner\"><div class=\"wpb_wrapper\">\n\t<div  class=\"wpb_single_image wpb_content_element vc_align_center wpb_content_element\">\n\t\t\n\t\t<figure class=\"wpb_wrapper vc_figure\">\n\t\t\t<div class=\"vc_single_image-wrapper   vc_box_border_grey\"><img loading=\"lazy\" decoding=\"async\" width=\"81\" height=\"300\" src=\"https:\/\/dev.millebuis.fr\/wp-content\/uploads\/2021\/03\/Millebuis_Montagny_1er_cru_Vigne_du_Soleil_BLC_15-81x300.jpeg\" class=\"vc_single_image-img attachment-medium\" alt=\"\" title=\"Millebuis_Montagny_1er_cru_Vigne_du_Soleil_BLC_15\" srcset=\"https:\/\/dev.millebuis.fr\/wp-content\/uploads\/2021\/03\/Millebuis_Montagny_1er_cru_Vigne_du_Soleil_BLC_15-81x300.jpeg 81w, https:\/\/dev.millebuis.fr\/wp-content\/uploads\/2021\/03\/Millebuis_Montagny_1er_cru_Vigne_du_Soleil_BLC_15.jpeg 267w\" sizes=\"auto, (max-width: 81px) 100vw, 81px\" \/><\/div>\n\t\t<\/figure>\n\t<\/div>\n<h4 style=\"text-align: center\" class=\"vc_custom_heading vc_do_custom_heading vc_custom_1615845136133\" >MONTAGNY 1ER CRU<br \/>\n\"VIGNE DU SOLEIL\"<\/h4>\n\t<div class=\"wpb_video_widget wpb_content_element vc_clearfix   vc_video-aspect-ratio-169 vc_video-el-width-100 vc_video-align-left\" >\n\t\t<div class=\"wpb_wrapper\">\n\t\t\t\n\t\t\t<div class=\"wpb_video_wrapper\"><iframe loading=\"lazy\" title=\"Montagny 1er Cru &quot;Vigne du Soleil&quot;\" width=\"500\" height=\"281\" src=\"https:\/\/www.youtube.com\/embed\/TWZtfRRPS3M?feature=oembed\" frameborder=\"0\" allow=\"accelerometer; autoplay; clipboard-write; encrypted-media; gyroscope; picture-in-picture; web-share\" referrerpolicy=\"strict-origin-when-cross-origin\" allowfullscreen><\/iframe><\/div>\n\t\t<\/div>\n\t<\/div>\n\n\t<div class=\"wpb_text_column wpb_content_element\" >\n\t\t<div class=\"wpb_wrapper\">\n\t\t\t<p style=\"text-align: center;\"><a href=\"https:\/\/youtu.be\/TWZtfRRPS3M\" target=\"_blank\" rel=\"noopener\">Full screen<\/a><\/p>\n\n\t\t<\/div>\n\t<\/div>\n<style>.vc_btn3-style-gradient-custom.vc_btn-gradient-btn-69e1415626d3d:hover{color: #ffffff;background-color: #c33e4b;border: none;background-position: 100% 0;}<\/style><style>.vc_btn3-style-gradient-custom.vc_btn-gradient-btn-69e1415626d3d{color: #ffffff;border: none;background-color: #c33e4b;background-image: -webkit-linear-gradient(left, #c33e4b 0%, #c33e4b 50%,#c33e4b 100%);background-image: linear-gradient(to right, #c33e4b 0%, #c33e4b 50%,#c33e4b 100%);-webkit-transition: all .2s ease-in-out;transition: all .2s ease-in-out;background-size: 200% 100%;}<\/style><div class=\"vc_btn3-container vc_btn3-center vc_do_btn\" ><a data-vc-gradient-1=\"#c33e4b\" data-vc-gradient-2=\"#c33e4b\" class=\"vc_general vc_btn3 vc_btn3-size-sm vc_btn3-shape-square vc_btn3-style-gradient-custom vc_btn-gradient-btn-69e1415626d3d\" href=\"https:\/\/dev.millebuis.fr\/wp-content\/uploads\/2021\/09\/vigne_du_soleil_ang.pdf\" title=\"\" target=\"_blank\">DOWNLOAD DATASHEET<\/a><\/div>\n\t<div class=\"wpb_text_column wpb_content_element\" >\n\t\t<div class=\"wpb_wrapper\">\n\t\t\t<p>Covering an area of 4.7 hectares, \u201cVigne du Soleil\u201d is the sunniest vineyard of the Montagny 1<sup>er<\/sup>\u00a0Cru appellation. It faces fully east and the vines are located on the lower slopes in slightly stony, brown-earth terrain. They source the power and intensity that is so typical of our Montagny 1er Cru \u201cVigne du Soleil\u201d in clay soils with some percolation. This gleaming, golden-coloured wine reveals a bouquet of well-ripened yellow fruit. Heady and full of sunshine, it delivers flavours of peach, pineapple and mango with hints of spiciness. A very pure expression of Chardonnay.<\/p>\n\n\t\t<\/div>\n\t<\/div>\n<\/div><\/div><\/div><div class=\"wpb_column vc_column_container vc_col-sm-3\"><div class=\"vc_column-inner\"><div class=\"wpb_wrapper\">\n\t<div  class=\"wpb_single_image wpb_content_element vc_align_center wpb_content_element\">\n\t\t\n\t\t<figure class=\"wpb_wrapper vc_figure\">\n\t\t\t<div class=\"vc_single_image-wrapper   vc_box_border_grey\"><img loading=\"lazy\" decoding=\"async\" width=\"81\" height=\"300\" src=\"https:\/\/dev.millebuis.fr\/wp-content\/uploads\/2021\/03\/Millebuis_Givry_1er_cru_Clos_Jus_RG_15-81x300.jpeg\" class=\"vc_single_image-img attachment-medium\" alt=\"\" title=\"Millebuis_Givry_1er_cru_Clos_Jus_RG_15\" srcset=\"https:\/\/dev.millebuis.fr\/wp-content\/uploads\/2021\/03\/Millebuis_Givry_1er_cru_Clos_Jus_RG_15-81x300.jpeg 81w, https:\/\/dev.millebuis.fr\/wp-content\/uploads\/2021\/03\/Millebuis_Givry_1er_cru_Clos_Jus_RG_15.jpeg 267w\" sizes=\"auto, (max-width: 81px) 100vw, 81px\" \/><\/div>\n\t\t<\/figure>\n\t<\/div>\n<h4 style=\"text-align: center\" class=\"vc_custom_heading vc_do_custom_heading vc_custom_1615845125463\" >GIVRY 1ER CRU<br \/>\n\"CLOS JUS\"<\/h4>\n\t<div class=\"wpb_video_widget wpb_content_element vc_clearfix   vc_video-aspect-ratio-169 vc_video-el-width-100 vc_video-align-left\" >\n\t\t<div class=\"wpb_wrapper\">\n\t\t\t\n\t\t\t<div class=\"wpb_video_wrapper\"><iframe loading=\"lazy\" title=\"Givry 1er Cru &quot;Clos Jus&quot;\" width=\"500\" height=\"281\" src=\"https:\/\/www.youtube.com\/embed\/qLOgeQbE3aU?feature=oembed\" frameborder=\"0\" allow=\"accelerometer; autoplay; clipboard-write; encrypted-media; gyroscope; picture-in-picture; web-share\" referrerpolicy=\"strict-origin-when-cross-origin\" allowfullscreen><\/iframe><\/div>\n\t\t<\/div>\n\t<\/div>\n\n\t<div class=\"wpb_text_column wpb_content_element\" >\n\t\t<div class=\"wpb_wrapper\">\n\t\t\t<p style=\"text-align: center;\"><a href=\"https:\/\/youtu.be\/qLOgeQbE3aU\" target=\"_blank\" rel=\"noopener\">Full screen<\/a><\/p>\n\n\t\t<\/div>\n\t<\/div>\n<style>.vc_btn3-style-gradient-custom.vc_btn-gradient-btn-69e1415627bc0:hover{color: #ffffff;background-color: #c33e4b;border: none;background-position: 100% 0;}<\/style><style>.vc_btn3-style-gradient-custom.vc_btn-gradient-btn-69e1415627bc0{color: #ffffff;border: none;background-color: #c33e4b;background-image: -webkit-linear-gradient(left, #c33e4b 0%, #c33e4b 50%,#c33e4b 100%);background-image: linear-gradient(to right, #c33e4b 0%, #c33e4b 50%,#c33e4b 100%);-webkit-transition: all .2s ease-in-out;transition: all .2s ease-in-out;background-size: 200% 100%;}<\/style><div class=\"vc_btn3-container vc_btn3-center vc_do_btn\" ><a data-vc-gradient-1=\"#c33e4b\" data-vc-gradient-2=\"#c33e4b\" class=\"vc_general vc_btn3 vc_btn3-size-sm vc_btn3-shape-square vc_btn3-style-gradient-custom vc_btn-gradient-btn-69e1415627bc0\" href=\"https:\/\/dev.millebuis.fr\/wp-content\/uploads\/2021\/09\/jus_ang.pdf\" title=\"\" target=\"_blank\">DOWNLOAD DATASHEET<\/a><\/div>\n\t<div class=\"wpb_text_column wpb_content_element\" >\n\t\t<div class=\"wpb_wrapper\">\n\t\t\t<p>Located within the commune of Dracy-le-Fort, the named plot \u201cClos Jus\u201d is a Premier Cru walled vineyard of 6 hectares and 55 ares. The vines source the depth and intensity that is so typical of our Givry 1er Cru \u201cClos Jus\u201d from red chalky-clay soils and very stony, calcareous subsoils. This cherry-red coloured wine reveals a complex, delicate bouquet of freshly-picked grapes and black fruit berries. Fleshy in the mouth, it offers flavours of vanilla and spice. The finish lingers nicely. A very pure expression of Pinot Noir.<\/p>\n\n\t\t<\/div>\n\t<\/div>\n<\/div><\/div><\/div><div class=\"wpb_column vc_column_container vc_col-sm-3\"><div class=\"vc_column-inner\"><div class=\"wpb_wrapper\">\n\t<div  class=\"wpb_single_image wpb_content_element vc_align_center wpb_content_element\">\n\t\t\n\t\t<figure class=\"wpb_wrapper vc_figure\">\n\t\t\t<div class=\"vc_single_image-wrapper   vc_box_border_grey\"><img loading=\"lazy\" decoding=\"async\" width=\"81\" height=\"300\" src=\"https:\/\/dev.millebuis.fr\/wp-content\/uploads\/2021\/03\/Millebuis_Givry_1er_cru_Clos_Marceaux_Monopole_RG_14-81x300.jpeg\" class=\"vc_single_image-img attachment-medium\" alt=\"\" title=\"Millebuis_Givry_1er_cru_Clos_Marceaux_Monopole_RG_14\" srcset=\"https:\/\/dev.millebuis.fr\/wp-content\/uploads\/2021\/03\/Millebuis_Givry_1er_cru_Clos_Marceaux_Monopole_RG_14-81x300.jpeg 81w, https:\/\/dev.millebuis.fr\/wp-content\/uploads\/2021\/03\/Millebuis_Givry_1er_cru_Clos_Marceaux_Monopole_RG_14.jpeg 267w\" sizes=\"auto, (max-width: 81px) 100vw, 81px\" \/><\/div>\n\t\t<\/figure>\n\t<\/div>\n<h4 style=\"text-align: center\" class=\"vc_custom_heading vc_do_custom_heading\" >GIVRY 1ER CRU<br \/>\n\"CLOS MARCEAUX\"<br \/>\nMONOPOLE<\/h4>\n\t<div class=\"wpb_video_widget wpb_content_element vc_clearfix   vc_video-aspect-ratio-169 vc_video-el-width-100 vc_video-align-left\" >\n\t\t<div class=\"wpb_wrapper\">\n\t\t\t\n\t\t\t<div class=\"wpb_video_wrapper\"><iframe loading=\"lazy\" title=\"Givry 1er Cru &quot;Clos Marceaux&quot;\" width=\"500\" height=\"281\" src=\"https:\/\/www.youtube.com\/embed\/hOXBIiEG_zI?feature=oembed\" frameborder=\"0\" allow=\"accelerometer; autoplay; clipboard-write; encrypted-media; gyroscope; picture-in-picture; web-share\" referrerpolicy=\"strict-origin-when-cross-origin\" allowfullscreen><\/iframe><\/div>\n\t\t<\/div>\n\t<\/div>\n\n\t<div class=\"wpb_text_column wpb_content_element\" >\n\t\t<div class=\"wpb_wrapper\">\n\t\t\t<p style=\"text-align: center;\"><a href=\"https:\/\/youtu.be\/hOXBIiEG_zI\" target=\"_blank\" rel=\"noopener\">Full screen<\/a><\/p>\n\n\t\t<\/div>\n\t<\/div>\n<style>.vc_btn3-style-gradient-custom.vc_btn-gradient-btn-69e141562888e:hover{color: #ffffff;background-color: #c33e4b;border: none;background-position: 100% 0;}<\/style><style>.vc_btn3-style-gradient-custom.vc_btn-gradient-btn-69e141562888e{color: #ffffff;border: none;background-color: #c33e4b;background-image: -webkit-linear-gradient(left, #c33e4b 0%, #c33e4b 50%,#c33e4b 100%);background-image: linear-gradient(to right, #c33e4b 0%, #c33e4b 50%,#c33e4b 100%);-webkit-transition: all .2s ease-in-out;transition: all .2s ease-in-out;background-size: 200% 100%;}<\/style><div class=\"vc_btn3-container vc_btn3-center vc_do_btn\" ><a data-vc-gradient-1=\"#c33e4b\" data-vc-gradient-2=\"#c33e4b\" class=\"vc_general vc_btn3 vc_btn3-size-sm vc_btn3-shape-square vc_btn3-style-gradient-custom vc_btn-gradient-btn-69e141562888e\" href=\"https:\/\/dev.millebuis.fr\/wp-content\/uploads\/2021\/09\/marceaux_ang.pdf\" title=\"\" target=\"_blank\">DOWNLOAD DATASHEET<\/a><\/div>\n\t<div class=\"wpb_text_column wpb_content_element\" >\n\t\t<div class=\"wpb_wrapper\">\n\t\t\t<p>\u201cClos Marceaux\u201d is a Premier Cru monopoly vineyard covering 2.95 hectares within the Givry appellation; it is situated next to the church in Poncey. The vines are planted in the middle of the slopes and are fully east facing. They source the richness and generosity that is typical of our Givry 1er Cru \u201cClos Marceaux\u201d from grassed over chalky-clay soils and subsoils rich in limestone.With its rich and generous style, this deeply coloured wine reveals an intense red fruit bouquet alongside mocha. It is convivial, firm and elegant in the mouth with vanilla nuances. A very pure expression of Pinot Noir.<\/p>\n\n\t\t<\/div>\n\t<\/div>\n<\/div><\/div><\/div><div class=\"wpb_column vc_column_container vc_col-sm-3\"><div class=\"vc_column-inner\"><div class=\"wpb_wrapper\">\n\t<div  class=\"wpb_single_image wpb_content_element vc_align_center wpb_content_element\">\n\t\t\n\t\t<figure class=\"wpb_wrapper vc_figure\">\n\t\t\t<div class=\"vc_single_image-wrapper   vc_box_border_grey\"><img loading=\"lazy\" decoding=\"async\" width=\"81\" height=\"300\" src=\"https:\/\/dev.millebuis.fr\/wp-content\/uploads\/2021\/03\/Millebuis_Vendanges_de_Novembre_02-11-2009-81x300.jpeg\" class=\"vc_single_image-img attachment-medium\" alt=\"\" title=\"Millebuis_Vendanges_de_Novembre_02-11-2009\" srcset=\"https:\/\/dev.millebuis.fr\/wp-content\/uploads\/2021\/03\/Millebuis_Vendanges_de_Novembre_02-11-2009-81x300.jpeg 81w, https:\/\/dev.millebuis.fr\/wp-content\/uploads\/2021\/03\/Millebuis_Vendanges_de_Novembre_02-11-2009.jpeg 267w\" sizes=\"auto, (max-width: 81px) 100vw, 81px\" \/><\/div>\n\t\t<\/figure>\n\t<\/div>\n<h4 style=\"text-align: center\" class=\"vc_custom_heading vc_do_custom_heading vc_custom_1615845234031\" >VENDANGES<br \/>\nDE NOVEMBRE<\/h4><style>.vc_btn3-style-gradient-custom.vc_btn-gradient-btn-69e14156291c3:hover{color: #ffffff;background-color: #c33e4b;border: none;background-position: 100% 0;}<\/style><style>.vc_btn3-style-gradient-custom.vc_btn-gradient-btn-69e14156291c3{color: #ffffff;border: none;background-color: #c33e4b;background-image: -webkit-linear-gradient(left, #c33e4b 0%, #c33e4b 50%,#c33e4b 100%);background-image: linear-gradient(to right, #c33e4b 0%, #c33e4b 50%,#c33e4b 100%);-webkit-transition: all .2s ease-in-out;transition: all .2s ease-in-out;background-size: 200% 100%;}<\/style><div class=\"vc_btn3-container vc_btn3-center vc_do_btn\" ><a data-vc-gradient-1=\"#c33e4b\" data-vc-gradient-2=\"#c33e4b\" class=\"vc_general vc_btn3 vc_btn3-size-sm vc_btn3-shape-square vc_btn3-style-gradient-custom vc_btn-gradient-btn-69e14156291c3\" href=\"https:\/\/dev.millebuis.fr\/wp-content\/uploads\/2021\/09\/0121-MILLEBUIS-FICHE-VENDANGES-NOV-anglais.pdf\" title=\"\" target=\"_blank\">DOWNLOAD DATASHEET<\/a><\/div>\n\t<div class=\"wpb_text_column wpb_content_element\" >\n\t\t<div class=\"wpb_wrapper\">\n\t\t\t<p>The grapes of this unique cuv\u00e9e are sourced from several small plots in the C\u00f4te Chalonnaise area, particularly \u201cLa Cassine\u201d, which is situated on the slopes of Saint-Vallerin. Here, the well-ventilated microclimate enables the Chardonnay to develop at a noble pace and the grapes to over-ripen. The vines are east-facing and draw on a chalky-clay soil to produce the voluptuousness that characterises our November harvests.<br \/>\nThis radiant, sweet wine is golden-yellow in colour, and has a complex nose with expressions of quince, white flowers and candied fruit. It is fleshy and powerful in the mouth, with wonderful notes of honey and spice (saffron). An indulgent expression of Chardonnay.<\/p>\n\n\t\t<\/div>\n\t<\/div>\n<\/div><\/div><\/div><\/div><div class=\"vc_row wpb_row vc_row-fluid\"><div class=\"wpb_column vc_column_container vc_col-sm-12\"><div class=\"vc_column-inner\"><div class=\"wpb_wrapper\"><div class=\"vc_separator wpb_content_element vc_separator_align_center vc_sep_width_100 vc_sep_pos_align_center vc_separator_no_text vc_sep_color_grey wpb_content_element  wpb_content_element\" ><span class=\"vc_sep_holder vc_sep_holder_l\"><span class=\"vc_sep_line\"><\/span><\/span><span class=\"vc_sep_holder vc_sep_holder_r\"><span class=\"vc_sep_line\"><\/span><\/span>\n<\/div>\n\t<div class=\"wpb_text_column wpb_content_element content-seo\" >\n\t\t<div class=\"wpb_wrapper\">\n\t\t\t<p>Nos p\u00e9pites sont des vins AOC issus du vignoble bourguignon. Notre terroir argilo-calcaire permet de cultiver du raisin de qualit\u00e9 provenant de c\u00e9pages vari\u00e9s tels que le pinot noir, l&rsquo;aligot\u00e9 ou le chardonnay. Apr\u00e8s vinification et assemblage, ils donnent naissance \u00e0 nos meilleurs vins. Le vin blanc Montagny premier cru \u201cVigne du Soleil\u00a0\u00bb avec sa belle robe, sa rondeur et sa fra\u00eecheur, offre une min\u00e9ralit\u00e9 \u00e9tonnante et des ar\u00f4mes de fruits exotiques. Il sera parfait pour l&rsquo;ap\u00e9ritif ou pour accompagner un plateau de fromages. Nos vins rouges qui se caract\u00e9risent par des tanins l\u00e9gers, un bouquet intense, une rondeur en bouche et une large palette aromatique sont id\u00e9als pour accompagner vos viandes. Les vendanges en Bourgogne se d\u00e9roulent en septembre. Les grappes de raisin sont ramass\u00e9es, puis vient le pressage, la fermentation et l&rsquo;\u00e9levage en cuve ou en f\u00fbt de ch\u00eane. \u00c0 maturit\u00e9, le vin rouge et le vin blanc laissent apparaitre toutes sortes d&rsquo;ar\u00f4mes et de caract\u00e9ristiques tels que l&rsquo;acidit\u00e9, la min\u00e9ralit\u00e9, les notes florales, avec beaucoup d\u2019amplitude. Les vins de Bourgogne disposent, gr\u00e2ce au pinot noir, de tanins soyeux et d&rsquo;une grande finesse. Le c\u00e9page chardonnay donne au vin blanc un go\u00fbt fruit\u00e9 ou d&rsquo;agrume qui pourra accompagner vos fruits de mer ou certains fromages. Et quoi de mieux que l&rsquo;effervescence d&rsquo;un cr\u00e9mant de Bourgogne aux bulles fines pour r\u00e9veiller vos papilles\u00a0!<\/p>\n\n\t\t<\/div>\n\t<\/div>\n<\/div><\/div><\/div><\/div>\n<\/div>","protected":false},"excerpt":{"rendered":"LES P\u00c9PITES Millebuis, c\u2019est une large gamme de vins qui illustrent les nuances de la C\u00f4te [...]","protected":false},"author":1,"featured_media":0,"parent":0,"menu_order":0,"comment_status":"closed","ping_status":"closed","template":"","meta":{"footnotes":""},"class_list":["post-37","page","type-page","status-publish","hentry"],"yoast_head":"<!-- This site is optimized with the Yoast SEO plugin v26.2 - https:\/\/yoast.com\/wordpress\/plugins\/seo\/ -->\n<title>Les P\u00e9pites<\/title>\n<meta name=\"description\" content=\"Millebuis, c\u2019est une gamme compl\u00e8te de vins qui illustrent les nuances des terroirs de la C\u00f4te Chalonnaise, pour le plus grand plaisir de nos papilles !\" \/>\n<meta name=\"robots\" content=\"index, follow, max-snippet:-1, max-image-preview:large, max-video-preview:-1\" \/>\n<link rel=\"canonical\" href=\"https:\/\/dev.millebuis.fr\/en\/les-pepites\/\" \/>\n<meta property=\"og:locale\" content=\"en_GB\" \/>\n<meta property=\"og:type\" content=\"article\" \/>\n<meta property=\"og:title\" content=\"Les P\u00e9pites\" \/>\n<meta property=\"og:description\" content=\"Millebuis, c\u2019est une gamme compl\u00e8te de vins qui illustrent les nuances des terroirs de la C\u00f4te Chalonnaise, pour le plus grand plaisir de nos papilles !\" \/>\n<meta property=\"og:url\" content=\"https:\/\/dev.millebuis.fr\/en\/les-pepites\/\" \/>\n<meta property=\"og:site_name\" content=\"Millebuis\" \/>\n<meta property=\"article:modified_time\" content=\"2022-03-16T08:16:43+00:00\" \/>\n<meta name=\"twitter:card\" content=\"summary_large_image\" \/>\n<meta name=\"twitter:label1\" content=\"Estimated reading time\" \/>\n\t<meta name=\"twitter:data1\" content=\"6 minutes\" \/>\n<!-- \/ Yoast SEO plugin. -->","yoast_head_json":{"title":"Les P\u00e9pites","description":"Millebuis, c\u2019est une gamme compl\u00e8te de vins qui illustrent les nuances des terroirs de la C\u00f4te Chalonnaise, pour le plus grand plaisir de nos papilles !","robots":{"index":"index","follow":"follow","max-snippet":"max-snippet:-1","max-image-preview":"max-image-preview:large","max-video-preview":"max-video-preview:-1"},"canonical":"https:\/\/dev.millebuis.fr\/en\/les-pepites\/","og_locale":"en_GB","og_type":"article","og_title":"Les P\u00e9pites","og_description":"Millebuis, c\u2019est une gamme compl\u00e8te de vins qui illustrent les nuances des terroirs de la C\u00f4te Chalonnaise, pour le plus grand plaisir de nos papilles !","og_url":"https:\/\/dev.millebuis.fr\/en\/les-pepites\/","og_site_name":"Millebuis","article_modified_time":"2022-03-16T08:16:43+00:00","twitter_card":"summary_large_image","twitter_misc":{"Estimated reading time":"6 minutes"},"schema":{"@context":"https:\/\/schema.org","@graph":[{"@type":"WebPage","@id":"https:\/\/dev.millebuis.fr\/les-pepites\/","url":"https:\/\/dev.millebuis.fr\/les-pepites\/","name":"Les P\u00e9pites","isPartOf":{"@id":"https:\/\/dev.millebuis.fr\/#website"},"datePublished":"2021-03-11T13:30:51+00:00","dateModified":"2022-03-16T08:16:43+00:00","description":"Millebuis, c\u2019est une gamme compl\u00e8te de vins qui illustrent les nuances des terroirs de la C\u00f4te Chalonnaise, pour le plus grand plaisir de nos papilles !","breadcrumb":{"@id":"https:\/\/dev.millebuis.fr\/les-pepites\/#breadcrumb"},"inLanguage":"en-GB","potentialAction":[{"@type":"ReadAction","target":["https:\/\/dev.millebuis.fr\/les-pepites\/"]}]},{"@type":"BreadcrumbList","@id":"https:\/\/dev.millebuis.fr\/les-pepites\/#breadcrumb","itemListElement":[{"@type":"ListItem","position":1,"name":"Accueil","item":"https:\/\/dev.millebuis.fr\/"},{"@type":"ListItem","position":2,"name":"Les P\u00e9pites"}]},{"@type":"WebSite","@id":"https:\/\/dev.millebuis.fr\/#website","url":"https:\/\/dev.millebuis.fr\/","name":"Millebuis","description":"Vins fins de la C\u00f4te Chalonnaise","inLanguage":"en-GB"}]}},"_links":{"self":[{"href":"https:\/\/dev.millebuis.fr\/en\/wp-json\/wp\/v2\/pages\/37","targetHints":{"allow":["GET"]}}],"collection":[{"href":"https:\/\/dev.millebuis.fr\/en\/wp-json\/wp\/v2\/pages"}],"about":[{"href":"https:\/\/dev.millebuis.fr\/en\/wp-json\/wp\/v2\/types\/page"}],"author":[{"embeddable":true,"href":"https:\/\/dev.millebuis.fr\/en\/wp-json\/wp\/v2\/users\/1"}],"replies":[{"embeddable":true,"href":"https:\/\/dev.millebuis.fr\/en\/wp-json\/wp\/v2\/comments?post=37"}],"version-history":[{"count":12,"href":"https:\/\/dev.millebuis.fr\/en\/wp-json\/wp\/v2\/pages\/37\/revisions"}],"predecessor-version":[{"id":1932,"href":"https:\/\/dev.millebuis.fr\/en\/wp-json\/wp\/v2\/pages\/37\/revisions\/1932"}],"wp:attachment":[{"href":"https:\/\/dev.millebuis.fr\/en\/wp-json\/wp\/v2\/media?parent=37"}],"curies":[{"name":"wp","href":"https:\/\/api.w.org\/{rel}","templated":true}]}}