{"id":33,"date":"2021-03-11T14:29:39","date_gmt":"2021-03-11T13:29:39","guid":{"rendered":"https:\/\/dev.millebuis.fr\/?page_id=33"},"modified":"2022-03-16T09:16:56","modified_gmt":"2022-03-16T08:16:56","slug":"les-villages-2","status":"publish","type":"page","link":"https:\/\/dev.millebuis.fr\/en\/les-villages-2\/","title":{"rendered":"Les Villages"},"content":{"rendered":"<div class=\"wpb-content-wrapper\"><div class=\"vc_row wpb_row vc_row-fluid\"><div class=\"wpb_column vc_column_container vc_col-sm-12\"><div class=\"vc_column-inner\"><div class=\"wpb_wrapper\"><h1 style=\"text-align: left\" class=\"vc_custom_heading vc_do_custom_heading\" >THE VILLAGES<\/h1>\n\t<div class=\"wpb_text_column wpb_content_element\" >\n\t\t<div class=\"wpb_wrapper\">\n\t\t\t<p>Des\u00a0<strong>Communal Appellations<\/strong>\u00a0are also known as \u201cAppellations Villages\u201d and we have a total of 41 in Burgundy; from Pommard to Nuits-Saint-Georges.<br \/>\nFrom north to south, the C\u00f4te Chalonnaise has 4 Communal Appellations: Rully, Mercurey, Givry and Montagny. Two of these are red wines made from Pinot Noir and two are whites made from Chardonnay, the expression of these Burgundy varieties is recognizable, of course, but with great distinction.<\/p>\n\n\t\t<\/div>\n\t<\/div>\n<style>.vc_btn3-style-gradient-custom.vc_btn-gradient-btn-69e74c1fedf11:hover{color: #ffffff;background-color: #c33e4b;border: none;background-position: 100% 0;}<\/style><style>.vc_btn3-style-gradient-custom.vc_btn-gradient-btn-69e74c1fedf11{color: #ffffff;border: none;background-color: #c33e4b;background-image: -webkit-linear-gradient(left, #c33e4b 0%, #c33e4b 50%,#c33e4b 100%);background-image: linear-gradient(to right, #c33e4b 0%, #c33e4b 50%,#c33e4b 100%);-webkit-transition: all .2s ease-in-out;transition: all .2s ease-in-out;background-size: 200% 100%;}<\/style><div class=\"vc_btn3-container vc_btn3-center vc_do_btn\" ><a data-vc-gradient-1=\"#c33e4b\" data-vc-gradient-2=\"#c33e4b\" class=\"vc_general vc_btn3 vc_btn3-size-md vc_btn3-shape-square vc_btn3-style-gradient-custom vc_btn-gradient-btn-69e74c1fedf11\" href=\"https:\/\/boutidev.millebuis.fr\/les-villages\/\" title=\"\" target=\"_blank\">BUY THE VILLAGES<\/a><\/div><div class=\"vc_empty_space\"   style=\"height: 50px\"><span class=\"vc_empty_space_inner\"><\/span><\/div><\/div><\/div><\/div><\/div><div class=\"vc_row wpb_row vc_row-fluid\"><div class=\"wpb_column vc_column_container vc_col-sm-3\"><div class=\"vc_column-inner\"><div class=\"wpb_wrapper\">\n\t<div  class=\"wpb_single_image wpb_content_element vc_align_center wpb_content_element\">\n\t\t\n\t\t<figure class=\"wpb_wrapper vc_figure\">\n\t\t\t<div class=\"vc_single_image-wrapper   vc_box_border_grey\"><img loading=\"lazy\" decoding=\"async\" width=\"81\" height=\"300\" src=\"https:\/\/dev.millebuis.fr\/wp-content\/uploads\/2021\/03\/Millebuis_Montagny-BLC-12-81x300.jpeg\" class=\"vc_single_image-img attachment-medium\" alt=\"\" title=\"Millebuis_Montagny-BLC-12\" srcset=\"https:\/\/dev.millebuis.fr\/wp-content\/uploads\/2021\/03\/Millebuis_Montagny-BLC-12-81x300.jpeg 81w, https:\/\/dev.millebuis.fr\/wp-content\/uploads\/2021\/03\/Millebuis_Montagny-BLC-12.jpeg 269w\" sizes=\"auto, (max-width: 81px) 100vw, 81px\" \/><\/div>\n\t\t<\/figure>\n\t<\/div>\n<h4 style=\"text-align: center\" class=\"vc_custom_heading vc_do_custom_heading\" >MONTAGNY<\/h4>\n\t<div class=\"wpb_video_widget wpb_content_element vc_clearfix   vc_video-aspect-ratio-169 vc_video-el-width-100 vc_video-align-left\" >\n\t\t<div class=\"wpb_wrapper\">\n\t\t\t\n\t\t\t<div class=\"wpb_video_wrapper\"><iframe loading=\"lazy\" title=\"Montagny\" width=\"500\" height=\"281\" src=\"https:\/\/www.youtube.com\/embed\/nC15nEiaDpI?feature=oembed\" frameborder=\"0\" allow=\"accelerometer; autoplay; clipboard-write; encrypted-media; gyroscope; picture-in-picture; web-share\" referrerpolicy=\"strict-origin-when-cross-origin\" allowfullscreen><\/iframe><\/div>\n\t\t<\/div>\n\t<\/div>\n\n\t<div class=\"wpb_text_column wpb_content_element\" >\n\t\t<div class=\"wpb_wrapper\">\n\t\t\t<p style=\"text-align: center;\"><a href=\"https:\/\/youtu.be\/nC15nEiaDpI\" target=\"_blank\" rel=\"noopener\">Full screen<\/a><\/p>\n\n\t\t<\/div>\n\t<\/div>\n<style>.vc_btn3-style-gradient-custom.vc_btn-gradient-btn-69e74c1fef656:hover{color: #ffffff;background-color: #c33e4b;border: none;background-position: 100% 0;}<\/style><style>.vc_btn3-style-gradient-custom.vc_btn-gradient-btn-69e74c1fef656{color: #ffffff;border: none;background-color: #c33e4b;background-image: -webkit-linear-gradient(left, #c33e4b 0%, #c33e4b 50%,#c33e4b 100%);background-image: linear-gradient(to right, #c33e4b 0%, #c33e4b 50%,#c33e4b 100%);-webkit-transition: all .2s ease-in-out;transition: all .2s ease-in-out;background-size: 200% 100%;}<\/style><div class=\"vc_btn3-container vc_btn3-center vc_do_btn\" ><a data-vc-gradient-1=\"#c33e4b\" data-vc-gradient-2=\"#c33e4b\" class=\"vc_general vc_btn3 vc_btn3-size-sm vc_btn3-shape-square vc_btn3-style-gradient-custom vc_btn-gradient-btn-69e74c1fef656\" href=\"https:\/\/dev.millebuis.fr\/wp-content\/uploads\/2021\/09\/montagny.pdf\" title=\"\" target=\"_blank\">DOWNLOAD DATASHEET<\/a><\/div>\n\t<div class=\"wpb_text_column wpb_content_element\" >\n\t\t<div class=\"wpb_wrapper\">\n\t\t\t<p>Grown on hillsides, the vines bearing the Montagny appellation benefit from the sun early in the day. They source all the vigour that is so typical of our Montagny from brown clay and limestone soils. A luminous white Burgundy with a floral bouquet revealing silkiness in the mouth and flavours of white-fleshed fruit. A very pure expression of Chardonnay.<\/p>\n\n\t\t<\/div>\n\t<\/div>\n<\/div><\/div><\/div><div class=\"wpb_column vc_column_container vc_col-sm-3\"><div class=\"vc_column-inner\"><div class=\"wpb_wrapper\">\n\t<div  class=\"wpb_single_image wpb_content_element vc_align_center wpb_content_element\">\n\t\t\n\t\t<figure class=\"wpb_wrapper vc_figure\">\n\t\t\t<div class=\"vc_single_image-wrapper   vc_box_border_grey\"><img loading=\"lazy\" decoding=\"async\" width=\"81\" height=\"300\" src=\"https:\/\/dev.millebuis.fr\/wp-content\/uploads\/2021\/03\/Millebuis_Rully-BLC-12-81x300.jpeg\" class=\"vc_single_image-img attachment-medium\" alt=\"\" title=\"Millebuis_Rully-BLC-12\" srcset=\"https:\/\/dev.millebuis.fr\/wp-content\/uploads\/2021\/03\/Millebuis_Rully-BLC-12-81x300.jpeg 81w, https:\/\/dev.millebuis.fr\/wp-content\/uploads\/2021\/03\/Millebuis_Rully-BLC-12.jpeg 269w\" sizes=\"auto, (max-width: 81px) 100vw, 81px\" \/><\/div>\n\t\t<\/figure>\n\t<\/div>\n<h4 style=\"text-align: center\" class=\"vc_custom_heading vc_do_custom_heading\" >RULLY<\/h4>\n\t<div class=\"wpb_video_widget wpb_content_element vc_clearfix   vc_video-aspect-ratio-169 vc_video-el-width-100 vc_video-align-left\" >\n\t\t<div class=\"wpb_wrapper\">\n\t\t\t\n\t\t\t<div class=\"wpb_video_wrapper\"><iframe loading=\"lazy\" title=\"Rully Blanc\" width=\"500\" height=\"281\" src=\"https:\/\/www.youtube.com\/embed\/7RGOYxXURZ0?feature=oembed\" frameborder=\"0\" allow=\"accelerometer; autoplay; clipboard-write; encrypted-media; gyroscope; picture-in-picture; web-share\" referrerpolicy=\"strict-origin-when-cross-origin\" allowfullscreen><\/iframe><\/div>\n\t\t<\/div>\n\t<\/div>\n\n\t<div class=\"wpb_text_column wpb_content_element\" >\n\t\t<div class=\"wpb_wrapper\">\n\t\t\t<p style=\"text-align: center;\"><a href=\"https:\/\/youtu.be\/7RGOYxXURZ0\" target=\"_blank\" rel=\"noopener\">Full screen<\/a><\/p>\n\n\t\t<\/div>\n\t<\/div>\n<style>.vc_btn3-style-gradient-custom.vc_btn-gradient-btn-69e74c1ff0294:hover{color: #ffffff;background-color: #c33e4b;border: none;background-position: 100% 0;}<\/style><style>.vc_btn3-style-gradient-custom.vc_btn-gradient-btn-69e74c1ff0294{color: #ffffff;border: none;background-color: #c33e4b;background-image: -webkit-linear-gradient(left, #c33e4b 0%, #c33e4b 50%,#c33e4b 100%);background-image: linear-gradient(to right, #c33e4b 0%, #c33e4b 50%,#c33e4b 100%);-webkit-transition: all .2s ease-in-out;transition: all .2s ease-in-out;background-size: 200% 100%;}<\/style><div class=\"vc_btn3-container vc_btn3-center vc_do_btn\" ><a data-vc-gradient-1=\"#c33e4b\" data-vc-gradient-2=\"#c33e4b\" class=\"vc_general vc_btn3 vc_btn3-size-sm vc_btn3-shape-square vc_btn3-style-gradient-custom vc_btn-gradient-btn-69e74c1ff0294\" href=\"https:\/\/dev.millebuis.fr\/wp-content\/uploads\/2021\/03\/village_millebuis_rully_fr.pdf\" title=\"\" target=\"_blank\">DOWNLOAD DATASHEET<\/a><\/div>\n\t<div class=\"wpb_text_column wpb_content_element\" >\n\t\t<div class=\"wpb_wrapper\">\n\t\t\t<p>Wines bearing the Rully Appellation come from vines grown on hillsides where they source all the elegance that is typical of our Rully from pebbly soils that are composed largely of brown and chalky clay. A glittering Burgundy with a bouquet of fresh fruit and a touch of spiciness. The fruity richness is found again in the mouth along with freshness and rounded texture. A very pure expression of Chardonnay.<\/p>\n\n\t\t<\/div>\n\t<\/div>\n<\/div><\/div><\/div><div class=\"wpb_column vc_column_container vc_col-sm-3\"><div class=\"vc_column-inner\"><div class=\"wpb_wrapper\">\n\t<div  class=\"wpb_single_image wpb_content_element vc_align_center wpb_content_element\">\n\t\t\n\t\t<figure class=\"wpb_wrapper vc_figure\">\n\t\t\t<div class=\"vc_single_image-wrapper   vc_box_border_grey\"><img loading=\"lazy\" decoding=\"async\" width=\"81\" height=\"300\" src=\"https:\/\/dev.millebuis.fr\/wp-content\/uploads\/2021\/03\/Millebuis_Givry-RG-12-81x300.jpeg\" class=\"vc_single_image-img attachment-medium\" alt=\"\" title=\"Millebuis_Givry-RG-12\" srcset=\"https:\/\/dev.millebuis.fr\/wp-content\/uploads\/2021\/03\/Millebuis_Givry-RG-12-81x300.jpeg 81w, https:\/\/dev.millebuis.fr\/wp-content\/uploads\/2021\/03\/Millebuis_Givry-RG-12.jpeg 267w\" sizes=\"auto, (max-width: 81px) 100vw, 81px\" \/><\/div>\n\t\t<\/figure>\n\t<\/div>\n<h4 style=\"text-align: center\" class=\"vc_custom_heading vc_do_custom_heading\" >GIVRY<\/h4>\n\t<div class=\"wpb_video_widget wpb_content_element vc_clearfix   vc_video-aspect-ratio-169 vc_video-el-width-100 vc_video-align-left\" >\n\t\t<div class=\"wpb_wrapper\">\n\t\t\t\n\t\t\t<div class=\"wpb_video_wrapper\"><iframe loading=\"lazy\" title=\"Givry Rouge\" width=\"500\" height=\"281\" src=\"https:\/\/www.youtube.com\/embed\/8VusoPCGFl4?feature=oembed\" frameborder=\"0\" allow=\"accelerometer; autoplay; clipboard-write; encrypted-media; gyroscope; picture-in-picture; web-share\" referrerpolicy=\"strict-origin-when-cross-origin\" allowfullscreen><\/iframe><\/div>\n\t\t<\/div>\n\t<\/div>\n\n\t<div class=\"wpb_text_column wpb_content_element\" >\n\t\t<div class=\"wpb_wrapper\">\n\t\t\t<p style=\"text-align: center;\"><a href=\"https:\/\/youtu.be\/8VusoPCGFl4\" target=\"_blank\" rel=\"noopener\">Full screen<\/a><\/p>\n\n\t\t<\/div>\n\t<\/div>\n<style>.vc_btn3-style-gradient-custom.vc_btn-gradient-btn-69e74c1ff0e9f:hover{color: #ffffff;background-color: #c33e4b;border: none;background-position: 100% 0;}<\/style><style>.vc_btn3-style-gradient-custom.vc_btn-gradient-btn-69e74c1ff0e9f{color: #ffffff;border: none;background-color: #c33e4b;background-image: -webkit-linear-gradient(left, #c33e4b 0%, #c33e4b 50%,#c33e4b 100%);background-image: linear-gradient(to right, #c33e4b 0%, #c33e4b 50%,#c33e4b 100%);-webkit-transition: all .2s ease-in-out;transition: all .2s ease-in-out;background-size: 200% 100%;}<\/style><div class=\"vc_btn3-container vc_btn3-center vc_do_btn\" ><a data-vc-gradient-1=\"#c33e4b\" data-vc-gradient-2=\"#c33e4b\" class=\"vc_general vc_btn3 vc_btn3-size-sm vc_btn3-shape-square vc_btn3-style-gradient-custom vc_btn-gradient-btn-69e74c1ff0e9f\" href=\"https:\/\/dev.millebuis.fr\/wp-content\/uploads\/2021\/09\/givry.pdf\" title=\"\" target=\"_blank\">DOWNLOAD DATASHEET<\/a><\/div>\n\t<div class=\"wpb_text_column wpb_content_element\" >\n\t\t<div class=\"wpb_wrapper\">\n\t\t\t<p>The Givry Appellation vineyards are planted at altitudes of 240-280 metres and are east and south-east facing. They source the distinctive generosity that is so typical of our Givry wine in chalky-clay soils and limestone subsoils. With its bouquet of ripe, red fruit and moss, heightened by a touch of spice, this is a sensual and fruit-laden wine in the mouth with silky tannins. A very pure expression of Pinot Noir.<\/p>\n\n\t\t<\/div>\n\t<\/div>\n<\/div><\/div><\/div><div class=\"wpb_column vc_column_container vc_col-sm-3\"><div class=\"vc_column-inner\"><div class=\"wpb_wrapper\">\n\t<div  class=\"wpb_single_image wpb_content_element vc_align_center wpb_content_element\">\n\t\t\n\t\t<figure class=\"wpb_wrapper vc_figure\">\n\t\t\t<div class=\"vc_single_image-wrapper   vc_box_border_grey\"><img loading=\"lazy\" decoding=\"async\" width=\"81\" height=\"300\" src=\"https:\/\/dev.millebuis.fr\/wp-content\/uploads\/2021\/03\/Millebuis_Mercurey-RG-13-81x300.jpeg\" class=\"vc_single_image-img attachment-medium\" alt=\"\" title=\"Millebuis_Mercurey-RG-13\" srcset=\"https:\/\/dev.millebuis.fr\/wp-content\/uploads\/2021\/03\/Millebuis_Mercurey-RG-13-81x300.jpeg 81w, https:\/\/dev.millebuis.fr\/wp-content\/uploads\/2021\/03\/Millebuis_Mercurey-RG-13.jpeg 267w\" sizes=\"auto, (max-width: 81px) 100vw, 81px\" \/><\/div>\n\t\t<\/figure>\n\t<\/div>\n<h4 style=\"text-align: center\" class=\"vc_custom_heading vc_do_custom_heading\" >MERCUREY<\/h4>\n\t<div class=\"wpb_video_widget wpb_content_element vc_clearfix   vc_video-aspect-ratio-169 vc_video-el-width-100 vc_video-align-left\" >\n\t\t<div class=\"wpb_wrapper\">\n\t\t\t\n\t\t\t<div class=\"wpb_video_wrapper\"><iframe loading=\"lazy\" title=\"Mercurey Rouge\" width=\"500\" height=\"281\" src=\"https:\/\/www.youtube.com\/embed\/tZ_oT-qxrcA?feature=oembed\" frameborder=\"0\" allow=\"accelerometer; autoplay; clipboard-write; encrypted-media; gyroscope; picture-in-picture; web-share\" referrerpolicy=\"strict-origin-when-cross-origin\" allowfullscreen><\/iframe><\/div>\n\t\t<\/div>\n\t<\/div>\n\n\t<div class=\"wpb_text_column wpb_content_element\" >\n\t\t<div class=\"wpb_wrapper\">\n\t\t\t<p style=\"text-align: center;\"><a href=\"https:\/\/youtu.be\/tZ_oT-qxrcA\" target=\"_blank\" rel=\"noopener\">Full screen<\/a><\/p>\n\n\t\t<\/div>\n\t<\/div>\n<style>.vc_btn3-style-gradient-custom.vc_btn-gradient-btn-69e74c1ff1b08:hover{color: #ffffff;background-color: #c33e4b;border: none;background-position: 100% 0;}<\/style><style>.vc_btn3-style-gradient-custom.vc_btn-gradient-btn-69e74c1ff1b08{color: #ffffff;border: none;background-color: #c33e4b;background-image: -webkit-linear-gradient(left, #c33e4b 0%, #c33e4b 50%,#c33e4b 100%);background-image: linear-gradient(to right, #c33e4b 0%, #c33e4b 50%,#c33e4b 100%);-webkit-transition: all .2s ease-in-out;transition: all .2s ease-in-out;background-size: 200% 100%;}<\/style><div class=\"vc_btn3-container vc_btn3-center vc_do_btn\" ><a data-vc-gradient-1=\"#c33e4b\" data-vc-gradient-2=\"#c33e4b\" class=\"vc_general vc_btn3 vc_btn3-size-sm vc_btn3-shape-square vc_btn3-style-gradient-custom vc_btn-gradient-btn-69e74c1ff1b08\" href=\"https:\/\/dev.millebuis.fr\/wp-content\/uploads\/2021\/09\/mercurey.pdf\" title=\"\" target=\"_blank\">DOWNLOAD DATASHEET<\/a><\/div>\n\t<div class=\"wpb_text_column wpb_content_element\" >\n\t\t<div class=\"wpb_wrapper\">\n\t\t\t<p>Wines bearing the Mercurey Appellation come from the vineyards planted on hillsides at between 230 and 320 metres altitude. The vines source all the richness that is so typical of our Mercurey wine in chalky-clay and marly-limestone soils. The bouquet reveals aromas of raspberry and cherry coupled with nuances of leather and spice. There plenty of substance in the mouth along with soft tannins. A very pure expression of Pinot Noir.<\/p>\n\n\t\t<\/div>\n\t<\/div>\n<\/div><\/div><\/div><\/div><div class=\"vc_row wpb_row vc_row-fluid\"><div class=\"wpb_column vc_column_container vc_col-sm-3\"><div class=\"vc_column-inner\"><div class=\"wpb_wrapper\">\n\t<div  class=\"wpb_single_image wpb_content_element vc_align_center wpb_content_element\">\n\t\t\n\t\t<figure class=\"wpb_wrapper vc_figure\">\n\t\t\t<div class=\"vc_single_image-wrapper   vc_box_border_grey\"><img loading=\"lazy\" decoding=\"async\" width=\"81\" height=\"300\" src=\"https:\/\/dev.millebuis.fr\/wp-content\/uploads\/2021\/03\/Millebuis_Rully-RG-12-81x300.png\" class=\"vc_single_image-img attachment-medium\" alt=\"\" title=\"Millebuis_Rully-RG-12\" srcset=\"https:\/\/dev.millebuis.fr\/wp-content\/uploads\/2021\/03\/Millebuis_Rully-RG-12-81x300.png 81w, https:\/\/dev.millebuis.fr\/wp-content\/uploads\/2021\/03\/Millebuis_Rully-RG-12.png 267w\" sizes=\"auto, (max-width: 81px) 100vw, 81px\" \/><\/div>\n\t\t<\/figure>\n\t<\/div>\n<h4 style=\"text-align: center\" class=\"vc_custom_heading vc_do_custom_heading\" >RULLY<\/h4>\n\t<div class=\"wpb_video_widget wpb_content_element vc_clearfix   vc_video-aspect-ratio-169 vc_video-el-width-100 vc_video-align-left\" >\n\t\t<div class=\"wpb_wrapper\">\n\t\t\t\n\t\t\t<div class=\"wpb_video_wrapper\"><iframe loading=\"lazy\" title=\"Rully Rouge\" width=\"500\" height=\"281\" src=\"https:\/\/www.youtube.com\/embed\/FddnGDbyU9Q?feature=oembed\" frameborder=\"0\" allow=\"accelerometer; autoplay; clipboard-write; encrypted-media; gyroscope; picture-in-picture; web-share\" referrerpolicy=\"strict-origin-when-cross-origin\" allowfullscreen><\/iframe><\/div>\n\t\t<\/div>\n\t<\/div>\n\n\t<div class=\"wpb_text_column wpb_content_element\" >\n\t\t<div class=\"wpb_wrapper\">\n\t\t\t<p style=\"text-align: center;\"><a href=\"https:\/\/youtu.be\/FddnGDbyU9Q\" target=\"_blank\" rel=\"noopener\">Full screen<\/a><\/p>\n\n\t\t<\/div>\n\t<\/div>\n<style>.vc_btn3-style-gradient-custom.vc_btn-gradient-btn-69e74c1ff297d:hover{color: #ffffff;background-color: #c33e4b;border: none;background-position: 100% 0;}<\/style><style>.vc_btn3-style-gradient-custom.vc_btn-gradient-btn-69e74c1ff297d{color: #ffffff;border: none;background-color: #c33e4b;background-image: -webkit-linear-gradient(left, #c33e4b 0%, #c33e4b 50%,#c33e4b 100%);background-image: linear-gradient(to right, #c33e4b 0%, #c33e4b 50%,#c33e4b 100%);-webkit-transition: all .2s ease-in-out;transition: all .2s ease-in-out;background-size: 200% 100%;}<\/style><div class=\"vc_btn3-container vc_btn3-center vc_do_btn\" ><a data-vc-gradient-1=\"#c33e4b\" data-vc-gradient-2=\"#c33e4b\" class=\"vc_general vc_btn3 vc_btn3-size-sm vc_btn3-shape-square vc_btn3-style-gradient-custom vc_btn-gradient-btn-69e74c1ff297d\" href=\"https:\/\/dev.millebuis.fr\/wp-content\/uploads\/2021\/03\/Millebuis_rully_rouge_fr.pdf\" title=\"\" target=\"_blank\">DOWNLOAD DATASHEET<\/a><\/div>\n\t<div class=\"wpb_text_column wpb_content_element\" >\n\t\t<div class=\"wpb_wrapper\">\n\t\t\t<p>Les vignes de l\u2019appellation Rully sont situ\u00e9es en coteaux. Elles puisent dans des sols tr\u00e8s argileux, bruns calcaires et assez caillouteux toute la finesse qui caract\u00e9rise notre Rully. Sa robe rubis clair r\u00e9v\u00e8le un nez de grenade et de cranberries avec des nuances \u00e9pic\u00e9es. \u00c9l\u00e9gante et fruit\u00e9e, la bouche offre une belle structure. Une expression tr\u00e8s pure du Pinot Noir.<\/p>\n\n\t\t<\/div>\n\t<\/div>\n<\/div><\/div><\/div><div class=\"wpb_column vc_column_container vc_col-sm-3\"><div class=\"vc_column-inner\"><div class=\"wpb_wrapper\"><\/div><\/div><\/div><div class=\"wpb_column vc_column_container vc_col-sm-3\"><div class=\"vc_column-inner\"><div class=\"wpb_wrapper\"><\/div><\/div><\/div><div class=\"wpb_column vc_column_container vc_col-sm-3\"><div class=\"vc_column-inner\"><div class=\"wpb_wrapper\"><\/div><\/div><\/div><\/div><div class=\"vc_row wpb_row vc_row-fluid\"><div class=\"wpb_column vc_column_container vc_col-sm-12\"><div class=\"vc_column-inner\"><div class=\"wpb_wrapper\"><div class=\"vc_separator wpb_content_element vc_separator_align_center vc_sep_width_100 vc_sep_pos_align_center vc_separator_no_text vc_sep_color_grey wpb_content_element  wpb_content_element\" ><span class=\"vc_sep_holder vc_sep_holder_l\"><span class=\"vc_sep_line\"><\/span><\/span><span class=\"vc_sep_holder vc_sep_holder_r\"><span class=\"vc_sep_line\"><\/span><\/span>\n<\/div><\/div><\/div><\/div><\/div><div class=\"vc_row wpb_row vc_row-fluid\"><div class=\"wpb_column vc_column_container vc_col-sm-12\"><div class=\"vc_column-inner\"><div class=\"wpb_wrapper\">\n\t<div class=\"wpb_text_column wpb_content_element content-seo\" >\n\t\t<div class=\"wpb_wrapper\">\n\t\t\t<p>Parmi les vins de Bourgogne du terroir de la C\u00f4te Chalonnaise, nous vous proposons de d\u00e9guster des vins rouges et des vins blancs \u00e9lev\u00e9s en f\u00fbts de ch\u00eane ou en cuve. La typicit\u00e9 de ces appellations d\u2019origine contr\u00f4l\u00e9e est d\u2019offrir une importante gamme aromatique avec des parfums de fruits noirs, de fleurs blanches, de fruits secs, d\u2019agrumes\u2026 Les raisins ou baies sont issus de plusieurs c\u00e9pages, essentiellement aligot\u00e9, pinot noir et chardonnay. La C\u00f4te Chalonnaise donne naissance \u00e0 de grands vins rouges qui se marient id\u00e9alement avec la viande charolaise (le village de Charolles est \u00e0 deux pas) et de grands vins blancs qui accompagneront les fromages de ch\u00e8vre AOC locaux et la volaille de Bresse, \u00e9lev\u00e9e aussi \u00e0 deux pas, de l\u2019autre c\u00f4t\u00e9 de la Sa\u00f4ne.<\/p>\n\n\t\t<\/div>\n\t<\/div>\n<\/div><\/div><\/div><\/div>\n<\/div>","protected":false},"excerpt":{"rendered":"LES VILLAGES Des\u00a0Appellations Communales,\u00a0\u00e9galement appel\u00e9es Appellations Villages, la Bourgogne en compte 41, de Pommard \u00e0 Nuits-Saint-Georges [...]","protected":false},"author":1,"featured_media":0,"parent":0,"menu_order":0,"comment_status":"closed","ping_status":"closed","template":"","meta":{"footnotes":""},"class_list":["post-33","page","type-page","status-publish","hentry"],"yoast_head":"<!-- This site is optimized with the Yoast SEO plugin v26.2 - https:\/\/yoast.com\/wordpress\/plugins\/seo\/ -->\n<title>Les Villages<\/title>\n<meta name=\"description\" content=\"Des Appellations Communales, \u00e9galement appel\u00e9es Appellations Villages, la Bourgogne en compte 41 ! Du nord au sud, la C\u00f4te Chalonnaise offre 4 Appellations Communales : Rully, Mercurey, Givry, Montagny.\" \/>\n<meta name=\"robots\" content=\"index, follow, max-snippet:-1, max-image-preview:large, max-video-preview:-1\" \/>\n<link rel=\"canonical\" href=\"https:\/\/dev.millebuis.fr\/en\/les-villages-2\/\" \/>\n<meta property=\"og:locale\" content=\"en_GB\" \/>\n<meta property=\"og:type\" content=\"article\" \/>\n<meta property=\"og:title\" content=\"Les Villages\" \/>\n<meta property=\"og:description\" content=\"Des Appellations Communales, \u00e9galement appel\u00e9es Appellations Villages, la Bourgogne en compte 41 ! Du nord au sud, la C\u00f4te Chalonnaise offre 4 Appellations Communales : Rully, Mercurey, Givry, Montagny.\" \/>\n<meta property=\"og:url\" content=\"https:\/\/dev.millebuis.fr\/en\/les-villages-2\/\" \/>\n<meta property=\"og:site_name\" content=\"Millebuis\" \/>\n<meta property=\"article:modified_time\" content=\"2022-03-16T08:16:56+00:00\" \/>\n<meta name=\"twitter:card\" content=\"summary_large_image\" \/>\n<meta name=\"twitter:label1\" content=\"Estimated reading time\" \/>\n\t<meta name=\"twitter:data1\" content=\"6 minutes\" \/>\n<!-- \/ Yoast SEO plugin. -->","yoast_head_json":{"title":"Les Villages","description":"Des Appellations Communales, \u00e9galement appel\u00e9es Appellations Villages, la Bourgogne en compte 41 ! Du nord au sud, la C\u00f4te Chalonnaise offre 4 Appellations Communales : Rully, Mercurey, Givry, Montagny.","robots":{"index":"index","follow":"follow","max-snippet":"max-snippet:-1","max-image-preview":"max-image-preview:large","max-video-preview":"max-video-preview:-1"},"canonical":"https:\/\/dev.millebuis.fr\/en\/les-villages-2\/","og_locale":"en_GB","og_type":"article","og_title":"Les Villages","og_description":"Des Appellations Communales, \u00e9galement appel\u00e9es Appellations Villages, la Bourgogne en compte 41 ! Du nord au sud, la C\u00f4te Chalonnaise offre 4 Appellations Communales : Rully, Mercurey, Givry, Montagny.","og_url":"https:\/\/dev.millebuis.fr\/en\/les-villages-2\/","og_site_name":"Millebuis","article_modified_time":"2022-03-16T08:16:56+00:00","twitter_card":"summary_large_image","twitter_misc":{"Estimated reading time":"6 minutes"},"schema":{"@context":"https:\/\/schema.org","@graph":[{"@type":"WebPage","@id":"https:\/\/dev.millebuis.fr\/les-villages-2\/","url":"https:\/\/dev.millebuis.fr\/les-villages-2\/","name":"Les Villages","isPartOf":{"@id":"https:\/\/dev.millebuis.fr\/#website"},"datePublished":"2021-03-11T13:29:39+00:00","dateModified":"2022-03-16T08:16:56+00:00","description":"Des Appellations Communales, \u00e9galement appel\u00e9es Appellations Villages, la Bourgogne en compte 41 ! Du nord au sud, la C\u00f4te Chalonnaise offre 4 Appellations Communales : Rully, Mercurey, Givry, Montagny.","breadcrumb":{"@id":"https:\/\/dev.millebuis.fr\/les-villages-2\/#breadcrumb"},"inLanguage":"en-GB","potentialAction":[{"@type":"ReadAction","target":["https:\/\/dev.millebuis.fr\/les-villages-2\/"]}]},{"@type":"BreadcrumbList","@id":"https:\/\/dev.millebuis.fr\/les-villages-2\/#breadcrumb","itemListElement":[{"@type":"ListItem","position":1,"name":"Accueil","item":"https:\/\/dev.millebuis.fr\/"},{"@type":"ListItem","position":2,"name":"Les Villages"}]},{"@type":"WebSite","@id":"https:\/\/dev.millebuis.fr\/#website","url":"https:\/\/dev.millebuis.fr\/","name":"Millebuis","description":"Vins fins de la C\u00f4te Chalonnaise","inLanguage":"en-GB"}]}},"_links":{"self":[{"href":"https:\/\/dev.millebuis.fr\/en\/wp-json\/wp\/v2\/pages\/33","targetHints":{"allow":["GET"]}}],"collection":[{"href":"https:\/\/dev.millebuis.fr\/en\/wp-json\/wp\/v2\/pages"}],"about":[{"href":"https:\/\/dev.millebuis.fr\/en\/wp-json\/wp\/v2\/types\/page"}],"author":[{"embeddable":true,"href":"https:\/\/dev.millebuis.fr\/en\/wp-json\/wp\/v2\/users\/1"}],"replies":[{"embeddable":true,"href":"https:\/\/dev.millebuis.fr\/en\/wp-json\/wp\/v2\/comments?post=33"}],"version-history":[{"count":11,"href":"https:\/\/dev.millebuis.fr\/en\/wp-json\/wp\/v2\/pages\/33\/revisions"}],"predecessor-version":[{"id":886,"href":"https:\/\/dev.millebuis.fr\/en\/wp-json\/wp\/v2\/pages\/33\/revisions\/886"}],"wp:attachment":[{"href":"https:\/\/dev.millebuis.fr\/en\/wp-json\/wp\/v2\/media?parent=33"}],"curies":[{"name":"wp","href":"https:\/\/api.w.org\/{rel}","templated":true}]}}