{"id":2308,"date":"2022-02-08T19:05:48","date_gmt":"2022-02-08T18:05:48","guid":{"rendered":"https:\/\/dev.millebuis.fr\/?page_id=2308"},"modified":"2022-02-08T19:05:48","modified_gmt":"2022-02-08T18:05:48","slug":"la-gougere","status":"publish","type":"page","link":"https:\/\/dev.millebuis.fr\/en\/la-gougere\/","title":{"rendered":"La goug\u00e8re"},"content":{"rendered":"<div class=\"wpb-content-wrapper\"><div class=\"vc_row wpb_row vc_row-fluid\"><div class=\"wpb_column vc_column_container vc_col-sm-12\"><div class=\"vc_column-inner\"><div class=\"wpb_wrapper\"><h2 style=\"text-align: left;font-family:Abril Fatface;font-weight:400;font-style:normal\" class=\"vc_custom_heading vc_do_custom_heading\" >C\u2019EST L\u2019AUTOMNE, VIVE LES GOUG\u00c8RES !<\/h2><div class=\"vc_empty_space\"   style=\"height: 32px\"><span class=\"vc_empty_space_inner\"><\/span><\/div><\/div><\/div><\/div><\/div><div class=\"vc_row wpb_row vc_row-fluid\"><div class=\"wpb_column vc_column_container vc_col-sm-9\"><div class=\"vc_column-inner\"><div class=\"wpb_wrapper\"><div class=\"vc_row wpb_row vc_inner vc_row-fluid\"><div class=\"wpb_column vc_column_container vc_col-sm-3\"><div class=\"vc_column-inner\"><div class=\"wpb_wrapper\"><\/div><\/div><\/div><div class=\"wpb_column vc_column_container vc_col-sm-6\"><div class=\"vc_column-inner\"><div class=\"wpb_wrapper\">\n\t<div  class=\"wpb_single_image wpb_content_element vc_align_left wpb_content_element\">\n\t\t\n\t\t<figure class=\"wpb_wrapper vc_figure\">\n\t\t\t<div class=\"vc_single_image-wrapper   vc_box_border_grey\"><img loading=\"lazy\" decoding=\"async\" width=\"1200\" height=\"470\" src=\"https:\/\/dev.millebuis.fr\/wp-content\/uploads\/2021\/12\/la_gougere_goutte-vin_ideal_Millebuis.png\" class=\"vc_single_image-img attachment-full\" alt=\"\" title=\"la_gougere_goutte-vin_ideal_Millebuis\" srcset=\"https:\/\/dev.millebuis.fr\/wp-content\/uploads\/2021\/12\/la_gougere_goutte-vin_ideal_Millebuis.png 1200w, https:\/\/dev.millebuis.fr\/wp-content\/uploads\/2021\/12\/la_gougere_goutte-vin_ideal_Millebuis-300x118.png 300w, https:\/\/dev.millebuis.fr\/wp-content\/uploads\/2021\/12\/la_gougere_goutte-vin_ideal_Millebuis-1024x401.png 1024w, https:\/\/dev.millebuis.fr\/wp-content\/uploads\/2021\/12\/la_gougere_goutte-vin_ideal_Millebuis-768x301.png 768w, https:\/\/dev.millebuis.fr\/wp-content\/uploads\/2021\/12\/la_gougere_goutte-vin_ideal_Millebuis-18x7.png 18w\" sizes=\"auto, (max-width: 1200px) 100vw, 1200px\" \/><\/div>\n\t\t<\/figure>\n\t<\/div>\n<\/div><\/div><\/div><div class=\"wpb_column vc_column_container vc_col-sm-3\"><div class=\"vc_column-inner\"><div class=\"wpb_wrapper\"><\/div><\/div><\/div><\/div>\n\t<div class=\"wpb_text_column wpb_content_element\" >\n\t\t<div class=\"wpb_wrapper\">\n\t\t\t<h3 class=\"vc_custom_heading\" style=\"text-align: center;\">TO ENJOY WITH OUR MONTAGNY<\/h3>\n\n\t\t<\/div>\n\t<\/div>\n\n\t<div class=\"wpb_text_column wpb_content_element\" >\n\t\t<div class=\"wpb_wrapper\">\n\t\t\t<p style=\"text-align: center;\">\u201cAvec sa robe lumineuse, ce vin tr\u00e8s expressif r\u00e9v\u00e8le un bouquet de fleurs blanches (aub\u00e9pine, acacia) et de fruits \u00e0 chair blanche (pomme, litchi). La bouche charnue et soyeuse offre une belle finale. Une expression tr\u00e8s pure du Chardonnay.\u201d<\/p>\n\n\t\t<\/div>\n\t<\/div>\n<div class=\"vc_separator wpb_content_element vc_separator_align_center vc_sep_width_100 vc_sep_pos_align_center vc_separator_no_text vc_sep_color_grey wpb_content_element  wpb_content_element\" ><span class=\"vc_sep_holder vc_sep_holder_l\"><span class=\"vc_sep_line\"><\/span><\/span><span class=\"vc_sep_holder vc_sep_holder_r\"><span class=\"vc_sep_line\"><\/span><\/span>\n<\/div><div class=\"vc_row wpb_row vc_inner vc_row-fluid vc_row-o-content-middle vc_row-flex\"><div class=\"wpb_column vc_column_container vc_col-sm-3\"><div class=\"vc_column-inner\"><div class=\"wpb_wrapper\">\n\t<div  class=\"wpb_single_image wpb_content_element vc_align_left wpb_content_element\">\n\t\t\n\t\t<figure class=\"wpb_wrapper vc_figure\">\n\t\t\t<div class=\"vc_single_image-wrapper   vc_box_border_grey\"><img loading=\"lazy\" decoding=\"async\" width=\"1280\" height=\"1280\" src=\"https:\/\/dev.millebuis.fr\/wp-content\/uploads\/2021\/12\/gougeres_1280x1280.jpg\" class=\"vc_single_image-img attachment-full\" alt=\"\" title=\"goug\u00e8res au fromage 4\" srcset=\"https:\/\/dev.millebuis.fr\/wp-content\/uploads\/2021\/12\/gougeres_1280x1280.jpg 1280w, https:\/\/dev.millebuis.fr\/wp-content\/uploads\/2021\/12\/gougeres_1280x1280-300x300.jpg 300w, https:\/\/dev.millebuis.fr\/wp-content\/uploads\/2021\/12\/gougeres_1280x1280-1024x1024.jpg 1024w, https:\/\/dev.millebuis.fr\/wp-content\/uploads\/2021\/12\/gougeres_1280x1280-150x150.jpg 150w, https:\/\/dev.millebuis.fr\/wp-content\/uploads\/2021\/12\/gougeres_1280x1280-768x768.jpg 768w, https:\/\/dev.millebuis.fr\/wp-content\/uploads\/2021\/12\/gougeres_1280x1280-12x12.jpg 12w\" sizes=\"auto, (max-width: 1280px) 100vw, 1280px\" \/><\/div>\n\t\t<\/figure>\n\t<\/div>\n<\/div><\/div><\/div><div class=\"wpb_column vc_column_container vc_col-sm-9\"><div class=\"vc_column-inner\"><div class=\"wpb_wrapper\">\n\t<div class=\"wpb_text_column wpb_content_element\" >\n\t\t<div class=\"wpb_wrapper\">\n\t\t\t<h4><strong>Ingredients:<\/strong><\/h4>\n<p>\u2022 1\/2 litre of milk<br \/>\n\u2022 6 eggs<br \/>\n\u2022 250 g of flour<br \/>\n\u2022 100 g of gruyere-type cheese<br \/>\n\u2022 120 g of butter<br \/>\n\u2022 salt and pepper<\/p>\n\n\t\t<\/div>\n\t<\/div>\n<\/div><\/div><\/div><\/div><\/div><\/div><\/div><div class=\"wpb_column vc_column_container vc_col-sm-3\"><div class=\"vc_column-inner\"><div class=\"wpb_wrapper\">\n\t<div  class=\"wpb_single_image wpb_content_element vc_align_left wpb_content_element\">\n\t\t\n\t\t<figure class=\"wpb_wrapper vc_figure\">\n\t\t\t<div class=\"vc_single_image-wrapper   vc_box_border_grey\"><img loading=\"lazy\" decoding=\"async\" width=\"1168\" height=\"2560\" src=\"https:\/\/dev.millebuis.fr\/wp-content\/uploads\/2021\/12\/Montagny-BLC-00-HD-scaled.jpg\" class=\"vc_single_image-img attachment-full\" alt=\"\" title=\"Montagny-BLC-00-HD\" srcset=\"https:\/\/dev.millebuis.fr\/wp-content\/uploads\/2021\/12\/Montagny-BLC-00-HD-scaled.jpg 1168w, https:\/\/dev.millebuis.fr\/wp-content\/uploads\/2021\/12\/Montagny-BLC-00-HD-137x300.jpg 137w, https:\/\/dev.millebuis.fr\/wp-content\/uploads\/2021\/12\/Montagny-BLC-00-HD-467x1024.jpg 467w, https:\/\/dev.millebuis.fr\/wp-content\/uploads\/2021\/12\/Montagny-BLC-00-HD-768x1684.jpg 768w, https:\/\/dev.millebuis.fr\/wp-content\/uploads\/2021\/12\/Montagny-BLC-00-HD-701x1536.jpg 701w, https:\/\/dev.millebuis.fr\/wp-content\/uploads\/2021\/12\/Montagny-BLC-00-HD-934x2048.jpg 934w, https:\/\/dev.millebuis.fr\/wp-content\/uploads\/2021\/12\/Montagny-BLC-00-HD-5x12.jpg 5w\" sizes=\"auto, (max-width: 1168px) 100vw, 1168px\" \/><\/div>\n\t\t<\/figure>\n\t<\/div>\n<\/div><\/div><\/div><\/div><div class=\"vc_row wpb_row vc_row-fluid\"><div class=\"wpb_column vc_column_container vc_col-sm-12\"><div class=\"vc_column-inner\"><div class=\"wpb_wrapper\">\n\t<div class=\"wpb_video_widget wpb_content_element vc_clearfix   vc_video-aspect-ratio-169 vc_video-el-width-100 vc_video-align-center\" >\n\t\t<div class=\"wpb_wrapper\">\n\t\t\t<h2 class=\"wpb_heading wpb_video_heading\">THE RECIPE WITH HERV\u00c9 CUISINE AND R\u00c9MI MARLIN<\/h2>\n\t\t\t<div class=\"wpb_video_wrapper\"><iframe loading=\"lazy\" title=\"La goug\u00e8re, \u201cgoutte vin\u201d id\u00e9al, la recette avec Herv\u00e9 Cuisine\" width=\"500\" height=\"281\" src=\"https:\/\/www.youtube.com\/embed\/GMY79Lb5zW0?feature=oembed\" frameborder=\"0\" allow=\"accelerometer; autoplay; clipboard-write; encrypted-media; gyroscope; picture-in-picture; web-share\" referrerpolicy=\"strict-origin-when-cross-origin\" allowfullscreen><\/iframe><\/div>\n\t\t<\/div>\n\t<\/div>\n<div class=\"vc_btn3-container vc_btn3-center vc_do_btn\" ><a class=\"vc_general vc_btn3 vc_btn3-size-md vc_btn3-shape-rounded vc_btn3-style-modern vc_btn3-color-grey\" href=\"https:\/\/dev.millebuis.fr\/en\/vins\/mets-et-vins\/\" title=\"Mets et Vins\">TOUTES LES RECETTES<\/a><\/div><\/div><\/div><\/div><\/div>\n<\/div>","protected":false},"excerpt":{"rendered":"C\u2019EST L\u2019AUTOMNE, VIVE LES GOUG\u00c8RES ! \u00c0 D\u00c9GUSTER AVEC NOTRE MONTAGNY \u201cAvec sa robe lumineuse, ce [...]","protected":false},"author":1,"featured_media":0,"parent":0,"menu_order":0,"comment_status":"closed","ping_status":"closed","template":"recette.php","meta":{"footnotes":""},"class_list":["post-2308","page","type-page","status-publish","hentry"],"yoast_head":"<!-- This site is optimized with the Yoast SEO plugin v26.2 - https:\/\/yoast.com\/wordpress\/plugins\/seo\/ -->\n<title>La goug\u00e8re - Millebuis<\/title>\n<meta name=\"description\" content=\"La goug\u00e8re - Millebuis\" \/>\n<meta name=\"robots\" content=\"index, follow, max-snippet:-1, max-image-preview:large, max-video-preview:-1\" \/>\n<link rel=\"canonical\" href=\"https:\/\/dev.millebuis.fr\/en\/la-gougere\/\" \/>\n<meta property=\"og:locale\" content=\"en_GB\" \/>\n<meta property=\"og:type\" content=\"article\" \/>\n<meta property=\"og:title\" content=\"La goug\u00e8re - Millebuis\" \/>\n<meta property=\"og:description\" content=\"La goug\u00e8re - Millebuis\" \/>\n<meta property=\"og:url\" content=\"https:\/\/dev.millebuis.fr\/en\/la-gougere\/\" \/>\n<meta property=\"og:site_name\" content=\"Millebuis\" \/>\n<meta name=\"twitter:card\" content=\"summary_large_image\" \/>\n<meta name=\"twitter:label1\" content=\"Estimated reading time\" \/>\n\t<meta name=\"twitter:data1\" content=\"1 minute\" \/>\n<!-- \/ Yoast SEO plugin. -->","yoast_head_json":{"title":"La goug\u00e8re - Millebuis","description":"La goug\u00e8re - Millebuis","robots":{"index":"index","follow":"follow","max-snippet":"max-snippet:-1","max-image-preview":"max-image-preview:large","max-video-preview":"max-video-preview:-1"},"canonical":"https:\/\/dev.millebuis.fr\/en\/la-gougere\/","og_locale":"en_GB","og_type":"article","og_title":"La goug\u00e8re - Millebuis","og_description":"La goug\u00e8re - Millebuis","og_url":"https:\/\/dev.millebuis.fr\/en\/la-gougere\/","og_site_name":"Millebuis","twitter_card":"summary_large_image","twitter_misc":{"Estimated reading time":"1 minute"},"schema":{"@context":"https:\/\/schema.org","@graph":[{"@type":"WebPage","@id":"https:\/\/dev.millebuis.fr\/la-gougere\/","url":"https:\/\/dev.millebuis.fr\/la-gougere\/","name":"La goug\u00e8re - Millebuis","isPartOf":{"@id":"https:\/\/dev.millebuis.fr\/#website"},"datePublished":"2022-02-08T18:05:48+00:00","description":"La goug\u00e8re - Millebuis","breadcrumb":{"@id":"https:\/\/dev.millebuis.fr\/la-gougere\/#breadcrumb"},"inLanguage":"en-GB","potentialAction":[{"@type":"ReadAction","target":["https:\/\/dev.millebuis.fr\/la-gougere\/"]}]},{"@type":"BreadcrumbList","@id":"https:\/\/dev.millebuis.fr\/la-gougere\/#breadcrumb","itemListElement":[{"@type":"ListItem","position":1,"name":"Accueil","item":"https:\/\/dev.millebuis.fr\/"},{"@type":"ListItem","position":2,"name":"La goug\u00e8re"}]},{"@type":"WebSite","@id":"https:\/\/dev.millebuis.fr\/#website","url":"https:\/\/dev.millebuis.fr\/","name":"Millebuis","description":"Vins fins de la C\u00f4te Chalonnaise","inLanguage":"en-GB"}]}},"_links":{"self":[{"href":"https:\/\/dev.millebuis.fr\/en\/wp-json\/wp\/v2\/pages\/2308","targetHints":{"allow":["GET"]}}],"collection":[{"href":"https:\/\/dev.millebuis.fr\/en\/wp-json\/wp\/v2\/pages"}],"about":[{"href":"https:\/\/dev.millebuis.fr\/en\/wp-json\/wp\/v2\/types\/page"}],"author":[{"embeddable":true,"href":"https:\/\/dev.millebuis.fr\/en\/wp-json\/wp\/v2\/users\/1"}],"replies":[{"embeddable":true,"href":"https:\/\/dev.millebuis.fr\/en\/wp-json\/wp\/v2\/comments?post=2308"}],"version-history":[{"count":15,"href":"https:\/\/dev.millebuis.fr\/en\/wp-json\/wp\/v2\/pages\/2308\/revisions"}],"predecessor-version":[{"id":2353,"href":"https:\/\/dev.millebuis.fr\/en\/wp-json\/wp\/v2\/pages\/2308\/revisions\/2353"}],"wp:attachment":[{"href":"https:\/\/dev.millebuis.fr\/en\/wp-json\/wp\/v2\/media?parent=2308"}],"curies":[{"name":"wp","href":"https:\/\/api.w.org\/{rel}","templated":true}]}}