{"id":1917,"date":"2021-10-07T11:33:25","date_gmt":"2021-10-07T09:33:25","guid":{"rendered":"https:\/\/dev.millebuis.fr\/?page_id=1917"},"modified":"2025-09-22T10:12:05","modified_gmt":"2025-09-22T08:12:05","slug":"les-aperitifs-mystere","status":"publish","type":"page","link":"https:\/\/dev.millebuis.fr\/en\/oenotourisme\/les-aperitifs-mystere\/","title":{"rendered":"Les Ap\u00e9ritifs Myst\u00e8re"},"content":{"rendered":"<div class=\"wpb-content-wrapper\"><div class=\"vc_row wpb_row vc_row-fluid\"><div class=\"wpb_column vc_column_container vc_col-sm-12\"><div class=\"vc_column-inner\"><div class=\"wpb_wrapper\"><h2 style=\"text-align: left;font-family:Abril Fatface;font-weight:400;font-style:normal\" class=\"vc_custom_heading vc_do_custom_heading\" >LES AP\u00c9RITIFS MYST\u00c8RE<\/h2><div class=\"vc_empty_space\"   style=\"height: 32px\"><span class=\"vc_empty_space_inner\"><\/span><\/div><\/div><\/div><\/div><\/div><div class=\"vc_row wpb_row vc_row-fluid vc_row-o-content-middle vc_row-flex\"><div class=\"wpb_column vc_column_container vc_col-sm-4\"><div class=\"vc_column-inner\"><div class=\"wpb_wrapper\">\n\t<div  class=\"wpb_single_image wpb_content_element vc_align_left wpb_content_element\">\n\t\t\n\t\t<figure class=\"wpb_wrapper vc_figure\">\n\t\t\t<div class=\"vc_single_image-wrapper   vc_box_border_grey\"><img loading=\"lazy\" decoding=\"async\" width=\"1080\" height=\"1080\" src=\"https:\/\/dev.millebuis.fr\/wp-content\/uploads\/2023\/10\/aperitif-mystere-2023.jpg\" class=\"vc_single_image-img attachment-full\" alt=\"\" title=\"ap\u00e9ritif myst\u00e8re 2023\" srcset=\"https:\/\/dev.millebuis.fr\/wp-content\/uploads\/2023\/10\/aperitif-mystere-2023.jpg 1080w, https:\/\/dev.millebuis.fr\/wp-content\/uploads\/2023\/10\/aperitif-mystere-2023-300x300.jpg 300w, https:\/\/dev.millebuis.fr\/wp-content\/uploads\/2023\/10\/aperitif-mystere-2023-1024x1024.jpg 1024w, https:\/\/dev.millebuis.fr\/wp-content\/uploads\/2023\/10\/aperitif-mystere-2023-150x150.jpg 150w, https:\/\/dev.millebuis.fr\/wp-content\/uploads\/2023\/10\/aperitif-mystere-2023-768x768.jpg 768w, https:\/\/dev.millebuis.fr\/wp-content\/uploads\/2023\/10\/aperitif-mystere-2023-12x12.jpg 12w\" sizes=\"auto, (max-width: 1080px) 100vw, 1080px\" \/><\/div>\n\t\t<\/figure>\n\t<\/div>\n<\/div><\/div><\/div><div class=\"wpb_column vc_column_container vc_col-sm-8\"><div class=\"vc_column-inner\"><div class=\"wpb_wrapper\"><h2 style=\"text-align: left;font-family:Abril Fatface;font-weight:400;font-style:normal\" class=\"vc_custom_heading vc_do_custom_heading\" >Le vin comme objet culturel, patrimonial et surtout un peu magique\u2026<\/h2><div class=\"vc_empty_space\"   style=\"height: 15px\"><span class=\"vc_empty_space_inner\"><\/span><\/div>\n\t<div class=\"wpb_text_column wpb_content_element\" >\n\t\t<div class=\"wpb_wrapper\">\n\t\t\t<div class=\"wpb_text_column wpb_content_element\">\n<div class=\"wpb_wrapper\">\n<p>Partant de ce principe nous avons d\u00e9cid\u00e9 de l\u2019associer chaque mois \u00e0 un lieu diff\u00e9rent, pour une d\u00e9gustation \u00e0 360\u00b0\u00a0! Originalit\u00e9 du projet, l\u2019endroit de l\u2019\u00e9v\u00e8nement reste tenu secret jusqu\u2019au jour J, o\u00f9 les participants recevront des coordonn\u00e9es GPS pour se laisser guider jusqu\u2019au site.<\/p>\n<p><strong>Le myst\u00e8re reste donc entier, seule certitude, les lieux choisis avec minutie (dans un rayon de 30 km maximum autour de Buxy) et la d\u00e9gustation autour d\u2019accords lieux\/mets\/vin\u2026<\/strong><\/p>\n<p><strong>Exp\u00e9rience sensorielle et \u00e9motion garanties\u00a0!<\/strong><\/p>\n<p><b>Infos Pratiques<br \/>\n<\/b>De 19h \u00e0 20h30<br \/>\nTarif ap\u00e9ritif \u00ab Myst\u00e8re \u00bb : 45\u20ac \/ adulte<br \/>\nNombre de places limit\u00e9 &#8211; \u00c0 partir de 18 ans<br \/>\nR\u00e9servation obligatoire<\/p>\n<p>Info et r\u00e9servations :<span class=\"pq6dq46d tbxw36s4 knj5qynh kvgmc6g5 ditlmg2l oygrvhab nvdbi5me sf5mxxl7 gl3lb2sf hhz5lgdu\"><br \/>\n<img loading=\"lazy\" decoding=\"async\" src=\"https:\/\/static.xx.fbcdn.net\/images\/emoji.php\/v9\/ta9\/1.5\/16\/260e.png\" alt=\"\u260e\" width=\"16\" height=\"16\" \/><\/span> 03 85 92 03 03<span class=\"pq6dq46d tbxw36s4 knj5qynh kvgmc6g5 ditlmg2l oygrvhab nvdbi5me sf5mxxl7 gl3lb2sf hhz5lgdu\"><br \/>\n<img loading=\"lazy\" decoding=\"async\" src=\"https:\/\/static.xx.fbcdn.net\/images\/emoji.php\/v9\/te5\/1.5\/16\/1f4bb.png\" alt=\"\ud83d\udcbb\" width=\"16\" height=\"16\" \/><\/span> <a href=\"mailto:accueil@vigneronsdebuxy.fr\">accueil@vigneronsdebuxy.fr<\/a><\/p>\n<\/div>\n<\/div>\n\n\t\t<\/div>\n\t<\/div>\n<\/div><\/div><\/div><\/div><div class=\"vc_row wpb_row vc_row-fluid\"><div class=\"wpb_column vc_column_container vc_col-sm-12\"><div class=\"vc_column-inner\"><div class=\"wpb_wrapper\"><h2 style=\"text-align: left;font-family:Abril Fatface;font-weight:400;font-style:normal\" class=\"vc_custom_heading vc_do_custom_heading\" >RETOUR EN IMAGES SUR NOTRE PREMIER AP\u00c9RITIF MYST\u00c8RE<\/h2><\/div><\/div><\/div><\/div><div class=\"vc_row wpb_row vc_row-fluid\"><div class=\"wpb_column vc_column_container vc_col-sm-4\"><div class=\"vc_column-inner\"><div class=\"wpb_wrapper\">\n\t<div  class=\"wpb_single_image wpb_content_element vc_align_left wpb_content_element\">\n\t\t\n\t\t<figure class=\"wpb_wrapper vc_figure\">\n\t\t\t<div class=\"vc_single_image-wrapper   vc_box_border_grey\"><img loading=\"lazy\" decoding=\"async\" width=\"1500\" height=\"1500\" src=\"https:\/\/dev.millebuis.fr\/wp-content\/uploads\/2021\/11\/254687753_4519628781459744_3836024807303592995_n.jpg\" class=\"vc_single_image-img attachment-full\" alt=\"\" title=\"254687753_4519628781459744_3836024807303592995_n\" srcset=\"https:\/\/dev.millebuis.fr\/wp-content\/uploads\/2021\/11\/254687753_4519628781459744_3836024807303592995_n.jpg 1500w, https:\/\/dev.millebuis.fr\/wp-content\/uploads\/2021\/11\/254687753_4519628781459744_3836024807303592995_n-300x300.jpg 300w, https:\/\/dev.millebuis.fr\/wp-content\/uploads\/2021\/11\/254687753_4519628781459744_3836024807303592995_n-1024x1024.jpg 1024w, https:\/\/dev.millebuis.fr\/wp-content\/uploads\/2021\/11\/254687753_4519628781459744_3836024807303592995_n-150x150.jpg 150w, https:\/\/dev.millebuis.fr\/wp-content\/uploads\/2021\/11\/254687753_4519628781459744_3836024807303592995_n-768x768.jpg 768w, https:\/\/dev.millebuis.fr\/wp-content\/uploads\/2021\/11\/254687753_4519628781459744_3836024807303592995_n-12x12.jpg 12w\" sizes=\"auto, (max-width: 1500px) 100vw, 1500px\" \/><\/div>\n\t\t<\/figure>\n\t<\/div>\n<\/div><\/div><\/div><div class=\"wpb_column vc_column_container vc_col-sm-4\"><div class=\"vc_column-inner\"><div class=\"wpb_wrapper\">\n\t<div  class=\"wpb_single_image wpb_content_element vc_align_left wpb_content_element\">\n\t\t\n\t\t<figure class=\"wpb_wrapper vc_figure\">\n\t\t\t<div class=\"vc_single_image-wrapper   vc_box_border_grey\"><img loading=\"lazy\" decoding=\"async\" width=\"800\" height=\"800\" src=\"https:\/\/dev.millebuis.fr\/wp-content\/uploads\/2021\/11\/aperitif-mystere-28-octobre-2.jpg\" class=\"vc_single_image-img attachment-full\" alt=\"\" title=\"aperitif mystere 28 octobre 2\" srcset=\"https:\/\/dev.millebuis.fr\/wp-content\/uploads\/2021\/11\/aperitif-mystere-28-octobre-2.jpg 800w, https:\/\/dev.millebuis.fr\/wp-content\/uploads\/2021\/11\/aperitif-mystere-28-octobre-2-300x300.jpg 300w, https:\/\/dev.millebuis.fr\/wp-content\/uploads\/2021\/11\/aperitif-mystere-28-octobre-2-150x150.jpg 150w, https:\/\/dev.millebuis.fr\/wp-content\/uploads\/2021\/11\/aperitif-mystere-28-octobre-2-768x768.jpg 768w, https:\/\/dev.millebuis.fr\/wp-content\/uploads\/2021\/11\/aperitif-mystere-28-octobre-2-12x12.jpg 12w\" sizes=\"auto, (max-width: 800px) 100vw, 800px\" \/><\/div>\n\t\t<\/figure>\n\t<\/div>\n<\/div><\/div><\/div><div class=\"wpb_column vc_column_container vc_col-sm-4\"><div class=\"vc_column-inner\"><div class=\"wpb_wrapper\">\n\t<div  class=\"wpb_single_image wpb_content_element vc_align_left wpb_content_element\">\n\t\t\n\t\t<figure class=\"wpb_wrapper vc_figure\">\n\t\t\t<div class=\"vc_single_image-wrapper   vc_box_border_grey\"><img loading=\"lazy\" decoding=\"async\" width=\"800\" height=\"800\" src=\"https:\/\/dev.millebuis.fr\/wp-content\/uploads\/2021\/11\/aperitif-mystere.jpg\" class=\"vc_single_image-img attachment-full\" alt=\"\" title=\"aperitif mystere\" srcset=\"https:\/\/dev.millebuis.fr\/wp-content\/uploads\/2021\/11\/aperitif-mystere.jpg 800w, https:\/\/dev.millebuis.fr\/wp-content\/uploads\/2021\/11\/aperitif-mystere-300x300.jpg 300w, https:\/\/dev.millebuis.fr\/wp-content\/uploads\/2021\/11\/aperitif-mystere-150x150.jpg 150w, https:\/\/dev.millebuis.fr\/wp-content\/uploads\/2021\/11\/aperitif-mystere-768x768.jpg 768w, https:\/\/dev.millebuis.fr\/wp-content\/uploads\/2021\/11\/aperitif-mystere-12x12.jpg 12w\" sizes=\"auto, (max-width: 800px) 100vw, 800px\" \/><\/div>\n\t\t<\/figure>\n\t<\/div>\n<\/div><\/div><\/div><\/div><div class=\"vc_row wpb_row vc_row-fluid\"><div class=\"wpb_column vc_column_container vc_col-sm-12\"><div class=\"vc_column-inner\"><div class=\"wpb_wrapper\">\n\t<div class=\"wpb_text_column wpb_content_element\" >\n\t\t<div class=\"wpb_wrapper\">\n\t\t\t<p style=\"text-align: center;\">Nous avons embarqu\u00e9 nos convives pour un voyage au XIVe si\u00e8cle avec une d\u00e9gustation de mets du Moyen-\u00e2ge, accord\u00e9s avec une s\u00e9lection de cuv\u00e9es Millebuis, entre les murs envo\u00fbtants du Ch\u00e2teau de Germolles.<\/p>\n<p style=\"text-align: center;\">Un grand MERCI \u00e0 Monsieur Pinette pour son accueil et \u00e0 notre groupe pour son enthousiasme.<\/p>\n<p style=\"text-align: center;\">Mention sp\u00e9ciale pour les mets d\u00e9licieux avec notamment la \u00ab\u00a0Tourte des Roys\u00a0\u00bb (poulet \/ sanglier), le \u00ab\u00a0Past\u00e9\u00a0\u00bb de foies confits, le \u00ab\u00a0Galimafr\u00e9\u00a0\u00bb de veau et le \u00ab\u00a0Limonia \u00a0\u00bb (Poulet \/ citron \/ lard \/ amandes).<\/p>\n\n\t\t<\/div>\n\t<\/div>\n<\/div><\/div><\/div><\/div><div class=\"vc_row wpb_row vc_row-fluid\"><div class=\"wpb_column vc_column_container vc_col-sm-12\"><div class=\"vc_column-inner\"><div class=\"wpb_wrapper\"><h2 style=\"text-align: left;font-family:Abril Fatface;font-weight:400;font-style:normal\" class=\"vc_custom_heading vc_do_custom_heading\" >TOUT LE MONDE EN PARLE...<\/h2><div class=\"vc_empty_space\"   style=\"height: 25px\"><span class=\"vc_empty_space_inner\"><\/span><\/div><\/div><\/div><\/div><\/div><div class=\"vc_row wpb_row vc_row-fluid\"><div class=\"wpb_column vc_column_container vc_col-sm-6\"><div class=\"vc_column-inner\"><div class=\"wpb_wrapper\"><div class=\"vc_btn3-container vc_btn3-center vc_do_btn\" ><a class=\"vc_general vc_btn3 vc_btn3-size-md vc_btn3-shape-rounded vc_btn3-style-modern vc_btn3-color-grey\" href=\"https:\/\/www.terredevins.com\/actualites\/des-accords-lieu-mets-vins-avec-les-vignerons-de-buxy\" title=\"\" target=\"_blank\">ARTICLE TERRE DE VINS<\/a><\/div><\/div><\/div><\/div><div class=\"wpb_column vc_column_container vc_col-sm-6\"><div class=\"vc_column-inner\"><div class=\"wpb_wrapper\"><div class=\"vc_btn3-container vc_btn3-center vc_do_btn\" ><a class=\"vc_general vc_btn3 vc_btn3-size-md vc_btn3-shape-rounded vc_btn3-style-modern vc_btn3-color-grey\" href=\"https:\/\/www.lesbuvologues.com\/2021\/11\/27\/tenterez-vous-laperitif-mystere\/\" title=\"\" target=\"_blank\">ARTICLE LES BUVOLOGUES<\/a><\/div><\/div><\/div><\/div><\/div><div class=\"vc_row wpb_row vc_row-fluid\"><div class=\"wpb_column vc_column_container vc_col-sm-12\"><div class=\"vc_column-inner\"><div class=\"wpb_wrapper\"><div class=\"vc_empty_space\"   style=\"height: 32px\"><span class=\"vc_empty_space_inner\"><\/span><\/div><div class=\"vc_separator wpb_content_element vc_separator_align_center vc_sep_width_100 vc_sep_pos_align_center vc_separator_no_text vc_sep_color_grey wpb_content_element  wpb_content_element\" ><span class=\"vc_sep_holder vc_sep_holder_l\"><span class=\"vc_sep_line\"><\/span><\/span><span class=\"vc_sep_holder vc_sep_holder_r\"><span class=\"vc_sep_line\"><\/span><\/span>\n<\/div><\/div><\/div><\/div><\/div><div class=\"vc_row wpb_row vc_row-fluid\"><div class=\"wpb_column vc_column_container vc_col-sm-12\"><div class=\"vc_column-inner vc_custom_1721288600657\"><div class=\"wpb_wrapper\"><h2 style=\"text-align: center;font-family:Abril Fatface;font-weight:400;font-style:normal\" class=\"vc_custom_heading vc_do_custom_heading\" >Abonnez-vous \u00e0 notre newsletter !<\/h2>\n\t<div class=\"wpb_text_column wpb_content_element\" >\n\t\t<div class=\"wpb_wrapper\">\n\t\t\t<p style=\"text-align: center;\">Une fois par mois, des bons plans, des recettes, des \u00e9v\u00e9nements\u2026<\/p>\n\n\t\t<\/div>\n\t<\/div>\n<div class=\"vc_row wpb_row vc_inner vc_row-fluid vc_custom_1713192213044\"><div class=\"wpb_column vc_column_container vc_col-sm-4\"><div class=\"vc_column-inner\"><div class=\"wpb_wrapper\"><\/div><\/div><\/div><div class=\"wpb_column vc_column_container vc_col-sm-4\"><div class=\"vc_column-inner\"><div class=\"wpb_wrapper\">\n\t<div class=\"wpb_text_column wpb_content_element\" >\n\t\t<div class=\"wpb_wrapper\">\n\t\t\t<p style=\"text-align: center;\">\n\t\t\t<form id=\"sib_signup_form_1\" method=\"post\" class=\"sib_signup_form\" action=\"\">\n\t\t\t\t<div class=\"sib_loader\" style=\"display:none;\"><img\n\t\t\t\t\t\t\tsrc=\"https:\/\/dev.millebuis.fr\/wp-includes\/images\/spinner.gif\" alt=\"loader\"><\/div>\n\t\t\t\t<input type=\"hidden\" name=\"sib_form_action\" value=\"subscribe_form_submit\">\n\t\t\t\t<input type=\"hidden\" name=\"sib_form_id\" value=\"1\">\n                <input type=\"hidden\" name=\"sib_form_alert_notice\" value=\"Remplissez ce champ s\u2019il vous pla\u00eet\">\n                <input type=\"hidden\" name=\"sib_form_invalid_email_notice\" value=\"Cette adresse email n&#039;est pas valide\">\n                <input type=\"hidden\" name=\"sib_security\" value=\"d56c80d914\">\n\t\t\t\t<div class=\"sib_signup_box_inside_1\">\n\t\t\t\t\t<div style=\"\/*display:none*\/\" class=\"sib_msg_disp\">\n\t\t\t\t\t<\/div>\n                    \t\t\t\t\t<div class=\"input-group mt-2 mb-5\">\r\n    <input type=\"email\" class=\"form-control sib-email-area\" placeholder=\"Email\" name=\"email\" required=\"required\"><div class=\"input-group-append\"> <input type=\"submit\" class=\"btn btn-primary sib-default-btn\" value=\"OK\"><\/div><\/div>\t\t\t\t<\/div>\n\t\t\t<input type=\"hidden\" name=\"trp-form-language\" value=\"en\"\/><\/form>\n\t\t\t<style>\n\t\t\t\tform#sib_signup_form_1 p.sib-alert-message {\n    padding: 6px 12px;\n    margin-bottom: 20px;\n    border: 1px solid transparent;\n    border-radius: 4px;\n    -webkit-box-sizing: border-box;\n    -moz-box-sizing: border-box;\n    box-sizing: border-box;\n}\nform#sib_signup_form_1 p.sib-alert-message-error {\n    background-color: #f2dede;\n    border-color: #ebccd1;\n    color: #a94442;\n}\nform#sib_signup_form_1 p.sib-alert-message-success {\n    background-color: #dff0d8;\n    border-color: #d6e9c6;\n    color: #3c763d;\n}\nform#sib_signup_form_1 p.sib-alert-message-warning {\n    background-color: #fcf8e3;\n    border-color: #faebcc;\n    color: #8a6d3b;\n}\n\t\t\t<\/style>\n\t\t\t<\/p>\n\n\t\t<\/div>\n\t<\/div>\n<\/div><\/div><\/div><div class=\"wpb_column vc_column_container vc_col-sm-4\"><div class=\"vc_column-inner\"><div class=\"wpb_wrapper\"><\/div><\/div><\/div><\/div><\/div><\/div><\/div><\/div>\n<\/div>","protected":false},"excerpt":{"rendered":"LES AP\u00c9RITIFS MYST\u00c8RE Le vin comme objet culturel, patrimonial et surtout un peu magique\u2026 Partant de [...]","protected":false},"author":1,"featured_media":0,"parent":1076,"menu_order":0,"comment_status":"closed","ping_status":"closed","template":"","meta":{"footnotes":""},"class_list":["post-1917","page","type-page","status-publish","hentry"],"yoast_head":"<!-- This site is optimized with the Yoast SEO plugin v26.2 - https:\/\/yoast.com\/wordpress\/plugins\/seo\/ -->\n<title>Les Ap\u00e9ritifs Myst\u00e8re - Millebuis<\/title>\n<meta name=\"description\" content=\"Les Ap\u00e9ritifs Myst\u00e8re - Millebuis\" \/>\n<meta name=\"robots\" content=\"index, follow, max-snippet:-1, max-image-preview:large, max-video-preview:-1\" \/>\n<link rel=\"canonical\" href=\"https:\/\/dev.millebuis.fr\/en\/oenotourisme\/les-aperitifs-mystere\/\" \/>\n<meta property=\"og:locale\" content=\"en_GB\" \/>\n<meta property=\"og:type\" content=\"article\" \/>\n<meta property=\"og:title\" content=\"Les Ap\u00e9ritifs Myst\u00e8re - Millebuis\" \/>\n<meta property=\"og:description\" content=\"Les Ap\u00e9ritifs Myst\u00e8re - Millebuis\" \/>\n<meta property=\"og:url\" content=\"https:\/\/dev.millebuis.fr\/en\/oenotourisme\/les-aperitifs-mystere\/\" \/>\n<meta property=\"og:site_name\" content=\"Millebuis\" \/>\n<meta property=\"article:modified_time\" content=\"2025-09-22T08:12:05+00:00\" \/>\n<meta property=\"og:image\" content=\"https:\/\/static.xx.fbcdn.net\/images\/emoji.php\/v9\/ta9\/1.5\/16\/260e.png\" \/>\n<meta name=\"twitter:card\" content=\"summary_large_image\" \/>\n<meta name=\"twitter:label1\" content=\"Estimated reading time\" \/>\n\t<meta name=\"twitter:data1\" content=\"3 minutes\" \/>\n<!-- \/ Yoast SEO plugin. -->","yoast_head_json":{"title":"Les Ap\u00e9ritifs Myst\u00e8re - Millebuis","description":"Les Ap\u00e9ritifs Myst\u00e8re - Millebuis","robots":{"index":"index","follow":"follow","max-snippet":"max-snippet:-1","max-image-preview":"max-image-preview:large","max-video-preview":"max-video-preview:-1"},"canonical":"https:\/\/dev.millebuis.fr\/en\/oenotourisme\/les-aperitifs-mystere\/","og_locale":"en_GB","og_type":"article","og_title":"Les Ap\u00e9ritifs Myst\u00e8re - Millebuis","og_description":"Les Ap\u00e9ritifs Myst\u00e8re - Millebuis","og_url":"https:\/\/dev.millebuis.fr\/en\/oenotourisme\/les-aperitifs-mystere\/","og_site_name":"Millebuis","article_modified_time":"2025-09-22T08:12:05+00:00","og_image":[{"url":"https:\/\/static.xx.fbcdn.net\/images\/emoji.php\/v9\/ta9\/1.5\/16\/260e.png","type":"","width":"","height":""}],"twitter_card":"summary_large_image","twitter_misc":{"Estimated reading time":"3 minutes"},"schema":{"@context":"https:\/\/schema.org","@graph":[{"@type":"WebPage","@id":"https:\/\/dev.millebuis.fr\/oenotourisme\/les-aperitifs-mystere\/","url":"https:\/\/dev.millebuis.fr\/oenotourisme\/les-aperitifs-mystere\/","name":"Les Ap\u00e9ritifs Myst\u00e8re - Millebuis","isPartOf":{"@id":"https:\/\/dev.millebuis.fr\/#website"},"primaryImageOfPage":{"@id":"https:\/\/dev.millebuis.fr\/oenotourisme\/les-aperitifs-mystere\/#primaryimage"},"image":{"@id":"https:\/\/dev.millebuis.fr\/oenotourisme\/les-aperitifs-mystere\/#primaryimage"},"thumbnailUrl":"https:\/\/static.xx.fbcdn.net\/images\/emoji.php\/v9\/ta9\/1.5\/16\/260e.png","datePublished":"2021-10-07T09:33:25+00:00","dateModified":"2025-09-22T08:12:05+00:00","description":"Les Ap\u00e9ritifs Myst\u00e8re - Millebuis","breadcrumb":{"@id":"https:\/\/dev.millebuis.fr\/oenotourisme\/les-aperitifs-mystere\/#breadcrumb"},"inLanguage":"en-GB","potentialAction":[{"@type":"ReadAction","target":["https:\/\/dev.millebuis.fr\/oenotourisme\/les-aperitifs-mystere\/"]}]},{"@type":"ImageObject","inLanguage":"en-GB","@id":"https:\/\/dev.millebuis.fr\/oenotourisme\/les-aperitifs-mystere\/#primaryimage","url":"https:\/\/static.xx.fbcdn.net\/images\/emoji.php\/v9\/ta9\/1.5\/16\/260e.png","contentUrl":"https:\/\/static.xx.fbcdn.net\/images\/emoji.php\/v9\/ta9\/1.5\/16\/260e.png"},{"@type":"BreadcrumbList","@id":"https:\/\/dev.millebuis.fr\/oenotourisme\/les-aperitifs-mystere\/#breadcrumb","itemListElement":[{"@type":"ListItem","position":1,"name":"Accueil","item":"https:\/\/dev.millebuis.fr\/"},{"@type":"ListItem","position":2,"name":"\u0152notourisme","item":"https:\/\/dev.millebuis.fr\/oenotourisme\/"},{"@type":"ListItem","position":3,"name":"Les Ap\u00e9ritifs Myst\u00e8re"}]},{"@type":"WebSite","@id":"https:\/\/dev.millebuis.fr\/#website","url":"https:\/\/dev.millebuis.fr\/","name":"Millebuis","description":"Vins fins de la C\u00f4te Chalonnaise","inLanguage":"en-GB"}]}},"_links":{"self":[{"href":"https:\/\/dev.millebuis.fr\/en\/wp-json\/wp\/v2\/pages\/1917","targetHints":{"allow":["GET"]}}],"collection":[{"href":"https:\/\/dev.millebuis.fr\/en\/wp-json\/wp\/v2\/pages"}],"about":[{"href":"https:\/\/dev.millebuis.fr\/en\/wp-json\/wp\/v2\/types\/page"}],"author":[{"embeddable":true,"href":"https:\/\/dev.millebuis.fr\/en\/wp-json\/wp\/v2\/users\/1"}],"replies":[{"embeddable":true,"href":"https:\/\/dev.millebuis.fr\/en\/wp-json\/wp\/v2\/comments?post=1917"}],"version-history":[{"count":38,"href":"https:\/\/dev.millebuis.fr\/en\/wp-json\/wp\/v2\/pages\/1917\/revisions"}],"predecessor-version":[{"id":4052,"href":"https:\/\/dev.millebuis.fr\/en\/wp-json\/wp\/v2\/pages\/1917\/revisions\/4052"}],"up":[{"embeddable":true,"href":"https:\/\/dev.millebuis.fr\/en\/wp-json\/wp\/v2\/pages\/1076"}],"wp:attachment":[{"href":"https:\/\/dev.millebuis.fr\/en\/wp-json\/wp\/v2\/media?parent=1917"}],"curies":[{"name":"wp","href":"https:\/\/api.w.org\/{rel}","templated":true}]}}