{"id":1740,"date":"2021-08-27T17:15:52","date_gmt":"2021-08-27T15:15:52","guid":{"rendered":"https:\/\/dev.millebuis.fr\/?page_id=1740"},"modified":"2025-09-22T10:11:34","modified_gmt":"2025-09-22T08:11:34","slug":"les-aperitifs-en-goguette","status":"publish","type":"page","link":"https:\/\/dev.millebuis.fr\/en\/oenotourisme\/les-aperitifs-en-goguette\/","title":{"rendered":"Pre-dinner drinks"},"content":{"rendered":"<div class=\"wpb-content-wrapper\"><div class=\"vc_row wpb_row vc_row-fluid\"><div class=\"wpb_column vc_column_container vc_col-sm-12\"><div class=\"vc_column-inner\"><div class=\"wpb_wrapper\"><h1 style=\"text-align: left\" class=\"vc_custom_heading vc_do_custom_heading\" >PRE-DINNER DRINKS<\/h1><div class=\"vc_empty_space\"   style=\"height: 32px\"><span class=\"vc_empty_space_inner\"><\/span><\/div><\/div><\/div><\/div><\/div><div class=\"vc_row wpb_row vc_row-fluid\"><div class=\"wpb_column vc_column_container vc_col-sm-12\"><div class=\"vc_column-inner\"><div class=\"wpb_wrapper\">\n\t<div class=\"wpb_text_column wpb_content_element\" >\n\t\t<div class=\"wpb_wrapper\">\n\t\t\t<h3>EN JUILLET ET AO\u00dbT<\/h3>\n\n\t\t<\/div>\n\t<\/div>\n<\/div><\/div><\/div><\/div><div class=\"vc_row wpb_row vc_row-fluid vc_row-o-content-middle vc_row-flex\"><div class=\"wpb_column vc_column_container vc_col-sm-3\"><div class=\"vc_column-inner\"><div class=\"wpb_wrapper\">\n\t<div  class=\"wpb_single_image wpb_content_element vc_align_center wpb_content_element\">\n\t\t\n\t\t<figure class=\"wpb_wrapper vc_figure\">\n\t\t\t<div class=\"vc_single_image-wrapper   vc_box_border_grey\"><img loading=\"lazy\" decoding=\"async\" width=\"1080\" height=\"1080\" src=\"https:\/\/dev.millebuis.fr\/wp-content\/uploads\/2025\/01\/aperitifs_en_goguette.jpg\" class=\"vc_single_image-img attachment-full\" alt=\"\" title=\"aperitifs_en_goguette\" srcset=\"https:\/\/dev.millebuis.fr\/wp-content\/uploads\/2025\/01\/aperitifs_en_goguette.jpg 1080w, https:\/\/dev.millebuis.fr\/wp-content\/uploads\/2025\/01\/aperitifs_en_goguette-300x300.jpg 300w, https:\/\/dev.millebuis.fr\/wp-content\/uploads\/2025\/01\/aperitifs_en_goguette-1024x1024.jpg 1024w, https:\/\/dev.millebuis.fr\/wp-content\/uploads\/2025\/01\/aperitifs_en_goguette-150x150.jpg 150w, https:\/\/dev.millebuis.fr\/wp-content\/uploads\/2025\/01\/aperitifs_en_goguette-768x768.jpg 768w, https:\/\/dev.millebuis.fr\/wp-content\/uploads\/2025\/01\/aperitifs_en_goguette-12x12.jpg 12w\" sizes=\"auto, (max-width: 1080px) 100vw, 1080px\" \/><\/div>\n\t\t<\/figure>\n\t<\/div>\n<\/div><\/div><\/div><div class=\"wpb_column vc_column_container vc_col-sm-9\"><div class=\"vc_column-inner\"><div class=\"wpb_wrapper\">\n\t<div class=\"wpb_text_column wpb_content_element\" >\n\t\t<div class=\"wpb_wrapper\">\n\t\t\t<p>Aperitifs at sunset\u2026<\/p>\n<p>Wander through the vineyards, glass in hand, and appreciate the little-known heritage of our winegrowers, including the famous cadoles. These small, dry-stone shelters witnessed the tough yet impressive and noble work carried out by workers in our vineyards over the years.<\/p>\n<p>En 2026 : les mardis 7, 21, 28 juillet et 4, 11, 18 ao\u00fbt, de 18h30 \u00e0 20h.<\/p>\n<p>20 \u20ac\/personne &#8211; Tout public<\/p>\n<p>Information and booking: +33 (0)385 926 175 \/ <a href=\"mailto:saint-gengoux@vigneronsdebuxy.fr\">saint-gengoux@vigneronsdebuxy.fr<\/a><\/p>\n\n\t\t<\/div>\n\t<\/div>\n<\/div><\/div><\/div><\/div><div class=\"vc_row wpb_row vc_row-fluid\"><div class=\"wpb_column vc_column_container vc_col-sm-4\"><div class=\"vc_column-inner\"><div class=\"wpb_wrapper\">\n\t<div  class=\"wpb_single_image wpb_content_element vc_align_center wpb_content_element\">\n\t\t\n\t\t<figure class=\"wpb_wrapper vc_figure\">\n\t\t\t<div class=\"vc_single_image-wrapper   vc_box_border_grey\"><img loading=\"lazy\" decoding=\"async\" width=\"800\" height=\"800\" src=\"https:\/\/dev.millebuis.fr\/wp-content\/uploads\/2021\/09\/Aperitif_en_goguette_1.jpg\" class=\"vc_single_image-img attachment-full\" alt=\"\" title=\"Aperitif_en_goguette_1\" srcset=\"https:\/\/dev.millebuis.fr\/wp-content\/uploads\/2021\/09\/Aperitif_en_goguette_1.jpg 800w, https:\/\/dev.millebuis.fr\/wp-content\/uploads\/2021\/09\/Aperitif_en_goguette_1-300x300.jpg 300w, https:\/\/dev.millebuis.fr\/wp-content\/uploads\/2021\/09\/Aperitif_en_goguette_1-150x150.jpg 150w, https:\/\/dev.millebuis.fr\/wp-content\/uploads\/2021\/09\/Aperitif_en_goguette_1-768x768.jpg 768w, https:\/\/dev.millebuis.fr\/wp-content\/uploads\/2021\/09\/Aperitif_en_goguette_1-12x12.jpg 12w\" sizes=\"auto, (max-width: 800px) 100vw, 800px\" \/><\/div>\n\t\t<\/figure>\n\t<\/div>\n<\/div><\/div><\/div><div class=\"wpb_column vc_column_container vc_col-sm-4\"><div class=\"vc_column-inner\"><div class=\"wpb_wrapper\">\n\t<div  class=\"wpb_single_image wpb_content_element vc_align_center wpb_content_element\">\n\t\t\n\t\t<figure class=\"wpb_wrapper vc_figure\">\n\t\t\t<div class=\"vc_single_image-wrapper   vc_box_border_grey\"><img loading=\"lazy\" decoding=\"async\" width=\"800\" height=\"800\" src=\"https:\/\/dev.millebuis.fr\/wp-content\/uploads\/2021\/09\/Aperitif_en_goguette_4.jpg\" class=\"vc_single_image-img attachment-full\" alt=\"\" title=\"Aperitif_en_goguette_4\" srcset=\"https:\/\/dev.millebuis.fr\/wp-content\/uploads\/2021\/09\/Aperitif_en_goguette_4.jpg 800w, https:\/\/dev.millebuis.fr\/wp-content\/uploads\/2021\/09\/Aperitif_en_goguette_4-300x300.jpg 300w, https:\/\/dev.millebuis.fr\/wp-content\/uploads\/2021\/09\/Aperitif_en_goguette_4-150x150.jpg 150w, https:\/\/dev.millebuis.fr\/wp-content\/uploads\/2021\/09\/Aperitif_en_goguette_4-768x768.jpg 768w, https:\/\/dev.millebuis.fr\/wp-content\/uploads\/2021\/09\/Aperitif_en_goguette_4-12x12.jpg 12w\" sizes=\"auto, (max-width: 800px) 100vw, 800px\" \/><\/div>\n\t\t<\/figure>\n\t<\/div>\n<\/div><\/div><\/div><div class=\"wpb_column vc_column_container vc_col-sm-4\"><div class=\"vc_column-inner\"><div class=\"wpb_wrapper\">\n\t<div  class=\"wpb_single_image wpb_content_element vc_align_center wpb_content_element\">\n\t\t\n\t\t<figure class=\"wpb_wrapper vc_figure\">\n\t\t\t<div class=\"vc_single_image-wrapper   vc_box_border_grey\"><img loading=\"lazy\" decoding=\"async\" width=\"800\" height=\"800\" src=\"https:\/\/dev.millebuis.fr\/wp-content\/uploads\/2021\/09\/Sans-titre-4.jpg\" class=\"vc_single_image-img attachment-full\" alt=\"\" title=\"Sans titre-4\" srcset=\"https:\/\/dev.millebuis.fr\/wp-content\/uploads\/2021\/09\/Sans-titre-4.jpg 800w, https:\/\/dev.millebuis.fr\/wp-content\/uploads\/2021\/09\/Sans-titre-4-300x300.jpg 300w, https:\/\/dev.millebuis.fr\/wp-content\/uploads\/2021\/09\/Sans-titre-4-150x150.jpg 150w, https:\/\/dev.millebuis.fr\/wp-content\/uploads\/2021\/09\/Sans-titre-4-768x768.jpg 768w, https:\/\/dev.millebuis.fr\/wp-content\/uploads\/2021\/09\/Sans-titre-4-12x12.jpg 12w\" sizes=\"auto, (max-width: 800px) 100vw, 800px\" \/><\/div>\n\t\t<\/figure>\n\t<\/div>\n<\/div><\/div><\/div><\/div><div class=\"vc_row wpb_row vc_row-fluid\"><div class=\"wpb_column vc_column_container vc_col-sm-12\"><div class=\"vc_column-inner\"><div class=\"wpb_wrapper\"><div class=\"vc_empty_space\"   style=\"height: 32px\"><span class=\"vc_empty_space_inner\"><\/span><\/div><div class=\"vc_separator wpb_content_element vc_separator_align_center vc_sep_width_100 vc_sep_pos_align_center vc_separator_no_text vc_sep_color_grey wpb_content_element  wpb_content_element\" ><span class=\"vc_sep_holder vc_sep_holder_l\"><span class=\"vc_sep_line\"><\/span><\/span><span class=\"vc_sep_holder vc_sep_holder_r\"><span class=\"vc_sep_line\"><\/span><\/span>\n<\/div><\/div><\/div><\/div><\/div><div class=\"vc_row wpb_row vc_row-fluid\"><div class=\"wpb_column vc_column_container vc_col-sm-12\"><div class=\"vc_column-inner vc_custom_1721288600657\"><div class=\"wpb_wrapper\"><h2 style=\"text-align: center;font-family:Abril Fatface;font-weight:400;font-style:normal\" class=\"vc_custom_heading vc_do_custom_heading\" >Abonnez-vous \u00e0 notre newsletter !<\/h2>\n\t<div class=\"wpb_text_column wpb_content_element\" >\n\t\t<div class=\"wpb_wrapper\">\n\t\t\t<p style=\"text-align: center;\">Une fois par mois, des bons plans, des recettes, des \u00e9v\u00e9nements\u2026<\/p>\n\n\t\t<\/div>\n\t<\/div>\n<div class=\"vc_row wpb_row vc_inner vc_row-fluid vc_custom_1713192213044\"><div class=\"wpb_column vc_column_container vc_col-sm-4\"><div class=\"vc_column-inner\"><div class=\"wpb_wrapper\"><\/div><\/div><\/div><div class=\"wpb_column vc_column_container vc_col-sm-4\"><div class=\"vc_column-inner\"><div class=\"wpb_wrapper\">\n\t<div class=\"wpb_text_column wpb_content_element\" >\n\t\t<div class=\"wpb_wrapper\">\n\t\t\t<p style=\"text-align: center;\">\n\t\t\t<form id=\"sib_signup_form_1\" method=\"post\" class=\"sib_signup_form\" action=\"\">\n\t\t\t\t<div class=\"sib_loader\" style=\"display:none;\"><img\n\t\t\t\t\t\t\tsrc=\"https:\/\/dev.millebuis.fr\/wp-includes\/images\/spinner.gif\" alt=\"loader\"><\/div>\n\t\t\t\t<input type=\"hidden\" name=\"sib_form_action\" value=\"subscribe_form_submit\">\n\t\t\t\t<input type=\"hidden\" name=\"sib_form_id\" value=\"1\">\n                <input type=\"hidden\" name=\"sib_form_alert_notice\" value=\"Remplissez ce champ s\u2019il vous pla\u00eet\">\n                <input type=\"hidden\" name=\"sib_form_invalid_email_notice\" value=\"Cette adresse email n&#039;est pas valide\">\n                <input type=\"hidden\" name=\"sib_security\" value=\"6e42c1c416\">\n\t\t\t\t<div class=\"sib_signup_box_inside_1\">\n\t\t\t\t\t<div style=\"\/*display:none*\/\" class=\"sib_msg_disp\">\n\t\t\t\t\t<\/div>\n                    \t\t\t\t\t<div class=\"input-group mt-2 mb-5\">\r\n    <input type=\"email\" class=\"form-control sib-email-area\" placeholder=\"Email\" name=\"email\" required=\"required\"><div class=\"input-group-append\"> <input type=\"submit\" class=\"btn btn-primary sib-default-btn\" value=\"OK\"><\/div><\/div>\t\t\t\t<\/div>\n\t\t\t<input type=\"hidden\" name=\"trp-form-language\" value=\"en\"\/><\/form>\n\t\t\t<style>\n\t\t\t\tform#sib_signup_form_1 p.sib-alert-message {\n    padding: 6px 12px;\n    margin-bottom: 20px;\n    border: 1px solid transparent;\n    border-radius: 4px;\n    -webkit-box-sizing: border-box;\n    -moz-box-sizing: border-box;\n    box-sizing: border-box;\n}\nform#sib_signup_form_1 p.sib-alert-message-error {\n    background-color: #f2dede;\n    border-color: #ebccd1;\n    color: #a94442;\n}\nform#sib_signup_form_1 p.sib-alert-message-success {\n    background-color: #dff0d8;\n    border-color: #d6e9c6;\n    color: #3c763d;\n}\nform#sib_signup_form_1 p.sib-alert-message-warning {\n    background-color: #fcf8e3;\n    border-color: #faebcc;\n    color: #8a6d3b;\n}\n\t\t\t<\/style>\n\t\t\t<\/p>\n\n\t\t<\/div>\n\t<\/div>\n<\/div><\/div><\/div><div class=\"wpb_column vc_column_container vc_col-sm-4\"><div class=\"vc_column-inner\"><div class=\"wpb_wrapper\"><\/div><\/div><\/div><\/div><\/div><\/div><\/div><\/div>\n<\/div>","protected":false},"excerpt":{"rendered":"LES AP\u00c9RITIFS EN GOGUETTE EN JUILLET ET AO\u00dbT Ap\u00e9ritif sur terre, au coucher du soleil\u2026 Parcourir [...]","protected":false},"author":1,"featured_media":0,"parent":1076,"menu_order":0,"comment_status":"closed","ping_status":"closed","template":"","meta":{"footnotes":""},"class_list":["post-1740","page","type-page","status-publish","hentry"],"yoast_head":"<!-- This site is optimized with the Yoast SEO plugin v26.2 - https:\/\/yoast.com\/wordpress\/plugins\/seo\/ -->\n<title>Les Ap\u00e9ritifs en goguette - Millebuis<\/title>\n<meta name=\"description\" content=\"Les Ap\u00e9ritifs en goguette - Millebuis\" \/>\n<meta name=\"robots\" content=\"index, follow, max-snippet:-1, max-image-preview:large, max-video-preview:-1\" \/>\n<link rel=\"canonical\" href=\"https:\/\/dev.millebuis.fr\/en\/oenotourisme\/les-aperitifs-en-goguette\/\" \/>\n<meta property=\"og:locale\" content=\"en_GB\" \/>\n<meta property=\"og:type\" content=\"article\" \/>\n<meta property=\"og:title\" content=\"Les Ap\u00e9ritifs en goguette - Millebuis\" \/>\n<meta property=\"og:description\" content=\"Les Ap\u00e9ritifs en goguette - Millebuis\" \/>\n<meta property=\"og:url\" content=\"https:\/\/dev.millebuis.fr\/en\/oenotourisme\/les-aperitifs-en-goguette\/\" \/>\n<meta property=\"og:site_name\" content=\"Millebuis\" \/>\n<meta property=\"article:modified_time\" content=\"2025-09-22T08:11:34+00:00\" \/>\n<meta name=\"twitter:card\" content=\"summary_large_image\" \/>\n<meta name=\"twitter:label1\" content=\"Estimated reading time\" \/>\n\t<meta name=\"twitter:data1\" content=\"2 minutes\" \/>\n<!-- \/ Yoast SEO plugin. -->","yoast_head_json":{"title":"Les Ap\u00e9ritifs en goguette - Millebuis","description":"Les Ap\u00e9ritifs en goguette - Millebuis","robots":{"index":"index","follow":"follow","max-snippet":"max-snippet:-1","max-image-preview":"max-image-preview:large","max-video-preview":"max-video-preview:-1"},"canonical":"https:\/\/dev.millebuis.fr\/en\/oenotourisme\/les-aperitifs-en-goguette\/","og_locale":"en_GB","og_type":"article","og_title":"Les Ap\u00e9ritifs en goguette - Millebuis","og_description":"Les Ap\u00e9ritifs en goguette - Millebuis","og_url":"https:\/\/dev.millebuis.fr\/en\/oenotourisme\/les-aperitifs-en-goguette\/","og_site_name":"Millebuis","article_modified_time":"2025-09-22T08:11:34+00:00","twitter_card":"summary_large_image","twitter_misc":{"Estimated reading time":"2 minutes"},"schema":{"@context":"https:\/\/schema.org","@graph":[{"@type":"WebPage","@id":"https:\/\/dev.millebuis.fr\/oenotourisme\/les-aperitifs-en-goguette\/","url":"https:\/\/dev.millebuis.fr\/oenotourisme\/les-aperitifs-en-goguette\/","name":"Les Ap\u00e9ritifs en goguette - Millebuis","isPartOf":{"@id":"https:\/\/dev.millebuis.fr\/#website"},"datePublished":"2021-08-27T15:15:52+00:00","dateModified":"2025-09-22T08:11:34+00:00","description":"Les Ap\u00e9ritifs en goguette - Millebuis","breadcrumb":{"@id":"https:\/\/dev.millebuis.fr\/oenotourisme\/les-aperitifs-en-goguette\/#breadcrumb"},"inLanguage":"en-GB","potentialAction":[{"@type":"ReadAction","target":["https:\/\/dev.millebuis.fr\/oenotourisme\/les-aperitifs-en-goguette\/"]}]},{"@type":"BreadcrumbList","@id":"https:\/\/dev.millebuis.fr\/oenotourisme\/les-aperitifs-en-goguette\/#breadcrumb","itemListElement":[{"@type":"ListItem","position":1,"name":"Accueil","item":"https:\/\/dev.millebuis.fr\/"},{"@type":"ListItem","position":2,"name":"\u0152notourisme","item":"https:\/\/dev.millebuis.fr\/oenotourisme\/"},{"@type":"ListItem","position":3,"name":"Les Ap\u00e9ritifs en goguette"}]},{"@type":"WebSite","@id":"https:\/\/dev.millebuis.fr\/#website","url":"https:\/\/dev.millebuis.fr\/","name":"Millebuis","description":"Vins fins de la C\u00f4te Chalonnaise","inLanguage":"en-GB"}]}},"_links":{"self":[{"href":"https:\/\/dev.millebuis.fr\/en\/wp-json\/wp\/v2\/pages\/1740","targetHints":{"allow":["GET"]}}],"collection":[{"href":"https:\/\/dev.millebuis.fr\/en\/wp-json\/wp\/v2\/pages"}],"about":[{"href":"https:\/\/dev.millebuis.fr\/en\/wp-json\/wp\/v2\/types\/page"}],"author":[{"embeddable":true,"href":"https:\/\/dev.millebuis.fr\/en\/wp-json\/wp\/v2\/users\/1"}],"replies":[{"embeddable":true,"href":"https:\/\/dev.millebuis.fr\/en\/wp-json\/wp\/v2\/comments?post=1740"}],"version-history":[{"count":28,"href":"https:\/\/dev.millebuis.fr\/en\/wp-json\/wp\/v2\/pages\/1740\/revisions"}],"predecessor-version":[{"id":4386,"href":"https:\/\/dev.millebuis.fr\/en\/wp-json\/wp\/v2\/pages\/1740\/revisions\/4386"}],"up":[{"embeddable":true,"href":"https:\/\/dev.millebuis.fr\/en\/wp-json\/wp\/v2\/pages\/1076"}],"wp:attachment":[{"href":"https:\/\/dev.millebuis.fr\/en\/wp-json\/wp\/v2\/media?parent=1740"}],"curies":[{"name":"wp","href":"https:\/\/api.w.org\/{rel}","templated":true}]}}