{"id":1734,"date":"2021-08-27T17:02:32","date_gmt":"2021-08-27T15:02:32","guid":{"rendered":"https:\/\/dev.millebuis.fr\/?page_id=1734"},"modified":"2024-08-29T09:28:31","modified_gmt":"2024-08-29T07:28:31","slug":"les-enquetes-de-chardonnette","status":"publish","type":"page","link":"https:\/\/dev.millebuis.fr\/en\/les-enquetes-de-chardonnette\/","title":{"rendered":"Les enqu\u00eates de Chardonnette"},"content":{"rendered":"<div class=\"wpb-content-wrapper\"><div class=\"vc_row wpb_row vc_row-fluid\"><div class=\"wpb_column vc_column_container vc_col-sm-12\"><div class=\"vc_column-inner\"><div class=\"wpb_wrapper\">\n\t<div class=\"wpb_text_column wpb_content_element\" >\n\t\t<div class=\"wpb_wrapper\">\n\t\t\t<h1>LES ENQU\u00caTES DE CHARDONNETTE<\/h1>\n\n\t\t<\/div>\n\t<\/div>\n<\/div><\/div><\/div><\/div><div class=\"vc_row wpb_row vc_row-fluid\"><div class=\"wpb_column vc_column_container vc_col-sm-12\"><div class=\"vc_column-inner\"><div class=\"wpb_wrapper\">\n\t<div class=\"wpb_text_column wpb_content_element\" >\n\t\t<div class=\"wpb_wrapper\">\n\t\t\t<h3>LES MERCREDIS DES VACANCES SCOLAIRES<\/h3>\n\n\t\t<\/div>\n\t<\/div>\n<\/div><\/div><\/div><\/div><div class=\"vc_row wpb_row vc_row-fluid vc_row-o-content-middle vc_row-flex\"><div class=\"wpb_column vc_column_container vc_col-sm-3\"><div class=\"vc_column-inner\"><div class=\"wpb_wrapper\"><div class=\"vc_empty_space\"   style=\"height: 32px\"><span class=\"vc_empty_space_inner\"><\/span><\/div>\n\t<div  class=\"wpb_single_image wpb_content_element vc_align_center wpb_content_element\">\n\t\t\n\t\t<figure class=\"wpb_wrapper vc_figure\">\n\t\t\t<div class=\"vc_single_image-wrapper   vc_box_border_grey\"><img loading=\"lazy\" decoding=\"async\" width=\"2560\" height=\"2560\" src=\"https:\/\/dev.millebuis.fr\/wp-content\/uploads\/2021\/12\/escape-game-format-carre-v2-scaled.jpg\" class=\"vc_single_image-img attachment-full\" alt=\"\" title=\"escape game format carr\u00e9 v2\" srcset=\"https:\/\/dev.millebuis.fr\/wp-content\/uploads\/2021\/12\/escape-game-format-carre-v2-scaled.jpg 2560w, https:\/\/dev.millebuis.fr\/wp-content\/uploads\/2021\/12\/escape-game-format-carre-v2-300x300.jpg 300w, https:\/\/dev.millebuis.fr\/wp-content\/uploads\/2021\/12\/escape-game-format-carre-v2-1024x1024.jpg 1024w, https:\/\/dev.millebuis.fr\/wp-content\/uploads\/2021\/12\/escape-game-format-carre-v2-150x150.jpg 150w, https:\/\/dev.millebuis.fr\/wp-content\/uploads\/2021\/12\/escape-game-format-carre-v2-768x768.jpg 768w, https:\/\/dev.millebuis.fr\/wp-content\/uploads\/2021\/12\/escape-game-format-carre-v2-1536x1536.jpg 1536w, https:\/\/dev.millebuis.fr\/wp-content\/uploads\/2021\/12\/escape-game-format-carre-v2-2048x2048.jpg 2048w, https:\/\/dev.millebuis.fr\/wp-content\/uploads\/2021\/12\/escape-game-format-carre-v2-12x12.jpg 12w\" sizes=\"auto, (max-width: 2560px) 100vw, 2560px\" \/><\/div>\n\t\t<\/figure>\n\t<\/div>\n<\/div><\/div><\/div><div class=\"wpb_column vc_column_container vc_col-sm-9\"><div class=\"vc_column-inner\"><div class=\"wpb_wrapper\">\n\t<div class=\"wpb_text_column wpb_content_element\" >\n\t\t<div class=\"wpb_wrapper\">\n\t\t\t<h3>Arriverez-vous \u00e0 rompre le sort de la sorci\u00e8re Hostes Vini et sauver nos vignerons ?<\/h3>\n<p>&nbsp;<\/p>\n<p>Un jeu de piste initiatique et ludique \u00e0 la d\u00e9couverte des ar\u00f4mes et des saveurs \u00e0 destination d\u2019un public familial.<\/p>\n<p>Ce rendez-vous hebdomadaire entrouvre la porte des myst\u00e8res de la vinification et les enjeux du d\u00e9veloppement durable.<\/p>\n<p>Tous les mercredis des vacances scolaires \u00e0 partir de 16h \u2013 8 personnes maximum.<\/p>\n<p>12 \u20ac\/personne sur r\u00e9servation<\/p>\n<p>De 7 \u00e0 12 ans.<\/p>\n\n\t\t<\/div>\n\t<\/div>\n<\/div><\/div><\/div><\/div><div class=\"vc_row wpb_row vc_row-fluid\"><div class=\"wpb_column vc_column_container vc_col-sm-4\"><div class=\"vc_column-inner\"><div class=\"wpb_wrapper\">\n\t<div  class=\"wpb_single_image wpb_content_element vc_align_center wpb_content_element\">\n\t\t\n\t\t<figure class=\"wpb_wrapper vc_figure\">\n\t\t\t<div class=\"vc_single_image-wrapper   vc_box_border_grey\"><img loading=\"lazy\" decoding=\"async\" width=\"800\" height=\"800\" src=\"https:\/\/dev.millebuis.fr\/wp-content\/uploads\/2021\/09\/escape_game_1.jpg\" class=\"vc_single_image-img attachment-full\" alt=\"\" title=\"escape_game_1\" srcset=\"https:\/\/dev.millebuis.fr\/wp-content\/uploads\/2021\/09\/escape_game_1.jpg 800w, https:\/\/dev.millebuis.fr\/wp-content\/uploads\/2021\/09\/escape_game_1-300x300.jpg 300w, https:\/\/dev.millebuis.fr\/wp-content\/uploads\/2021\/09\/escape_game_1-150x150.jpg 150w, https:\/\/dev.millebuis.fr\/wp-content\/uploads\/2021\/09\/escape_game_1-768x768.jpg 768w, https:\/\/dev.millebuis.fr\/wp-content\/uploads\/2021\/09\/escape_game_1-12x12.jpg 12w\" sizes=\"auto, (max-width: 800px) 100vw, 800px\" \/><\/div>\n\t\t<\/figure>\n\t<\/div>\n<\/div><\/div><\/div><div class=\"wpb_column vc_column_container vc_col-sm-4\"><div class=\"vc_column-inner\"><div class=\"wpb_wrapper\">\n\t<div  class=\"wpb_single_image wpb_content_element vc_align_center wpb_content_element\">\n\t\t\n\t\t<figure class=\"wpb_wrapper vc_figure\">\n\t\t\t<div class=\"vc_single_image-wrapper   vc_box_border_grey\"><img loading=\"lazy\" decoding=\"async\" width=\"800\" height=\"800\" src=\"https:\/\/dev.millebuis.fr\/wp-content\/uploads\/2021\/09\/escape_game_2.jpg\" class=\"vc_single_image-img attachment-full\" alt=\"\" title=\"escape_game_2\" srcset=\"https:\/\/dev.millebuis.fr\/wp-content\/uploads\/2021\/09\/escape_game_2.jpg 800w, https:\/\/dev.millebuis.fr\/wp-content\/uploads\/2021\/09\/escape_game_2-300x300.jpg 300w, https:\/\/dev.millebuis.fr\/wp-content\/uploads\/2021\/09\/escape_game_2-150x150.jpg 150w, https:\/\/dev.millebuis.fr\/wp-content\/uploads\/2021\/09\/escape_game_2-768x768.jpg 768w, https:\/\/dev.millebuis.fr\/wp-content\/uploads\/2021\/09\/escape_game_2-12x12.jpg 12w\" sizes=\"auto, (max-width: 800px) 100vw, 800px\" \/><\/div>\n\t\t<\/figure>\n\t<\/div>\n<\/div><\/div><\/div><div class=\"wpb_column vc_column_container vc_col-sm-4\"><div class=\"vc_column-inner\"><div class=\"wpb_wrapper\">\n\t<div  class=\"wpb_single_image wpb_content_element vc_align_center wpb_content_element\">\n\t\t\n\t\t<figure class=\"wpb_wrapper vc_figure\">\n\t\t\t<div class=\"vc_single_image-wrapper   vc_box_border_grey\"><img loading=\"lazy\" decoding=\"async\" width=\"800\" height=\"800\" src=\"https:\/\/dev.millebuis.fr\/wp-content\/uploads\/2021\/09\/escape_game_5.jpg\" class=\"vc_single_image-img attachment-full\" alt=\"\" title=\"escape_game_5\" srcset=\"https:\/\/dev.millebuis.fr\/wp-content\/uploads\/2021\/09\/escape_game_5.jpg 800w, https:\/\/dev.millebuis.fr\/wp-content\/uploads\/2021\/09\/escape_game_5-300x300.jpg 300w, https:\/\/dev.millebuis.fr\/wp-content\/uploads\/2021\/09\/escape_game_5-150x150.jpg 150w, https:\/\/dev.millebuis.fr\/wp-content\/uploads\/2021\/09\/escape_game_5-768x768.jpg 768w, https:\/\/dev.millebuis.fr\/wp-content\/uploads\/2021\/09\/escape_game_5-12x12.jpg 12w\" sizes=\"auto, (max-width: 800px) 100vw, 800px\" \/><\/div>\n\t\t<\/figure>\n\t<\/div>\n<\/div><\/div><\/div><\/div><div class=\"vc_row wpb_row vc_row-fluid\"><div class=\"wpb_column vc_column_container vc_col-sm-12\"><div class=\"vc_column-inner\"><div class=\"wpb_wrapper\"><div class=\"vc_empty_space\"   style=\"height: 32px\"><span class=\"vc_empty_space_inner\"><\/span><\/div>\n\t<div class=\"wpb_text_column wpb_content_element\" >\n\t\t<div class=\"wpb_wrapper\">\n\t\t\t<h3 style=\"text-align: center;\">\u00ab\u00a0Venus en famille pour d\u00e9couvrir la cave, cet escape game a \u00e9t\u00e9 la bonne surprise de notre visite, les enfants \u00e9taient ravis de l\u2019aventure et nous avons pu profiter de la d\u00e9gustation en toute s\u00e9r\u00e9nit\u00e9 pendant une petite heure, \u00e0 refaire\u00a0!\u00a0\u00bb<\/h3>\n<h3 style=\"text-align: center;\">Marie F. (Lyon)<\/h3>\n\n\t\t<\/div>\n\t<\/div>\n<\/div><\/div><\/div><div class=\"wpb_column vc_column_container vc_col-sm-12\"><div class=\"vc_column-inner\"><div class=\"wpb_wrapper\"><div class=\"vc_empty_space\"   style=\"height: 32px\"><span class=\"vc_empty_space_inner\"><\/span><\/div><\/div><\/div><\/div><\/div><div class=\"vc_row wpb_row vc_row-fluid\"><div class=\"wpb_column vc_column_container vc_col-sm-4\"><div class=\"vc_column-inner\"><div class=\"wpb_wrapper\">\n\t<div  class=\"wpb_single_image wpb_content_element vc_align_center wpb_content_element\">\n\t\t\n\t\t<figure class=\"wpb_wrapper vc_figure\">\n\t\t\t<div class=\"vc_single_image-wrapper   vc_box_border_grey\"><img loading=\"lazy\" decoding=\"async\" width=\"800\" height=\"800\" src=\"https:\/\/dev.millebuis.fr\/wp-content\/uploads\/2021\/09\/escape_game_6.jpg\" class=\"vc_single_image-img attachment-full\" alt=\"\" title=\"escape_game_6\" srcset=\"https:\/\/dev.millebuis.fr\/wp-content\/uploads\/2021\/09\/escape_game_6.jpg 800w, https:\/\/dev.millebuis.fr\/wp-content\/uploads\/2021\/09\/escape_game_6-300x300.jpg 300w, https:\/\/dev.millebuis.fr\/wp-content\/uploads\/2021\/09\/escape_game_6-150x150.jpg 150w, https:\/\/dev.millebuis.fr\/wp-content\/uploads\/2021\/09\/escape_game_6-768x768.jpg 768w, https:\/\/dev.millebuis.fr\/wp-content\/uploads\/2021\/09\/escape_game_6-12x12.jpg 12w\" sizes=\"auto, (max-width: 800px) 100vw, 800px\" \/><\/div>\n\t\t<\/figure>\n\t<\/div>\n<\/div><\/div><\/div><div class=\"wpb_column vc_column_container vc_col-sm-4\"><div class=\"vc_column-inner\"><div class=\"wpb_wrapper\">\n\t<div  class=\"wpb_single_image wpb_content_element vc_align_center wpb_content_element\">\n\t\t\n\t\t<figure class=\"wpb_wrapper vc_figure\">\n\t\t\t<div class=\"vc_single_image-wrapper   vc_box_border_grey\"><img loading=\"lazy\" decoding=\"async\" width=\"800\" height=\"800\" src=\"https:\/\/dev.millebuis.fr\/wp-content\/uploads\/2021\/09\/escape_game_3.jpg\" class=\"vc_single_image-img attachment-full\" alt=\"\" title=\"escape_game_3\" srcset=\"https:\/\/dev.millebuis.fr\/wp-content\/uploads\/2021\/09\/escape_game_3.jpg 800w, https:\/\/dev.millebuis.fr\/wp-content\/uploads\/2021\/09\/escape_game_3-300x300.jpg 300w, https:\/\/dev.millebuis.fr\/wp-content\/uploads\/2021\/09\/escape_game_3-150x150.jpg 150w, https:\/\/dev.millebuis.fr\/wp-content\/uploads\/2021\/09\/escape_game_3-768x768.jpg 768w, https:\/\/dev.millebuis.fr\/wp-content\/uploads\/2021\/09\/escape_game_3-12x12.jpg 12w\" sizes=\"auto, (max-width: 800px) 100vw, 800px\" \/><\/div>\n\t\t<\/figure>\n\t<\/div>\n<\/div><\/div><\/div><div class=\"wpb_column vc_column_container vc_col-sm-4\"><div class=\"vc_column-inner\"><div class=\"wpb_wrapper\">\n\t<div  class=\"wpb_single_image wpb_content_element vc_align_center wpb_content_element\">\n\t\t\n\t\t<figure class=\"wpb_wrapper vc_figure\">\n\t\t\t<div class=\"vc_single_image-wrapper   vc_box_border_grey\"><img loading=\"lazy\" decoding=\"async\" width=\"800\" height=\"800\" src=\"https:\/\/dev.millebuis.fr\/wp-content\/uploads\/2021\/09\/escape_game_4.jpg\" class=\"vc_single_image-img attachment-full\" alt=\"\" title=\"escape_game_4\" srcset=\"https:\/\/dev.millebuis.fr\/wp-content\/uploads\/2021\/09\/escape_game_4.jpg 800w, https:\/\/dev.millebuis.fr\/wp-content\/uploads\/2021\/09\/escape_game_4-300x300.jpg 300w, https:\/\/dev.millebuis.fr\/wp-content\/uploads\/2021\/09\/escape_game_4-150x150.jpg 150w, https:\/\/dev.millebuis.fr\/wp-content\/uploads\/2021\/09\/escape_game_4-768x768.jpg 768w, https:\/\/dev.millebuis.fr\/wp-content\/uploads\/2021\/09\/escape_game_4-12x12.jpg 12w\" sizes=\"auto, (max-width: 800px) 100vw, 800px\" \/><\/div>\n\t\t<\/figure>\n\t<\/div>\n<\/div><\/div><\/div><div class=\"wpb_column vc_column_container vc_col-sm-12\"><div class=\"vc_column-inner\"><div class=\"wpb_wrapper\"><div class=\"vc_empty_space\"   style=\"height: 32px\"><span class=\"vc_empty_space_inner\"><\/span><\/div><\/div><\/div><\/div><\/div>\n<\/div>","protected":false},"excerpt":{"rendered":"LES ENQU\u00caTES DE CHARDONNETTE LES MERCREDIS DES VACANCES SCOLAIRES Arriverez-vous \u00e0 rompre le sort de la [...]","protected":false},"author":1,"featured_media":0,"parent":0,"menu_order":0,"comment_status":"closed","ping_status":"closed","template":"","meta":{"footnotes":""},"class_list":["post-1734","page","type-page","status-publish","hentry"],"yoast_head":"<!-- This site is optimized with the Yoast SEO plugin v26.2 - https:\/\/yoast.com\/wordpress\/plugins\/seo\/ -->\n<title>Les enqu\u00eates de Chardonnette - Millebuis<\/title>\n<meta name=\"description\" content=\"Les enqu\u00eates de Chardonnette - Millebuis\" \/>\n<meta name=\"robots\" content=\"index, follow, max-snippet:-1, max-image-preview:large, max-video-preview:-1\" \/>\n<link rel=\"canonical\" href=\"https:\/\/dev.millebuis.fr\/en\/les-enquetes-de-chardonnette\/\" \/>\n<meta property=\"og:locale\" content=\"en_GB\" \/>\n<meta property=\"og:type\" content=\"article\" \/>\n<meta property=\"og:title\" content=\"Les enqu\u00eates de Chardonnette - Millebuis\" \/>\n<meta property=\"og:description\" content=\"Les enqu\u00eates de Chardonnette - Millebuis\" \/>\n<meta property=\"og:url\" content=\"https:\/\/dev.millebuis.fr\/en\/les-enquetes-de-chardonnette\/\" \/>\n<meta property=\"og:site_name\" content=\"Millebuis\" \/>\n<meta property=\"article:modified_time\" content=\"2024-08-29T07:28:31+00:00\" \/>\n<meta name=\"twitter:card\" content=\"summary_large_image\" \/>\n<meta name=\"twitter:label1\" content=\"Estimated reading time\" \/>\n\t<meta name=\"twitter:data1\" content=\"1 minute\" \/>\n<!-- \/ Yoast SEO plugin. -->","yoast_head_json":{"title":"Les enqu\u00eates de Chardonnette - Millebuis","description":"Les enqu\u00eates de Chardonnette - Millebuis","robots":{"index":"index","follow":"follow","max-snippet":"max-snippet:-1","max-image-preview":"max-image-preview:large","max-video-preview":"max-video-preview:-1"},"canonical":"https:\/\/dev.millebuis.fr\/en\/les-enquetes-de-chardonnette\/","og_locale":"en_GB","og_type":"article","og_title":"Les enqu\u00eates de Chardonnette - Millebuis","og_description":"Les enqu\u00eates de Chardonnette - Millebuis","og_url":"https:\/\/dev.millebuis.fr\/en\/les-enquetes-de-chardonnette\/","og_site_name":"Millebuis","article_modified_time":"2024-08-29T07:28:31+00:00","twitter_card":"summary_large_image","twitter_misc":{"Estimated reading time":"1 minute"},"schema":{"@context":"https:\/\/schema.org","@graph":[{"@type":"WebPage","@id":"https:\/\/dev.millebuis.fr\/les-enquetes-de-chardonnette\/","url":"https:\/\/dev.millebuis.fr\/les-enquetes-de-chardonnette\/","name":"Les enqu\u00eates de Chardonnette - Millebuis","isPartOf":{"@id":"https:\/\/dev.millebuis.fr\/#website"},"datePublished":"2021-08-27T15:02:32+00:00","dateModified":"2024-08-29T07:28:31+00:00","description":"Les enqu\u00eates de Chardonnette - Millebuis","breadcrumb":{"@id":"https:\/\/dev.millebuis.fr\/les-enquetes-de-chardonnette\/#breadcrumb"},"inLanguage":"en-GB","potentialAction":[{"@type":"ReadAction","target":["https:\/\/dev.millebuis.fr\/les-enquetes-de-chardonnette\/"]}]},{"@type":"BreadcrumbList","@id":"https:\/\/dev.millebuis.fr\/les-enquetes-de-chardonnette\/#breadcrumb","itemListElement":[{"@type":"ListItem","position":1,"name":"Accueil","item":"https:\/\/dev.millebuis.fr\/"},{"@type":"ListItem","position":2,"name":"Les enqu\u00eates de Chardonnette"}]},{"@type":"WebSite","@id":"https:\/\/dev.millebuis.fr\/#website","url":"https:\/\/dev.millebuis.fr\/","name":"Millebuis","description":"Vins fins de la C\u00f4te Chalonnaise","inLanguage":"en-GB"}]}},"_links":{"self":[{"href":"https:\/\/dev.millebuis.fr\/en\/wp-json\/wp\/v2\/pages\/1734","targetHints":{"allow":["GET"]}}],"collection":[{"href":"https:\/\/dev.millebuis.fr\/en\/wp-json\/wp\/v2\/pages"}],"about":[{"href":"https:\/\/dev.millebuis.fr\/en\/wp-json\/wp\/v2\/types\/page"}],"author":[{"embeddable":true,"href":"https:\/\/dev.millebuis.fr\/en\/wp-json\/wp\/v2\/users\/1"}],"replies":[{"embeddable":true,"href":"https:\/\/dev.millebuis.fr\/en\/wp-json\/wp\/v2\/comments?post=1734"}],"version-history":[{"count":28,"href":"https:\/\/dev.millebuis.fr\/en\/wp-json\/wp\/v2\/pages\/1734\/revisions"}],"predecessor-version":[{"id":2223,"href":"https:\/\/dev.millebuis.fr\/en\/wp-json\/wp\/v2\/pages\/1734\/revisions\/2223"}],"wp:attachment":[{"href":"https:\/\/dev.millebuis.fr\/en\/wp-json\/wp\/v2\/media?parent=1734"}],"curies":[{"name":"wp","href":"https:\/\/api.w.org\/{rel}","templated":true}]}}