{"id":1059,"date":"2021-05-16T12:15:32","date_gmt":"2021-05-16T10:15:32","guid":{"rendered":"https:\/\/dev.millebuis.fr\/?page_id=1059"},"modified":"2024-07-18T14:41:07","modified_gmt":"2024-07-18T12:41:07","slug":"application-mobile","status":"publish","type":"page","link":"https:\/\/dev.millebuis.fr\/en\/oenotourisme\/application-mobile\/","title":{"rendered":"The Millebuis app"},"content":{"rendered":"<div class=\"wpb-content-wrapper\"><div class=\"vc_row wpb_row vc_row-fluid vc_row-o-equal-height vc_row-o-content-middle vc_row-flex\"><div class=\"wpb_column vc_column_container vc_col-sm-3\"><div class=\"vc_column-inner\"><div class=\"wpb_wrapper\">\n\t<div  class=\"wpb_single_image wpb_content_element vc_align_left wpb_content_element\">\n\t\t\n\t\t<figure class=\"wpb_wrapper vc_figure\">\n\t\t\t<div class=\"vc_single_image-wrapper   vc_box_border_grey\"><img loading=\"lazy\" decoding=\"async\" width=\"800\" height=\"1602\" src=\"https:\/\/dev.millebuis.fr\/wp-content\/uploads\/2021\/05\/application_millebuis_screen.png\" class=\"vc_single_image-img attachment-full\" alt=\"\" title=\"application_millebuis_screen\" srcset=\"https:\/\/dev.millebuis.fr\/wp-content\/uploads\/2021\/05\/application_millebuis_screen.png 800w, https:\/\/dev.millebuis.fr\/wp-content\/uploads\/2021\/05\/application_millebuis_screen-150x300.png 150w, https:\/\/dev.millebuis.fr\/wp-content\/uploads\/2021\/05\/application_millebuis_screen-511x1024.png 511w, https:\/\/dev.millebuis.fr\/wp-content\/uploads\/2021\/05\/application_millebuis_screen-768x1538.png 768w, https:\/\/dev.millebuis.fr\/wp-content\/uploads\/2021\/05\/application_millebuis_screen-767x1536.png 767w\" sizes=\"auto, (max-width: 800px) 100vw, 800px\" \/><\/div>\n\t\t<\/figure>\n\t<\/div>\n<\/div><\/div><\/div><div class=\"wpb_column vc_column_container vc_col-sm-9\"><div class=\"vc_column-inner\"><div class=\"wpb_wrapper\"><h1 style=\"text-align: center\" class=\"vc_custom_heading vc_do_custom_heading\" >The Millebuis app<\/h1><div class=\"vc_row wpb_row vc_inner vc_row-fluid\"><div class=\"wpb_column vc_column_container vc_col-sm-3\"><div class=\"vc_column-inner\"><div class=\"wpb_wrapper\"><\/div><\/div><\/div><div class=\"wpb_column vc_column_container vc_col-sm-6\"><div class=\"vc_column-inner\"><div class=\"wpb_wrapper\">\n\t<div class=\"wpb_text_column wpb_content_element appli-intro\" >\n\t\t<div class=\"wpb_wrapper\">\n\t\t\t<blockquote>\n<p style=\"text-align: center;\">Welcome to our home on the C\u00f4te Chalonnaise in Bourgogne!<br \/>\nA walk or bike ride through the vineyards?<br \/>\nA gourmet restaurant?<br \/>\nA magical place to visit?<br \/>\nSomething fun?<\/p>\n<\/blockquote>\n\n\t\t<\/div>\n\t<\/div>\n\n\t<div class=\"wpb_text_column wpb_content_element\" >\n\t\t<div class=\"wpb_wrapper\">\n\t\t\t<p style=\"text-align: center;\">Take a look at our app for an immersive and memorable experience. You\u2019ll explore the world of Millebuis, including our vineyards and wine cellars!<\/p>\n\n\t\t<\/div>\n\t<\/div>\n<\/div><\/div><\/div><div class=\"wpb_column vc_column_container vc_col-sm-3\"><div class=\"vc_column-inner\"><div class=\"wpb_wrapper\"><\/div><\/div><\/div><\/div>\n\t<div class=\"wpb_text_column wpb_content_element\" >\n\t\t<div class=\"wpb_wrapper\">\n\t\t\t<p><span style=\"font-size: 20px; display: block; text-align: center; padding-bottom: 5px; font-family: 'Montserrat',sans-serif;\"><br \/>\nFind us on our app<br \/>\n<\/span><\/p>\n<div style=\"text-align: center !important;\"><a style=\"margin-right: 15px;\" href=\"https:\/\/play.google.com\/store\/apps\/details?id=org.millebuis.app\" target=\"_blank\" rel=\"noopener\"><img decoding=\"async\" style=\"height: 50px;\" src=\"https:\/\/boutidev.millebuis.fr\/wp-content\/uploads\/sites\/2\/2021\/04\/googPlay_fr.svg\" \/><\/a><a style=\"margin-left: 15px;\" href=\"https:\/\/apps.apple.com\/fr\/app\/millebuis\/id1493916268\" target=\"_blank\" rel=\"noopener\"> <img decoding=\"async\" src=\"https:\/\/boutidev.millebuis.fr\/wp-content\/uploads\/sites\/2\/2021\/04\/appstore_fr.svg\" height=\"50\" \/><\/a><\/div>\n\n\t\t<\/div>\n\t<\/div>\n<\/div><\/div><\/div><\/div><div class=\"vc_row wpb_row vc_row-fluid\"><div class=\"wpb_column vc_column_container vc_col-sm-12\"><div class=\"vc_column-inner vc_custom_1721288600657\"><div class=\"wpb_wrapper\"><h2 style=\"text-align: center;font-family:Abril Fatface;font-weight:400;font-style:normal\" class=\"vc_custom_heading vc_do_custom_heading\" >Abonnez-vous \u00e0 notre newsletter !<\/h2>\n\t<div class=\"wpb_text_column wpb_content_element\" >\n\t\t<div class=\"wpb_wrapper\">\n\t\t\t<p style=\"text-align: center;\">Une fois par mois, des bons plans, des recettes, des \u00e9v\u00e9nements\u2026<\/p>\n\n\t\t<\/div>\n\t<\/div>\n<div class=\"vc_row wpb_row vc_inner vc_row-fluid vc_custom_1713192213044\"><div class=\"wpb_column vc_column_container vc_col-sm-4\"><div class=\"vc_column-inner\"><div class=\"wpb_wrapper\"><\/div><\/div><\/div><div class=\"wpb_column vc_column_container vc_col-sm-4\"><div class=\"vc_column-inner\"><div class=\"wpb_wrapper\">\n\t<div class=\"wpb_text_column wpb_content_element\" >\n\t\t<div class=\"wpb_wrapper\">\n\t\t\t<p style=\"text-align: center;\">\n\t\t\t<form id=\"sib_signup_form_1\" method=\"post\" class=\"sib_signup_form\" action=\"\">\n\t\t\t\t<div class=\"sib_loader\" style=\"display:none;\"><img\n\t\t\t\t\t\t\tsrc=\"https:\/\/dev.millebuis.fr\/wp-includes\/images\/spinner.gif\" alt=\"loader\"><\/div>\n\t\t\t\t<input type=\"hidden\" name=\"sib_form_action\" value=\"subscribe_form_submit\">\n\t\t\t\t<input type=\"hidden\" name=\"sib_form_id\" value=\"1\">\n                <input type=\"hidden\" name=\"sib_form_alert_notice\" value=\"Remplissez ce champ s\u2019il vous pla\u00eet\">\n                <input type=\"hidden\" name=\"sib_form_invalid_email_notice\" value=\"Cette adresse email n&#039;est pas valide\">\n                <input type=\"hidden\" name=\"sib_security\" value=\"d56c80d914\">\n\t\t\t\t<div class=\"sib_signup_box_inside_1\">\n\t\t\t\t\t<div style=\"\/*display:none*\/\" class=\"sib_msg_disp\">\n\t\t\t\t\t<\/div>\n                    \t\t\t\t\t<div class=\"input-group mt-2 mb-5\">\r\n    <input type=\"email\" class=\"form-control sib-email-area\" placeholder=\"Email\" name=\"email\" required=\"required\"><div class=\"input-group-append\"> <input type=\"submit\" class=\"btn btn-primary sib-default-btn\" value=\"OK\"><\/div><\/div>\t\t\t\t<\/div>\n\t\t\t<input type=\"hidden\" name=\"trp-form-language\" value=\"en\"\/><\/form>\n\t\t\t<style>\n\t\t\t\tform#sib_signup_form_1 p.sib-alert-message {\n    padding: 6px 12px;\n    margin-bottom: 20px;\n    border: 1px solid transparent;\n    border-radius: 4px;\n    -webkit-box-sizing: border-box;\n    -moz-box-sizing: border-box;\n    box-sizing: border-box;\n}\nform#sib_signup_form_1 p.sib-alert-message-error {\n    background-color: #f2dede;\n    border-color: #ebccd1;\n    color: #a94442;\n}\nform#sib_signup_form_1 p.sib-alert-message-success {\n    background-color: #dff0d8;\n    border-color: #d6e9c6;\n    color: #3c763d;\n}\nform#sib_signup_form_1 p.sib-alert-message-warning {\n    background-color: #fcf8e3;\n    border-color: #faebcc;\n    color: #8a6d3b;\n}\n\t\t\t<\/style>\n\t\t\t<\/p>\n\n\t\t<\/div>\n\t<\/div>\n<\/div><\/div><\/div><div class=\"wpb_column vc_column_container vc_col-sm-4\"><div class=\"vc_column-inner\"><div class=\"wpb_wrapper\"><\/div><\/div><\/div><\/div><\/div><\/div><\/div><\/div>\n<\/div>","protected":false},"excerpt":{"rendered":"L'appli Millebuis Bienvenue en C\u00f4te Chalonnaise, en Bourgogne ! Une balade \u00e0 pied ou \u00e0 v\u00e9lo [...]","protected":false},"author":1,"featured_media":0,"parent":1076,"menu_order":0,"comment_status":"closed","ping_status":"closed","template":"","meta":{"footnotes":""},"class_list":["post-1059","page","type-page","status-publish","hentry"],"yoast_head":"<!-- This site is optimized with the Yoast SEO plugin v26.2 - https:\/\/yoast.com\/wordpress\/plugins\/seo\/ -->\n<title>Application mobile - Millebuis<\/title>\n<meta name=\"description\" content=\"Application mobile - Millebuis\" \/>\n<meta name=\"robots\" content=\"index, follow, max-snippet:-1, max-image-preview:large, max-video-preview:-1\" \/>\n<link rel=\"canonical\" href=\"https:\/\/dev.millebuis.fr\/en\/oenotourisme\/application-mobile\/\" \/>\n<meta property=\"og:locale\" content=\"en_GB\" \/>\n<meta property=\"og:type\" content=\"article\" \/>\n<meta property=\"og:title\" content=\"Application mobile - Millebuis\" \/>\n<meta property=\"og:description\" content=\"Application mobile - Millebuis\" \/>\n<meta property=\"og:url\" content=\"https:\/\/dev.millebuis.fr\/en\/oenotourisme\/application-mobile\/\" \/>\n<meta property=\"og:site_name\" content=\"Millebuis\" \/>\n<meta property=\"article:modified_time\" content=\"2024-07-18T12:41:07+00:00\" \/>\n<meta property=\"og:image\" content=\"https:\/\/boutidev.millebuis.fr\/wp-content\/uploads\/sites\/2\/2021\/04\/googPlay_fr.svg\" \/>\n<meta name=\"twitter:card\" content=\"summary_large_image\" \/>\n<meta name=\"twitter:label1\" content=\"Estimated reading time\" \/>\n\t<meta name=\"twitter:data1\" content=\"1 minute\" \/>\n<!-- \/ Yoast SEO plugin. -->","yoast_head_json":{"title":"Application mobile - Millebuis","description":"Application mobile - Millebuis","robots":{"index":"index","follow":"follow","max-snippet":"max-snippet:-1","max-image-preview":"max-image-preview:large","max-video-preview":"max-video-preview:-1"},"canonical":"https:\/\/dev.millebuis.fr\/en\/oenotourisme\/application-mobile\/","og_locale":"en_GB","og_type":"article","og_title":"Application mobile - Millebuis","og_description":"Application mobile - Millebuis","og_url":"https:\/\/dev.millebuis.fr\/en\/oenotourisme\/application-mobile\/","og_site_name":"Millebuis","article_modified_time":"2024-07-18T12:41:07+00:00","og_image":[{"url":"https:\/\/boutidev.millebuis.fr\/wp-content\/uploads\/sites\/2\/2021\/04\/googPlay_fr.svg","type":"","width":"","height":""}],"twitter_card":"summary_large_image","twitter_misc":{"Estimated reading time":"1 minute"},"schema":{"@context":"https:\/\/schema.org","@graph":[{"@type":"WebPage","@id":"https:\/\/dev.millebuis.fr\/oenotourisme\/application-mobile\/","url":"https:\/\/dev.millebuis.fr\/oenotourisme\/application-mobile\/","name":"Application mobile - Millebuis","isPartOf":{"@id":"https:\/\/dev.millebuis.fr\/#website"},"primaryImageOfPage":{"@id":"https:\/\/dev.millebuis.fr\/oenotourisme\/application-mobile\/#primaryimage"},"image":{"@id":"https:\/\/dev.millebuis.fr\/oenotourisme\/application-mobile\/#primaryimage"},"thumbnailUrl":"https:\/\/boutidev.millebuis.fr\/wp-content\/uploads\/sites\/2\/2021\/04\/googPlay_fr.svg","datePublished":"2021-05-16T10:15:32+00:00","dateModified":"2024-07-18T12:41:07+00:00","description":"Application mobile - Millebuis","breadcrumb":{"@id":"https:\/\/dev.millebuis.fr\/oenotourisme\/application-mobile\/#breadcrumb"},"inLanguage":"en-GB","potentialAction":[{"@type":"ReadAction","target":["https:\/\/dev.millebuis.fr\/oenotourisme\/application-mobile\/"]}]},{"@type":"ImageObject","inLanguage":"en-GB","@id":"https:\/\/dev.millebuis.fr\/oenotourisme\/application-mobile\/#primaryimage","url":"https:\/\/boutidev.millebuis.fr\/wp-content\/uploads\/sites\/2\/2021\/04\/googPlay_fr.svg","contentUrl":"https:\/\/boutidev.millebuis.fr\/wp-content\/uploads\/sites\/2\/2021\/04\/googPlay_fr.svg"},{"@type":"BreadcrumbList","@id":"https:\/\/dev.millebuis.fr\/oenotourisme\/application-mobile\/#breadcrumb","itemListElement":[{"@type":"ListItem","position":1,"name":"Accueil","item":"https:\/\/dev.millebuis.fr\/"},{"@type":"ListItem","position":2,"name":"\u0152notourisme","item":"https:\/\/dev.millebuis.fr\/oenotourisme\/"},{"@type":"ListItem","position":3,"name":"Application mobile"}]},{"@type":"WebSite","@id":"https:\/\/dev.millebuis.fr\/#website","url":"https:\/\/dev.millebuis.fr\/","name":"Millebuis","description":"Vins fins de la C\u00f4te Chalonnaise","inLanguage":"en-GB"}]}},"_links":{"self":[{"href":"https:\/\/dev.millebuis.fr\/en\/wp-json\/wp\/v2\/pages\/1059","targetHints":{"allow":["GET"]}}],"collection":[{"href":"https:\/\/dev.millebuis.fr\/en\/wp-json\/wp\/v2\/pages"}],"about":[{"href":"https:\/\/dev.millebuis.fr\/en\/wp-json\/wp\/v2\/types\/page"}],"author":[{"embeddable":true,"href":"https:\/\/dev.millebuis.fr\/en\/wp-json\/wp\/v2\/users\/1"}],"replies":[{"embeddable":true,"href":"https:\/\/dev.millebuis.fr\/en\/wp-json\/wp\/v2\/comments?post=1059"}],"version-history":[{"count":10,"href":"https:\/\/dev.millebuis.fr\/en\/wp-json\/wp\/v2\/pages\/1059\/revisions"}],"predecessor-version":[{"id":4050,"href":"https:\/\/dev.millebuis.fr\/en\/wp-json\/wp\/v2\/pages\/1059\/revisions\/4050"}],"up":[{"embeddable":true,"href":"https:\/\/dev.millebuis.fr\/en\/wp-json\/wp\/v2\/pages\/1076"}],"wp:attachment":[{"href":"https:\/\/dev.millebuis.fr\/en\/wp-json\/wp\/v2\/media?parent=1059"}],"curies":[{"name":"wp","href":"https:\/\/api.w.org\/{rel}","templated":true}]}}